{"id":73018,"date":"2025-05-09T01:18:58","date_gmt":"2025-05-09T01:18:58","guid":{"rendered":"https:\/\/onlinehardwareshop.de\/index.php\/produkt\/beurer-bm93-2\/"},"modified":"2025-05-14T02:24:38","modified_gmt":"2025-05-14T02:24:38","slug":"beurer-bm93","status":"publish","type":"product","link":"https:\/\/onlinehardwareshop.de\/index.php\/produkt\/beurer-bm93\/","title":{"rendered":"Beurer BM93"},"content":{"rendered":"<p>Das Beurer BM93 ist ein Blutdruckmessger\u00e4t und Herzfrequenzmessger\u00e4t in einem. Lege deine Finger auf die eingebauten EKG-Elektroden, um eventuelle Herzrhythmusst\u00f6rungen zu erkennen und lege die Manschette um deinen Oberarm f\u00fcr eine Blutdruckmessung an. Du wirst benachrichtigt, wenn die Manschette nicht richtig sitzt, damit du immer einen zuverl\u00e4ssigen Messwert erh\u00e4ltst. Auf dem Bildschirm siehst du die Ergebnisse in Zahlen. Wenn deine Werte zu hoch sind, bekommst du eine Mitteilung. Auch deine Herzfrequenz wird w\u00e4hrend der Blutdruckmessung aufgezeichnet. All diese Ergebnisse werden via Bluetooth an die Beurer HealthManager App \u00fcbertragen, so dass du deine bisherigen Messungen auch sp\u00e4ter noch \u00fcberpr\u00fcfen kannst. Das BM93 hat Platz f\u00fcr 2 Speicherprofile mit 60 Speicherpl\u00e4tzen.<\/p>\n","protected":false},"excerpt":{"rendered":"<p>Das Beurer BM93 ist ein Blutdruckmessger\u00e4t und Herzfrequenzmessger\u00e4t in einem. Lege deine Finger auf die eingebauten EKG-Elektroden, um eventuelle Herzrhythmusst\u00f6rungen zu erkennen und lege die Manschette um deinen Oberarm f\u00fcr eine Blutdruckmessung an. Du wirst benachrichtigt, wenn die Manschette nicht richtig sitzt, damit du immer einen zuverl\u00e4ssigen Messwert erh\u00e4ltst. Auf dem Bildschirm siehst du die Ergebnisse in Zahlen. Wenn deine Werte zu hoch sind, bekommst du eine Mitteilung. Auch deine Herzfrequenz wird w\u00e4hrend der Blutdruckmessung aufgezeichnet. All diese Ergebnisse werden via Bluetooth an die Beurer HealthManager App \u00fcbertragen, so dass du deine bisherigen Messungen auch sp\u00e4ter noch \u00fcberpr\u00fcfen kannst. Das BM93 hat Platz f\u00fcr 2 Speicherprofile mit 60 Speicherpl\u00e4tzen.<\/p>\n","protected":false},"featured_media":0,"comment_status":"closed","ping_status":"open","template":"","meta":{"_acf_changed":false},"brand":[842],"product_brand":[],"product_cat":[838],"product_tag":[839],"class_list":{"0":"post-73018","1":"product","2":"type-product","3":"status-publish","5":"brand-beurer","6":"product_cat-blutdruckmessgerte","7":"product_tag-bovenarm-bloeddrukmeters","8":"pa_condition-new","9":"pa_coolblue-de-verzending-morgen-gratis-geliefert","10":"pa_ean-5969","11":"pa_mpn-5970","13":"first","14":"instock","15":"product-type-external"},"acf":[],"_links":{"self":[{"href":"https:\/\/onlinehardwareshop.de\/index.php\/wp-json\/wp\/v2\/product\/73018","targetHints":{"allow":["GET"]}}],"collection":[{"href":"https:\/\/onlinehardwareshop.de\/index.php\/wp-json\/wp\/v2\/product"}],"about":[{"href":"https:\/\/onlinehardwareshop.de\/index.php\/wp-json\/wp\/v2\/types\/product"}],"replies":[{"embeddable":true,"href":"https:\/\/onlinehardwareshop.de\/index.php\/wp-json\/wp\/v2\/comments?post=73018"}],"wp:attachment":[{"href":"https:\/\/onlinehardwareshop.de\/index.php\/wp-json\/wp\/v2\/media?parent=73018"}],"wp:term":[{"taxonomy":"brand","embeddable":true,"href":"https:\/\/onlinehardwareshop.de\/index.php\/wp-json\/wp\/v2\/brand?post=73018"},{"taxonomy":"product_brand","embeddable":true,"href":"https:\/\/onlinehardwareshop.de\/index.php\/wp-json\/wp\/v2\/product_brand?post=73018"},{"taxonomy":"product_cat","embeddable":true,"href":"https:\/\/onlinehardwareshop.de\/index.php\/wp-json\/wp\/v2\/product_cat?post=73018"},{"taxonomy":"product_tag","embeddable":true,"href":"https:\/\/onlinehardwareshop.de\/index.php\/wp-json\/wp\/v2\/product_tag?post=73018"}],"curies":[{"name":"wp","href":"https:\/\/api.w.org\/{rel}","templated":true}]}}