{"id":73013,"date":"2025-03-23T22:21:16","date_gmt":"2025-03-23T22:21:16","guid":{"rendered":"https:\/\/onlinehardwareshop.de\/index.php\/produkt\/samsung-870-qvo-8tb-2\/"},"modified":"2025-05-14T02:24:14","modified_gmt":"2025-05-14T02:24:14","slug":"samsung-870-qvo-8tb","status":"publish","type":"product","link":"https:\/\/onlinehardwareshop.de\/index.php\/produkt\/samsung-870-qvo-8tb\/","title":{"rendered":"Samsung 870 QVO 8&#xA0;TB"},"content":{"rendered":"<p>Hinweis: Diese 2,5-Zoll-SSD hat eine SATA-Schnittstelle und funktioniert nur, wenn dein System SATA unterst\u00fctzt. \u00dcberpr\u00fcfe dies in deiner Laptop- oder Motherboard-Gebrauchsanleitung. Starte deinen Computer und alle Anwendungen mit dem Samsung 870 QVO, 8\u00a0TB blitzschnell. Diese 2,5-Zoll-SSD eignet sich f\u00fcr Laptops, PCs und NAS-Systeme mit einem 2,5-Zoll-Anschluss. Die QVO 870 bietet eine Lesegeschwindigkeit von 560 und eine Schreibgeschwindigkeit von 530\u00a0Megabyte pro Sekunde. Das hei\u00dft, dass sie 10\u00a0Megabyte pro Sekunde schneller ist als ihre Vorg\u00e4ngerin, die Samsung QVO 860. Installiere dein Betriebssystem auf der SSD, damit du deinen Laptop oder PC innerhalb von wenigen Sekunden starten kannst. Zudem k\u00f6nnen Anwendungen schnell ge\u00f6ffnet und Fotos, Filme sowie Dokumente schnell auf eine andere Festplatte \u00fcbertragen werden. Die QVO hat einen 1 Gigabyte gro\u00dfen Cache, sodass du h\u00e4ufig verwendete Dateien noch schneller \u00f6ffnen kannst. Diese SSD ist zudem wesentlich zuverl\u00e4ssiger und energieeffizienter als eine Festplatte. Diese SSD ist au\u00dferdem wesentlich zuverl\u00e4ssiger und energieeffizienter als eine Festplatte.<\/p>\n","protected":false},"excerpt":{"rendered":"<p>Hinweis: Diese 2,5-Zoll-SSD hat eine SATA-Schnittstelle und funktioniert nur, wenn dein System SATA unterst\u00fctzt. \u00dcberpr\u00fcfe dies in deiner Laptop- oder Motherboard-Gebrauchsanleitung. Starte deinen Computer und alle Anwendungen mit dem Samsung 870 QVO, 8\u00a0TB blitzschnell. Diese 2,5-Zoll-SSD eignet sich f\u00fcr Laptops, PCs und NAS-Systeme mit einem 2,5-Zoll-Anschluss. Die QVO 870 bietet eine Lesegeschwindigkeit von 560 und eine Schreibgeschwindigkeit von 530\u00a0Megabyte pro Sekunde. Das hei\u00dft, dass sie 10\u00a0Megabyte pro Sekunde schneller ist als ihre Vorg\u00e4ngerin, die Samsung QVO 860. Installiere dein Betriebssystem auf der SSD, damit du deinen Laptop oder PC innerhalb von wenigen Sekunden starten kannst. Zudem k\u00f6nnen Anwendungen schnell ge\u00f6ffnet und Fotos, Filme sowie Dokumente schnell auf eine andere Festplatte \u00fcbertragen werden. Die QVO hat einen 1 Gigabyte gro\u00dfen Cache, sodass du h\u00e4ufig verwendete Dateien noch schneller \u00f6ffnen kannst. Diese SSD ist zudem wesentlich zuverl\u00e4ssiger und energieeffizienter als eine Festplatte. Diese SSD ist au\u00dferdem wesentlich zuverl\u00e4ssiger und energieeffizienter als eine Festplatte.<\/p>\n","protected":false},"featured_media":0,"comment_status":"closed","ping_status":"open","template":"","meta":{"_acf_changed":false},"brand":[1165],"product_brand":[],"product_cat":[2957],"product_tag":[2958],"class_list":{"0":"post-73013","1":"product","2":"type-product","3":"status-publish","5":"brand-samsung","6":"product_cat-solid-state-drives-ssd","7":"product_tag-25-inch-ssd","8":"pa_condition-new","9":"pa_coolblue-de-verzending-morgen-gratis-geliefert","10":"pa_ean-5955","11":"pa_mpn-mz-77q8t0bw","13":"first","14":"instock","15":"product-type-external"},"acf":[],"_links":{"self":[{"href":"https:\/\/onlinehardwareshop.de\/index.php\/wp-json\/wp\/v2\/product\/73013","targetHints":{"allow":["GET"]}}],"collection":[{"href":"https:\/\/onlinehardwareshop.de\/index.php\/wp-json\/wp\/v2\/product"}],"about":[{"href":"https:\/\/onlinehardwareshop.de\/index.php\/wp-json\/wp\/v2\/types\/product"}],"replies":[{"embeddable":true,"href":"https:\/\/onlinehardwareshop.de\/index.php\/wp-json\/wp\/v2\/comments?post=73013"}],"wp:attachment":[{"href":"https:\/\/onlinehardwareshop.de\/index.php\/wp-json\/wp\/v2\/media?parent=73013"}],"wp:term":[{"taxonomy":"brand","embeddable":true,"href":"https:\/\/onlinehardwareshop.de\/index.php\/wp-json\/wp\/v2\/brand?post=73013"},{"taxonomy":"product_brand","embeddable":true,"href":"https:\/\/onlinehardwareshop.de\/index.php\/wp-json\/wp\/v2\/product_brand?post=73013"},{"taxonomy":"product_cat","embeddable":true,"href":"https:\/\/onlinehardwareshop.de\/index.php\/wp-json\/wp\/v2\/product_cat?post=73013"},{"taxonomy":"product_tag","embeddable":true,"href":"https:\/\/onlinehardwareshop.de\/index.php\/wp-json\/wp\/v2\/product_tag?post=73013"}],"curies":[{"name":"wp","href":"https:\/\/api.w.org\/{rel}","templated":true}]}}