{"id":73004,"date":"2024-04-26T04:57:11","date_gmt":"2024-04-26T04:57:11","guid":{"rendered":"https:\/\/onlinehardwareshop.de\/index.php\/produkt\/weber-bar-b-kettle-47cm-schwarz-starterset-2\/"},"modified":"2025-05-14T02:23:13","modified_gmt":"2025-05-14T02:23:13","slug":"weber-bar-b-kettle-47cm-schwarz-starterset","status":"publish","type":"product","link":"https:\/\/onlinehardwareshop.de\/index.php\/produkt\/weber-bar-b-kettle-47cm-schwarz-starterset\/","title":{"rendered":"Weber Bar-B Kettle 47&#xA0;cm Schwarz Starterset"},"content":{"rendered":"<p>Mit dem Weber Bar-B Kettle 47 \u00a0cm Schwarz Starterset sch\u00fctzt du deinen Grill und legst sofort los. Verwende das Anz\u00fcndkamin-Set und deine Kohlen sind innerhalb von nur 30 Minuten hei\u00df. So bereitest du schnell Essen f\u00fcr bis zu acht Personen gleichzeitig zu. Du grillst sowohl direkt als auch indirekt und bereitest so verschiedene Gerichte zu. Mit dem L\u00fcftungs\u00f6ffnungen regulierst du ganz einfach die Temperatur. Dank des One-Touch-Systems reinigst du deinen Grill m\u00fchelos. Mit diesem System f\u00e4llt die Asche auf Knopfdruck in den Auffangbeh\u00e4lter. Die mitgelieferte Abdeckung h\u00e4lt deinen Grill sauber und kratzerfrei. Au\u00dferdem sch\u00fctzt die Abdeckung den Grill vor Regen, Wind und Sonnenlicht.<\/p>\n","protected":false},"excerpt":{"rendered":"<p>Mit dem Weber Bar-B Kettle 47 \u00a0cm Schwarz Starterset sch\u00fctzt du deinen Grill und legst sofort los. Verwende das Anz\u00fcndkamin-Set und deine Kohlen sind innerhalb von nur 30 Minuten hei\u00df. So bereitest du schnell Essen f\u00fcr bis zu acht Personen gleichzeitig zu. Du grillst sowohl direkt als auch indirekt und bereitest so verschiedene Gerichte zu. Mit dem L\u00fcftungs\u00f6ffnungen regulierst du ganz einfach die Temperatur. Dank des One-Touch-Systems reinigst du deinen Grill m\u00fchelos. Mit diesem System f\u00e4llt die Asche auf Knopfdruck in den Auffangbeh\u00e4lter. Die mitgelieferte Abdeckung h\u00e4lt deinen Grill sauber und kratzerfrei. Au\u00dferdem sch\u00fctzt die Abdeckung den Grill vor Regen, Wind und Sonnenlicht.<\/p>\n","protected":false},"featured_media":0,"comment_status":"closed","ping_status":"open","template":"","meta":{"_acf_changed":false},"brand":[698],"product_brand":[],"product_cat":[699],"product_tag":[700],"class_list":{"0":"post-73004","1":"product","2":"type-product","3":"status-publish","5":"brand-weber","6":"product_cat-grills","7":"product_tag-houtskool-barbecues","8":"pa_condition-new","9":"pa_coolblue-de-verzending-morgen-gratis-geliefert","10":"pa_ean-29742","12":"first","13":"instock","14":"product-type-external"},"acf":[],"_links":{"self":[{"href":"https:\/\/onlinehardwareshop.de\/index.php\/wp-json\/wp\/v2\/product\/73004","targetHints":{"allow":["GET"]}}],"collection":[{"href":"https:\/\/onlinehardwareshop.de\/index.php\/wp-json\/wp\/v2\/product"}],"about":[{"href":"https:\/\/onlinehardwareshop.de\/index.php\/wp-json\/wp\/v2\/types\/product"}],"replies":[{"embeddable":true,"href":"https:\/\/onlinehardwareshop.de\/index.php\/wp-json\/wp\/v2\/comments?post=73004"}],"wp:attachment":[{"href":"https:\/\/onlinehardwareshop.de\/index.php\/wp-json\/wp\/v2\/media?parent=73004"}],"wp:term":[{"taxonomy":"brand","embeddable":true,"href":"https:\/\/onlinehardwareshop.de\/index.php\/wp-json\/wp\/v2\/brand?post=73004"},{"taxonomy":"product_brand","embeddable":true,"href":"https:\/\/onlinehardwareshop.de\/index.php\/wp-json\/wp\/v2\/product_brand?post=73004"},{"taxonomy":"product_cat","embeddable":true,"href":"https:\/\/onlinehardwareshop.de\/index.php\/wp-json\/wp\/v2\/product_cat?post=73004"},{"taxonomy":"product_tag","embeddable":true,"href":"https:\/\/onlinehardwareshop.de\/index.php\/wp-json\/wp\/v2\/product_tag?post=73004"}],"curies":[{"name":"wp","href":"https:\/\/api.w.org\/{rel}","templated":true}]}}