{"id":73002,"date":"2025-01-17T19:18:26","date_gmt":"2025-01-17T19:18:26","guid":{"rendered":"https:\/\/onlinehardwareshop.de\/index.php\/produkt\/bratpfannenset-demeyere-alu-comfort-3-duraslide-24-28-cm-2\/"},"modified":"2025-05-14T02:23:04","modified_gmt":"2025-05-14T02:23:04","slug":"bratpfannenset-demeyere-alu-comfort-3-duraslide-24-28-cm","status":"publish","type":"product","link":"https:\/\/onlinehardwareshop.de\/index.php\/produkt\/bratpfannenset-demeyere-alu-comfort-3-duraslide-24-28-cm\/","title":{"rendered":"Bratpfannenset Demeyere Alu Comfort 3 Duraslide 24 + 28 cm"},"content":{"rendered":"<p>Mit dem Demeyere Alu Comfort 3 Duraslide Bratpfannenset 24 + 28 cm kaufst du zwei Bratpfannen. Damit br\u00e4tst du gleichzeitig ein St\u00fcck Fleisch, w\u00e4hrend du in der anderen Pfanne ein paar Kartoffelscheiben br\u00e4tst. Beide Pfannen haben einen dicken Aluminiumboden, damit sich die Pfanne schnell erw\u00e4rmt und die W\u00e4rme gut leitet. Der Boden besteht aus einer Antihaftbeschichtung. Darum braten die Steaks nicht an. Es ist daher wichtig, nur Kochger\u00e4te aus Plastik und Holz zu verwenden. Die Verwendung von Metall kann die Antihaftbeschichtung besch\u00e4digen. Die Pfannen eignen sich f\u00fcr alle W\u00e4rmequellen. Die Pfannen k\u00f6nnen nach Gebrauch in den Geschirrsp\u00fcler gestellt werden. Manuelles Geschirrsp\u00fclen ist f\u00fcr eine l\u00e4ngere Nutzungsdauer viel besser.<\/p>\n","protected":false},"excerpt":{"rendered":"<p>Mit dem Demeyere Alu Comfort 3 Duraslide Bratpfannenset 24 + 28 cm kaufst du zwei Bratpfannen. Damit br\u00e4tst du gleichzeitig ein St\u00fcck Fleisch, w\u00e4hrend du in der anderen Pfanne ein paar Kartoffelscheiben br\u00e4tst. Beide Pfannen haben einen dicken Aluminiumboden, damit sich die Pfanne schnell erw\u00e4rmt und die W\u00e4rme gut leitet. Der Boden besteht aus einer Antihaftbeschichtung. Darum braten die Steaks nicht an. Es ist daher wichtig, nur Kochger\u00e4te aus Plastik und Holz zu verwenden. Die Verwendung von Metall kann die Antihaftbeschichtung besch\u00e4digen. Die Pfannen eignen sich f\u00fcr alle W\u00e4rmequellen. Die Pfannen k\u00f6nnen nach Gebrauch in den Geschirrsp\u00fcler gestellt werden. Manuelles Geschirrsp\u00fclen ist f\u00fcr eine l\u00e4ngere Nutzungsdauer viel besser.<\/p>\n","protected":false},"featured_media":0,"comment_status":"closed","ping_status":"open","template":"","meta":{"_acf_changed":false},"brand":[1791],"product_brand":[],"product_cat":[372],"product_tag":[1788],"class_list":{"0":"post-73002","1":"product","2":"type-product","3":"status-publish","5":"brand-demeyere","6":"product_cat-tpfe-und-pfannen","7":"product_tag-bakpannensets","8":"pa_condition-new","9":"pa_coolblue-de-verzending-morgen-gratis-geliefert","10":"pa_ean-5932","11":"pa_mpn-set23608","13":"first","14":"instock","15":"product-type-external"},"acf":[],"_links":{"self":[{"href":"https:\/\/onlinehardwareshop.de\/index.php\/wp-json\/wp\/v2\/product\/73002","targetHints":{"allow":["GET"]}}],"collection":[{"href":"https:\/\/onlinehardwareshop.de\/index.php\/wp-json\/wp\/v2\/product"}],"about":[{"href":"https:\/\/onlinehardwareshop.de\/index.php\/wp-json\/wp\/v2\/types\/product"}],"replies":[{"embeddable":true,"href":"https:\/\/onlinehardwareshop.de\/index.php\/wp-json\/wp\/v2\/comments?post=73002"}],"wp:attachment":[{"href":"https:\/\/onlinehardwareshop.de\/index.php\/wp-json\/wp\/v2\/media?parent=73002"}],"wp:term":[{"taxonomy":"brand","embeddable":true,"href":"https:\/\/onlinehardwareshop.de\/index.php\/wp-json\/wp\/v2\/brand?post=73002"},{"taxonomy":"product_brand","embeddable":true,"href":"https:\/\/onlinehardwareshop.de\/index.php\/wp-json\/wp\/v2\/product_brand?post=73002"},{"taxonomy":"product_cat","embeddable":true,"href":"https:\/\/onlinehardwareshop.de\/index.php\/wp-json\/wp\/v2\/product_cat?post=73002"},{"taxonomy":"product_tag","embeddable":true,"href":"https:\/\/onlinehardwareshop.de\/index.php\/wp-json\/wp\/v2\/product_tag?post=73002"}],"curies":[{"name":"wp","href":"https:\/\/api.w.org\/{rel}","templated":true}]}}