{"id":72987,"date":"2024-09-22T00:03:05","date_gmt":"2024-09-22T00:03:05","guid":{"rendered":"https:\/\/onlinehardwareshop.de\/index.php\/produkt\/bluebuilt-wschestnder-25-meter-mit-wschekorb-wscheklammern-und-wschenetz-2\/"},"modified":"2025-05-14T02:21:49","modified_gmt":"2025-05-14T02:21:49","slug":"bluebuilt-wschestnder-25-meter-mit-wschekorb-wscheklammern-und-wschenetz","status":"publish","type":"product","link":"https:\/\/onlinehardwareshop.de\/index.php\/produkt\/bluebuilt-wschestnder-25-meter-mit-wschekorb-wscheklammern-und-wschenetz\/","title":{"rendered":"BlueBuilt-W&#xE4;schest&#xE4;nder 25 Meter mit W&#xE4;schekorb, W&#xE4;scheklammern und W&#xE4;schenetz"},"content":{"rendered":"<p>Der BlueBuilt W\u00e4schest\u00e4nder mit W\u00e4schekorb, W\u00e4scheklammern und W\u00e4schenetz hat eine Gesamttrockenl\u00e4nge von 25\u00a0Metern und eignet sich f\u00fcr gut zwei Waschmaschinenladungen. Den W\u00e4schekorb kannst du m\u00fchelos am St\u00e4nder befestigen. So musst du dich nicht immer b\u00fccken, wenn du die W\u00e4sche aufh\u00e4ngst oder abnimmst. Deine Socken h\u00e4ngst du an dem blauen Sockenhalter am Ende auf. Hierdurch kannst du sicher sein, dass sie nicht herunterfallen. Die W\u00e4scheklammern fixieren deine sonstige W\u00e4sche beim Trocknen besonders gut. F\u00fcr empfindliche W\u00e4sche wie BHs verwendest du beim Waschen das W\u00e4schenetz. Hierdurch bleiben sie besser gesch\u00fctzt.<\/p>\n","protected":false},"excerpt":{"rendered":"<p>Der BlueBuilt W\u00e4schest\u00e4nder mit W\u00e4schekorb, W\u00e4scheklammern und W\u00e4schenetz hat eine Gesamttrockenl\u00e4nge von 25\u00a0Metern und eignet sich f\u00fcr gut zwei Waschmaschinenladungen. Den W\u00e4schekorb kannst du m\u00fchelos am St\u00e4nder befestigen. So musst du dich nicht immer b\u00fccken, wenn du die W\u00e4sche aufh\u00e4ngst oder abnimmst. Deine Socken h\u00e4ngst du an dem blauen Sockenhalter am Ende auf. Hierdurch kannst du sicher sein, dass sie nicht herunterfallen. Die W\u00e4scheklammern fixieren deine sonstige W\u00e4sche beim Trocknen besonders gut. F\u00fcr empfindliche W\u00e4sche wie BHs verwendest du beim Waschen das W\u00e4schenetz. Hierdurch bleiben sie besser gesch\u00fctzt.<\/p>\n","protected":false},"featured_media":0,"comment_status":"closed","ping_status":"open","template":"","meta":{"_acf_changed":false},"brand":[5893],"product_brand":[],"product_cat":[5894],"product_tag":[5895],"class_list":{"0":"post-72987","1":"product","2":"type-product","3":"status-publish","5":"brand-bluebuilt","6":"product_cat-wschestnder","7":"product_tag-droogrekken","8":"pa_condition-new","9":"pa_coolblue-de-verzending-morgen-gratis-geliefert","10":"pa_ean-5891","11":"pa_mpn-bbdr25","13":"first","14":"instock","15":"product-type-external"},"acf":[],"_links":{"self":[{"href":"https:\/\/onlinehardwareshop.de\/index.php\/wp-json\/wp\/v2\/product\/72987","targetHints":{"allow":["GET"]}}],"collection":[{"href":"https:\/\/onlinehardwareshop.de\/index.php\/wp-json\/wp\/v2\/product"}],"about":[{"href":"https:\/\/onlinehardwareshop.de\/index.php\/wp-json\/wp\/v2\/types\/product"}],"replies":[{"embeddable":true,"href":"https:\/\/onlinehardwareshop.de\/index.php\/wp-json\/wp\/v2\/comments?post=72987"}],"wp:attachment":[{"href":"https:\/\/onlinehardwareshop.de\/index.php\/wp-json\/wp\/v2\/media?parent=72987"}],"wp:term":[{"taxonomy":"brand","embeddable":true,"href":"https:\/\/onlinehardwareshop.de\/index.php\/wp-json\/wp\/v2\/brand?post=72987"},{"taxonomy":"product_brand","embeddable":true,"href":"https:\/\/onlinehardwareshop.de\/index.php\/wp-json\/wp\/v2\/product_brand?post=72987"},{"taxonomy":"product_cat","embeddable":true,"href":"https:\/\/onlinehardwareshop.de\/index.php\/wp-json\/wp\/v2\/product_cat?post=72987"},{"taxonomy":"product_tag","embeddable":true,"href":"https:\/\/onlinehardwareshop.de\/index.php\/wp-json\/wp\/v2\/product_tag?post=72987"}],"curies":[{"name":"wp","href":"https:\/\/api.w.org\/{rel}","templated":true}]}}