{"id":72982,"date":"2025-01-16T16:19:59","date_gmt":"2025-01-16T16:19:59","guid":{"rendered":"https:\/\/onlinehardwareshop.de\/index.php\/produkt\/jura-cool-control-1l-schwarz-eb-2\/"},"modified":"2025-05-14T02:21:29","modified_gmt":"2025-05-14T02:21:29","slug":"jura-cool-control-1l-schwarz-eb","status":"publish","type":"product","link":"https:\/\/onlinehardwareshop.de\/index.php\/produkt\/jura-cool-control-1l-schwarz-eb\/","title":{"rendered":"Jura Cool Control 1L Schwarz EB"},"content":{"rendered":"<p>Mit dem JURA Cool Control 1\u00a0L Schwarz EB sch\u00e4umst du milden und vollmundigen Milchschaum f\u00fcr deinen Cappuccino oder Latte macchiato auf. Der Milchbeh\u00e4lter k\u00fchlt die Milch auf bis zu 4 Grad Celsius herunter. Bei dieser Temperatur l\u00e4sst sich die Milch am besten aufsch\u00e4umen. Der Beh\u00e4lter h\u00e4lt die Milch konstant auf dieser Temperatur. So bleibt sie frisch, ohne dass du sie im K\u00fchlschrank aufbewahrst. Gie\u00dfe die Milch in den Edelstahl-Beh\u00e4lter und schlie\u00dfe ihn mit dem Deckel. Den Milchschlauch deiner JURA Maschine schlie\u00dft du einfach an diesen Beh\u00e4lter an. Nach Gebrauch stellst du Beh\u00e4lter und Deckel einfach mit in die Sp\u00fclmaschine.   Hinweis: Dieser Milchbeh\u00e4lter ist f\u00fcr JURA Espressovollautomaten mit Milchschlauch geeignet.<\/p>\n","protected":false},"excerpt":{"rendered":"<p>Mit dem JURA Cool Control 1\u00a0L Schwarz EB sch\u00e4umst du milden und vollmundigen Milchschaum f\u00fcr deinen Cappuccino oder Latte macchiato auf. Der Milchbeh\u00e4lter k\u00fchlt die Milch auf bis zu 4 Grad Celsius herunter. Bei dieser Temperatur l\u00e4sst sich die Milch am besten aufsch\u00e4umen. Der Beh\u00e4lter h\u00e4lt die Milch konstant auf dieser Temperatur. So bleibt sie frisch, ohne dass du sie im K\u00fchlschrank aufbewahrst. Gie\u00dfe die Milch in den Edelstahl-Beh\u00e4lter und schlie\u00dfe ihn mit dem Deckel. Den Milchschlauch deiner JURA Maschine schlie\u00dft du einfach an diesen Beh\u00e4lter an. Nach Gebrauch stellst du Beh\u00e4lter und Deckel einfach mit in die Sp\u00fclmaschine.   Hinweis: Dieser Milchbeh\u00e4lter ist f\u00fcr JURA Espressovollautomaten mit Milchschlauch geeignet.<\/p>\n","protected":false},"featured_media":0,"comment_status":"closed","ping_status":"open","template":"","meta":{"_acf_changed":false},"brand":[608],"product_brand":[],"product_cat":[2291],"product_tag":[2292],"class_list":{"0":"post-72982","1":"product","2":"type-product","3":"status-publish","5":"brand-jura","6":"product_cat-milchbehlter-fr-kaffeemaschinen","7":"product_tag-melkreservoirs-voor-koffiezetapparaten","8":"pa_condition-new","9":"pa_coolblue-de-verzending-morgen-gratis-geliefert","10":"pa_ean-5878","11":"pa_mpn-5879","13":"first","14":"instock","15":"product-type-external"},"acf":[],"_links":{"self":[{"href":"https:\/\/onlinehardwareshop.de\/index.php\/wp-json\/wp\/v2\/product\/72982","targetHints":{"allow":["GET"]}}],"collection":[{"href":"https:\/\/onlinehardwareshop.de\/index.php\/wp-json\/wp\/v2\/product"}],"about":[{"href":"https:\/\/onlinehardwareshop.de\/index.php\/wp-json\/wp\/v2\/types\/product"}],"replies":[{"embeddable":true,"href":"https:\/\/onlinehardwareshop.de\/index.php\/wp-json\/wp\/v2\/comments?post=72982"}],"wp:attachment":[{"href":"https:\/\/onlinehardwareshop.de\/index.php\/wp-json\/wp\/v2\/media?parent=72982"}],"wp:term":[{"taxonomy":"brand","embeddable":true,"href":"https:\/\/onlinehardwareshop.de\/index.php\/wp-json\/wp\/v2\/brand?post=72982"},{"taxonomy":"product_brand","embeddable":true,"href":"https:\/\/onlinehardwareshop.de\/index.php\/wp-json\/wp\/v2\/product_brand?post=72982"},{"taxonomy":"product_cat","embeddable":true,"href":"https:\/\/onlinehardwareshop.de\/index.php\/wp-json\/wp\/v2\/product_cat?post=72982"},{"taxonomy":"product_tag","embeddable":true,"href":"https:\/\/onlinehardwareshop.de\/index.php\/wp-json\/wp\/v2\/product_tag?post=72982"}],"curies":[{"name":"wp","href":"https:\/\/api.w.org\/{rel}","templated":true}]}}