{"id":72949,"date":"2024-05-27T15:36:15","date_gmt":"2024-05-27T15:36:15","guid":{"rendered":"https:\/\/onlinehardwareshop.de\/index.php\/produkt\/logitech-g203-lightsync-gaming-maus-schwarz-2\/"},"modified":"2025-05-14T02:18:39","modified_gmt":"2025-05-14T02:18:39","slug":"logitech-g203-lightsync-gaming-maus-schwarz","status":"publish","type":"product","link":"https:\/\/onlinehardwareshop.de\/index.php\/produkt\/logitech-g203-lightsync-gaming-maus-schwarz\/","title":{"rendered":"Logitech G203 Lightsync Gaming-Maus Schwarz"},"content":{"rendered":"<p>Die Logitech G203 Lightsync Gaming-Maus ist f\u00fcr den Gamer, der eine minimalistische Gaming-Maus sucht. Dank des optischen Sensors mit 8.000\u00a0dpi schiebst du diese kabelgebundene Gaming-Maus w\u00e4hrend eines schnellen Spiels rasch \u00fcber deinen Tisch. So sind deine Reaktionen im Spiel immer pr\u00e4zise. Die dpi l\u00e4sst sich au\u00dferdem beim Spielen anpassen. Die zwei zus\u00e4tzlichen Daumentasten stellst du selbst ein, wodurch du schneller als dein Gegner deine Waffen wechselst oder besondere Aktionen ausf\u00fchrst. Du schlie\u00dft diese Gaming-Maus \u00fcber ein USB-A-Kabel an. Die Maus ist damit Plug and Play und direkt einsatzbereit. Stelle die RGB-Beleuchtung \u00fcber die Logitech G Hub Software ein und w\u00e4hle aus 16,8 Millionen Farben aus. So passt du die Gaming-Maus an dein Setup an.<\/p>\n","protected":false},"excerpt":{"rendered":"<p>Die Logitech G203 Lightsync Gaming-Maus ist f\u00fcr den Gamer, der eine minimalistische Gaming-Maus sucht. Dank des optischen Sensors mit 8.000\u00a0dpi schiebst du diese kabelgebundene Gaming-Maus w\u00e4hrend eines schnellen Spiels rasch \u00fcber deinen Tisch. So sind deine Reaktionen im Spiel immer pr\u00e4zise. Die dpi l\u00e4sst sich au\u00dferdem beim Spielen anpassen. Die zwei zus\u00e4tzlichen Daumentasten stellst du selbst ein, wodurch du schneller als dein Gegner deine Waffen wechselst oder besondere Aktionen ausf\u00fchrst. Du schlie\u00dft diese Gaming-Maus \u00fcber ein USB-A-Kabel an. Die Maus ist damit Plug and Play und direkt einsatzbereit. Stelle die RGB-Beleuchtung \u00fcber die Logitech G Hub Software ein und w\u00e4hle aus 16,8 Millionen Farben aus. So passt du die Gaming-Maus an dein Setup an.<\/p>\n","protected":false},"featured_media":0,"comment_status":"closed","ping_status":"open","template":"","meta":{"_acf_changed":false},"brand":[225],"product_brand":[],"product_cat":[33],"product_tag":[3752],"class_list":{"0":"post-72949","1":"product","2":"type-product","3":"status-publish","5":"brand-logitech-g","6":"product_cat-muse","7":"product_tag-gaming-muizen","8":"pa_condition-new","9":"pa_coolblue-de-verzending-morgen-gratis-geliefert","10":"pa_ean-5800","11":"pa_mpn-910-005796","13":"first","14":"instock","15":"product-type-external"},"acf":[],"_links":{"self":[{"href":"https:\/\/onlinehardwareshop.de\/index.php\/wp-json\/wp\/v2\/product\/72949","targetHints":{"allow":["GET"]}}],"collection":[{"href":"https:\/\/onlinehardwareshop.de\/index.php\/wp-json\/wp\/v2\/product"}],"about":[{"href":"https:\/\/onlinehardwareshop.de\/index.php\/wp-json\/wp\/v2\/types\/product"}],"replies":[{"embeddable":true,"href":"https:\/\/onlinehardwareshop.de\/index.php\/wp-json\/wp\/v2\/comments?post=72949"}],"wp:attachment":[{"href":"https:\/\/onlinehardwareshop.de\/index.php\/wp-json\/wp\/v2\/media?parent=72949"}],"wp:term":[{"taxonomy":"brand","embeddable":true,"href":"https:\/\/onlinehardwareshop.de\/index.php\/wp-json\/wp\/v2\/brand?post=72949"},{"taxonomy":"product_brand","embeddable":true,"href":"https:\/\/onlinehardwareshop.de\/index.php\/wp-json\/wp\/v2\/product_brand?post=72949"},{"taxonomy":"product_cat","embeddable":true,"href":"https:\/\/onlinehardwareshop.de\/index.php\/wp-json\/wp\/v2\/product_cat?post=72949"},{"taxonomy":"product_tag","embeddable":true,"href":"https:\/\/onlinehardwareshop.de\/index.php\/wp-json\/wp\/v2\/product_tag?post=72949"}],"curies":[{"name":"wp","href":"https:\/\/api.w.org\/{rel}","templated":true}]}}