{"id":72947,"date":"2024-12-03T13:21:32","date_gmt":"2024-12-03T13:21:32","guid":{"rendered":"https:\/\/onlinehardwareshop.de\/index.php\/produkt\/greenpan-torino-bratpfannenset-3-teilig-2\/"},"modified":"2025-05-14T02:18:22","modified_gmt":"2025-05-14T02:18:22","slug":"greenpan-torino-bratpfannenset-3-teilig","status":"publish","type":"product","link":"https:\/\/onlinehardwareshop.de\/index.php\/produkt\/greenpan-torino-bratpfannenset-3-teilig\/","title":{"rendered":"GreenPan Torino Bratpfannenset 3-teilig"},"content":{"rendered":"<p>Mit dem GreenPan Torino Bratpfannenset 3-teilig legst du dir eine umfassende Grundausstattung zu. Brate dir in der 20\u00a0cm gro\u00dfen Pfanne zum Beispiel ein Spiegelei und lass in der Pfanne mit 24\u00a0cm Durchmesser ein St\u00fcck Fleisch brutzeln, w\u00e4hrend in der 28\u00a0cm gro\u00dfen Pfanne die Kartoffeln kross braten. Die PFAS-freie keramische Beschichtung des Pfannenbodens ist widerstandsf\u00e4hig und aus unsch\u00e4dlichen Materialien hergestellt. Dadurch sind die Pfannen umweltfreundlich und langlebig. Dank der Antihaftbeschichtung br\u00e4tst du auch mit wenig Butter oder \u00d6l und ern\u00e4hrst dich so ein st\u00fcckweit ges\u00fcnder. Die Pfannen sind f\u00fcr alle W\u00e4rmequellen geeignet. Nach Gebrauch stellst du die Pfannen einfach in die Sp\u00fclmaschine, sodass du dir um den Abwasch keine Gedanken mehr machen musst.<\/p>\n","protected":false},"excerpt":{"rendered":"<p>Mit dem GreenPan Torino Bratpfannenset 3-teilig legst du dir eine umfassende Grundausstattung zu. Brate dir in der 20\u00a0cm gro\u00dfen Pfanne zum Beispiel ein Spiegelei und lass in der Pfanne mit 24\u00a0cm Durchmesser ein St\u00fcck Fleisch brutzeln, w\u00e4hrend in der 28\u00a0cm gro\u00dfen Pfanne die Kartoffeln kross braten. Die PFAS-freie keramische Beschichtung des Pfannenbodens ist widerstandsf\u00e4hig und aus unsch\u00e4dlichen Materialien hergestellt. Dadurch sind die Pfannen umweltfreundlich und langlebig. Dank der Antihaftbeschichtung br\u00e4tst du auch mit wenig Butter oder \u00d6l und ern\u00e4hrst dich so ein st\u00fcckweit ges\u00fcnder. Die Pfannen sind f\u00fcr alle W\u00e4rmequellen geeignet. Nach Gebrauch stellst du die Pfannen einfach in die Sp\u00fclmaschine, sodass du dir um den Abwasch keine Gedanken mehr machen musst.<\/p>\n","protected":false},"featured_media":0,"comment_status":"closed","ping_status":"open","template":"","meta":{"_acf_changed":false},"brand":[3971],"product_brand":[],"product_cat":[372],"product_tag":[1788],"class_list":{"0":"post-72947","1":"product","2":"type-product","3":"status-publish","5":"brand-greenpan","6":"product_cat-tpfe-und-pfannen","7":"product_tag-bakpannensets","8":"pa_condition-new","9":"pa_coolblue-de-verzending-morgen-gratis-geliefert","10":"pa_ean-26856","11":"pa_mpn-cc003328-001","13":"first","14":"instock","15":"product-type-external"},"acf":[],"_links":{"self":[{"href":"https:\/\/onlinehardwareshop.de\/index.php\/wp-json\/wp\/v2\/product\/72947","targetHints":{"allow":["GET"]}}],"collection":[{"href":"https:\/\/onlinehardwareshop.de\/index.php\/wp-json\/wp\/v2\/product"}],"about":[{"href":"https:\/\/onlinehardwareshop.de\/index.php\/wp-json\/wp\/v2\/types\/product"}],"replies":[{"embeddable":true,"href":"https:\/\/onlinehardwareshop.de\/index.php\/wp-json\/wp\/v2\/comments?post=72947"}],"wp:attachment":[{"href":"https:\/\/onlinehardwareshop.de\/index.php\/wp-json\/wp\/v2\/media?parent=72947"}],"wp:term":[{"taxonomy":"brand","embeddable":true,"href":"https:\/\/onlinehardwareshop.de\/index.php\/wp-json\/wp\/v2\/brand?post=72947"},{"taxonomy":"product_brand","embeddable":true,"href":"https:\/\/onlinehardwareshop.de\/index.php\/wp-json\/wp\/v2\/product_brand?post=72947"},{"taxonomy":"product_cat","embeddable":true,"href":"https:\/\/onlinehardwareshop.de\/index.php\/wp-json\/wp\/v2\/product_cat?post=72947"},{"taxonomy":"product_tag","embeddable":true,"href":"https:\/\/onlinehardwareshop.de\/index.php\/wp-json\/wp\/v2\/product_tag?post=72947"}],"curies":[{"name":"wp","href":"https:\/\/api.w.org\/{rel}","templated":true}]}}