{"id":72940,"date":"2025-03-04T00:05:40","date_gmt":"2025-03-04T00:05:40","guid":{"rendered":"https:\/\/onlinehardwareshop.de\/index.php\/produkt\/brabantia-touch-bin-30-liter-metallic-gold-2\/"},"modified":"2025-05-14T02:18:03","modified_gmt":"2025-05-14T02:18:03","slug":"brabantia-touch-bin-30-liter-metallic-gold","status":"publish","type":"product","link":"https:\/\/onlinehardwareshop.de\/index.php\/produkt\/brabantia-touch-bin-30-liter-metallic-gold\/","title":{"rendered":"Brabantia Touch Bin 30 Liter Metallic Gold"},"content":{"rendered":"<p>Der Brabantia Touch Bin 30 Liter Metallic Gold eignet sich mit seiner Gr\u00f6\u00dfe f\u00fcr eine gro\u00dfe Familie. Dank Brabantias Soft Touch-System \u00f6ffnest du den Deckel mit einer leichten Ber\u00fchrung. Den Inneneimer nimmst du einfach heraus, um ihn zu reinigen und den M\u00fcllbeutel zu erneuern. Dreck von der Kehrschaufel wirfst du sauber in den M\u00fclleimer dank der gro\u00dfen \u00d6ffnung. Willst du den M\u00fclleimer umstellen? Dank der soliden Griffe ist dies kein Problem. Der M\u00fclleimer ist 72,5 cm hoch. Du verwendest die mitgelieferten M\u00fcllbeutel mit dem Code M.<\/p>\n","protected":false},"excerpt":{"rendered":"<p>Der Brabantia Touch Bin 30 Liter Metallic Gold eignet sich mit seiner Gr\u00f6\u00dfe f\u00fcr eine gro\u00dfe Familie. Dank Brabantias Soft Touch-System \u00f6ffnest du den Deckel mit einer leichten Ber\u00fchrung. Den Inneneimer nimmst du einfach heraus, um ihn zu reinigen und den M\u00fcllbeutel zu erneuern. Dreck von der Kehrschaufel wirfst du sauber in den M\u00fclleimer dank der gro\u00dfen \u00d6ffnung. Willst du den M\u00fclleimer umstellen? Dank der soliden Griffe ist dies kein Problem. Der M\u00fclleimer ist 72,5 cm hoch. Du verwendest die mitgelieferten M\u00fcllbeutel mit dem Code M.<\/p>\n","protected":false},"featured_media":0,"comment_status":"closed","ping_status":"open","template":"","meta":{"_acf_changed":false},"brand":[66],"product_brand":[],"product_cat":[653],"product_tag":[654],"class_list":{"0":"post-72940","1":"product","2":"type-product","3":"status-publish","5":"brand-brabantia","6":"product_cat-mlleimer","7":"product_tag-prullenbakken-keuken-met-afvalscheiding","8":"pa_condition-new","9":"pa_coolblue-de-verzending-morgen-gratis-geliefert","10":"pa_ean-5780","11":"pa_mpn-30-45-07","13":"first","14":"instock","15":"product-type-external"},"acf":[],"_links":{"self":[{"href":"https:\/\/onlinehardwareshop.de\/index.php\/wp-json\/wp\/v2\/product\/72940","targetHints":{"allow":["GET"]}}],"collection":[{"href":"https:\/\/onlinehardwareshop.de\/index.php\/wp-json\/wp\/v2\/product"}],"about":[{"href":"https:\/\/onlinehardwareshop.de\/index.php\/wp-json\/wp\/v2\/types\/product"}],"replies":[{"embeddable":true,"href":"https:\/\/onlinehardwareshop.de\/index.php\/wp-json\/wp\/v2\/comments?post=72940"}],"wp:attachment":[{"href":"https:\/\/onlinehardwareshop.de\/index.php\/wp-json\/wp\/v2\/media?parent=72940"}],"wp:term":[{"taxonomy":"brand","embeddable":true,"href":"https:\/\/onlinehardwareshop.de\/index.php\/wp-json\/wp\/v2\/brand?post=72940"},{"taxonomy":"product_brand","embeddable":true,"href":"https:\/\/onlinehardwareshop.de\/index.php\/wp-json\/wp\/v2\/product_brand?post=72940"},{"taxonomy":"product_cat","embeddable":true,"href":"https:\/\/onlinehardwareshop.de\/index.php\/wp-json\/wp\/v2\/product_cat?post=72940"},{"taxonomy":"product_tag","embeddable":true,"href":"https:\/\/onlinehardwareshop.de\/index.php\/wp-json\/wp\/v2\/product_tag?post=72940"}],"curies":[{"name":"wp","href":"https:\/\/api.w.org\/{rel}","templated":true}]}}