{"id":72915,"date":"2024-11-21T21:40:03","date_gmt":"2024-11-21T21:40:03","guid":{"rendered":"https:\/\/onlinehardwareshop.de\/index.php\/produkt\/corsair-dark-core-rgb-pro-kabellose-gaming-maus-2\/"},"modified":"2025-05-14T02:16:04","modified_gmt":"2025-05-14T02:16:04","slug":"corsair-dark-core-rgb-pro-kabellose-gaming-maus","status":"publish","type":"product","link":"https:\/\/onlinehardwareshop.de\/index.php\/produkt\/corsair-dark-core-rgb-pro-kabellose-gaming-maus\/","title":{"rendered":"Corsair Dark Core RGB Pro Kabellose Gaming-Maus"},"content":{"rendered":"<p>Mit der Corsair Dark Core RGB Pro Kabellosen Gaming-Maus ist Schluss mit l\u00e4stigen Kabeln und Verz\u00f6gerungen beim Zocken. Dank des optischen Sensors mit 18.000\u00a0dpi schiebst du diese kabellose Gaming-Maus w\u00e4hrend eines schnellen Spiels ebenso schnell \u00fcber deinen Schreibtisch. So sind deine Reaktionen im Spiel immer pr\u00e4zise. Die DPI l\u00e4sst sich beim Spielen au\u00dferdem einstellen. Auch die Grifffl\u00e4che an der Seite der Maus l\u00e4sst sich austauschen und so an deine Vorlieben anpassen. Mit acht zus\u00e4tzlichen Tasten ordnest du all deine Schnellzugriffe jeweils einer separaten Taste zu und reagierst damit im Spiel noch schneller. Du schlie\u00dft diese Gaming-Maus kabellos \u00fcber einen USB-A-Dongle oder Bluetooth an. So genie\u00dft du vollkommene Bewegungsfreiheit beim Spielen. Diese kabellose Gaming-Maus hat eine Akkulaufzeit von 50 Stunden, dank der du lange Sessions spielst, ohne die Maus zwischendurch aufzuladen. Die RGB-Beleuchtung stellst du \u00fcber die Corsair iCue Software selbst ein und w\u00e4hlst dabei aus 16,8 Millionen Farben. So passt du deine Gaming-Maus dem Rest deines Setups an.<\/p>\n","protected":false},"excerpt":{"rendered":"<p>Mit der Corsair Dark Core RGB Pro Kabellosen Gaming-Maus ist Schluss mit l\u00e4stigen Kabeln und Verz\u00f6gerungen beim Zocken. Dank des optischen Sensors mit 18.000\u00a0dpi schiebst du diese kabellose Gaming-Maus w\u00e4hrend eines schnellen Spiels ebenso schnell \u00fcber deinen Schreibtisch. So sind deine Reaktionen im Spiel immer pr\u00e4zise. Die DPI l\u00e4sst sich beim Spielen au\u00dferdem einstellen. Auch die Grifffl\u00e4che an der Seite der Maus l\u00e4sst sich austauschen und so an deine Vorlieben anpassen. Mit acht zus\u00e4tzlichen Tasten ordnest du all deine Schnellzugriffe jeweils einer separaten Taste zu und reagierst damit im Spiel noch schneller. Du schlie\u00dft diese Gaming-Maus kabellos \u00fcber einen USB-A-Dongle oder Bluetooth an. So genie\u00dft du vollkommene Bewegungsfreiheit beim Spielen. Diese kabellose Gaming-Maus hat eine Akkulaufzeit von 50 Stunden, dank der du lange Sessions spielst, ohne die Maus zwischendurch aufzuladen. Die RGB-Beleuchtung stellst du \u00fcber die Corsair iCue Software selbst ein und w\u00e4hlst dabei aus 16,8 Millionen Farben. So passt du deine Gaming-Maus dem Rest deines Setups an.<\/p>\n","protected":false},"featured_media":0,"comment_status":"closed","ping_status":"open","template":"","meta":{"_acf_changed":false},"brand":[1900],"product_brand":[],"product_cat":[33],"product_tag":[3752],"class_list":{"0":"post-72915","1":"product","2":"type-product","3":"status-publish","5":"brand-corsair","6":"product_cat-muse","7":"product_tag-gaming-muizen","8":"pa_condition-new","9":"pa_coolblue-de-verzending-morgen-gratis-geliefert","10":"pa_ean-5745","11":"pa_mpn-ch-9315411-eu","13":"first","14":"instock","15":"product-type-external"},"acf":[],"_links":{"self":[{"href":"https:\/\/onlinehardwareshop.de\/index.php\/wp-json\/wp\/v2\/product\/72915","targetHints":{"allow":["GET"]}}],"collection":[{"href":"https:\/\/onlinehardwareshop.de\/index.php\/wp-json\/wp\/v2\/product"}],"about":[{"href":"https:\/\/onlinehardwareshop.de\/index.php\/wp-json\/wp\/v2\/types\/product"}],"replies":[{"embeddable":true,"href":"https:\/\/onlinehardwareshop.de\/index.php\/wp-json\/wp\/v2\/comments?post=72915"}],"wp:attachment":[{"href":"https:\/\/onlinehardwareshop.de\/index.php\/wp-json\/wp\/v2\/media?parent=72915"}],"wp:term":[{"taxonomy":"brand","embeddable":true,"href":"https:\/\/onlinehardwareshop.de\/index.php\/wp-json\/wp\/v2\/brand?post=72915"},{"taxonomy":"product_brand","embeddable":true,"href":"https:\/\/onlinehardwareshop.de\/index.php\/wp-json\/wp\/v2\/product_brand?post=72915"},{"taxonomy":"product_cat","embeddable":true,"href":"https:\/\/onlinehardwareshop.de\/index.php\/wp-json\/wp\/v2\/product_cat?post=72915"},{"taxonomy":"product_tag","embeddable":true,"href":"https:\/\/onlinehardwareshop.de\/index.php\/wp-json\/wp\/v2\/product_tag?post=72915"}],"curies":[{"name":"wp","href":"https:\/\/api.w.org\/{rel}","templated":true}]}}