{"id":72902,"date":"2024-05-14T06:29:47","date_gmt":"2024-05-14T06:29:47","guid":{"rendered":"https:\/\/onlinehardwareshop.de\/index.php\/produkt\/caruba-triple-suction-cup-pro-mount-2\/"},"modified":"2025-05-14T02:14:44","modified_gmt":"2025-05-14T02:14:44","slug":"caruba-triple-suction-cup-pro-mount","status":"publish","type":"product","link":"https:\/\/onlinehardwareshop.de\/index.php\/produkt\/caruba-triple-suction-cup-pro-mount\/","title":{"rendered":"Caruba Triple Suction Cup Pro Mount"},"content":{"rendered":"<p>Befestige deine GoPro Action- oder Kompaktkamera mit der Caruba Triple Suction Cup Pro-Halterung auf einer ebenen Oberfl\u00e4che. Diese Halterung verf\u00fcgt \u00fcber drei Saugn\u00e4pfe, dank der du sie besonders fest an deinem Surfbrett oder einem Fenster oder der Motorhaube deines Autos befestigen kannst. So hast du die M\u00f6glichkeit, aus spektakul\u00e4ren Perspektiven zu filmen. Dank des 1\/4-Zoll-Gewindeanschlusses kannst du verschiedene Kameras auf der Halterung platzieren. Zus\u00e4tzlich wird ein GoPro-Adapter mitgeliefert, um deine Actionkamera zu befestigen. Die zus\u00e4tzlichen Saugn\u00e4pfe dieses Suction Cups bieten mehr Sicherheit f\u00fcr deine Kamera w\u00e4hrend des Filmens. Dadurch eignet sich dieses Produkt f\u00fcr Profis sowie f\u00fcr Hobbyisten.<\/p>\n","protected":false},"excerpt":{"rendered":"<p>Befestige deine GoPro Action- oder Kompaktkamera mit der Caruba Triple Suction Cup Pro-Halterung auf einer ebenen Oberfl\u00e4che. Diese Halterung verf\u00fcgt \u00fcber drei Saugn\u00e4pfe, dank der du sie besonders fest an deinem Surfbrett oder einem Fenster oder der Motorhaube deines Autos befestigen kannst. So hast du die M\u00f6glichkeit, aus spektakul\u00e4ren Perspektiven zu filmen. Dank des 1\/4-Zoll-Gewindeanschlusses kannst du verschiedene Kameras auf der Halterung platzieren. Zus\u00e4tzlich wird ein GoPro-Adapter mitgeliefert, um deine Actionkamera zu befestigen. Die zus\u00e4tzlichen Saugn\u00e4pfe dieses Suction Cups bieten mehr Sicherheit f\u00fcr deine Kamera w\u00e4hrend des Filmens. Dadurch eignet sich dieses Produkt f\u00fcr Profis sowie f\u00fcr Hobbyisten.<\/p>\n","protected":false},"featured_media":0,"comment_status":"closed","ping_status":"open","template":"","meta":{"_acf_changed":false},"brand":[1697],"product_brand":[],"product_cat":[592],"product_tag":[593],"class_list":{"0":"post-72902","1":"product","2":"type-product","3":"status-publish","5":"brand-caruba","6":"product_cat-halterungen-fr-videokameras","7":"product_tag-sportscams-montagesets","8":"pa_condition-new","9":"pa_coolblue-de-verzending-morgen-gratis-geliefert","10":"pa_ean-5709","11":"pa_mpn-d133342","13":"first","14":"instock","15":"product-type-external"},"acf":[],"_links":{"self":[{"href":"https:\/\/onlinehardwareshop.de\/index.php\/wp-json\/wp\/v2\/product\/72902","targetHints":{"allow":["GET"]}}],"collection":[{"href":"https:\/\/onlinehardwareshop.de\/index.php\/wp-json\/wp\/v2\/product"}],"about":[{"href":"https:\/\/onlinehardwareshop.de\/index.php\/wp-json\/wp\/v2\/types\/product"}],"replies":[{"embeddable":true,"href":"https:\/\/onlinehardwareshop.de\/index.php\/wp-json\/wp\/v2\/comments?post=72902"}],"wp:attachment":[{"href":"https:\/\/onlinehardwareshop.de\/index.php\/wp-json\/wp\/v2\/media?parent=72902"}],"wp:term":[{"taxonomy":"brand","embeddable":true,"href":"https:\/\/onlinehardwareshop.de\/index.php\/wp-json\/wp\/v2\/brand?post=72902"},{"taxonomy":"product_brand","embeddable":true,"href":"https:\/\/onlinehardwareshop.de\/index.php\/wp-json\/wp\/v2\/product_brand?post=72902"},{"taxonomy":"product_cat","embeddable":true,"href":"https:\/\/onlinehardwareshop.de\/index.php\/wp-json\/wp\/v2\/product_cat?post=72902"},{"taxonomy":"product_tag","embeddable":true,"href":"https:\/\/onlinehardwareshop.de\/index.php\/wp-json\/wp\/v2\/product_tag?post=72902"}],"curies":[{"name":"wp","href":"https:\/\/api.w.org\/{rel}","templated":true}]}}