{"id":72901,"date":"2024-12-01T21:32:51","date_gmt":"2024-12-01T21:32:51","guid":{"rendered":"https:\/\/onlinehardwareshop.de\/index.php\/produkt\/caruba-suction-cup-pro-mount-2\/"},"modified":"2025-05-14T02:14:39","modified_gmt":"2025-05-14T02:14:39","slug":"caruba-suction-cup-pro-mount","status":"publish","type":"product","link":"https:\/\/onlinehardwareshop.de\/index.php\/produkt\/caruba-suction-cup-pro-mount\/","title":{"rendered":"Caruba Suction Cup PRO Mount"},"content":{"rendered":"<p>Mit der Caruba Suction Cup PRO-Halterung kannst du deine Kompakt- oder Actionkamera auf einer ebenen Fl\u00e4che montieren. Der Saugnapf hat 1\/4 Zoll Gewindeanschluss, sodass du verschiedene Kameras an der Halterung befestigen kannst. Au\u00dferdem wird ein GoPro-Adapter mitgeliefert, um deine Actionkamera anzuschlie\u00dfen. Du kannst den Saugnapf f\u00fcr unterschiedliche Situationen nutzen. Du kannst ihn z. B. auf der Vorderseite deines Autos befestigen, um spektakul\u00e4re Aufnahmen von deiner Autofahrt zu machen. Der Saugnapf ist extrem stark, sodass du dir keine Sorgen machen musst, dass er sich w\u00e4hrend der Action l\u00f6sen k\u00f6nnte. Dadurch eignet er sich f\u00fcr den professionellen Gebrauch und f\u00fcr Hobbyisten.<\/p>\n","protected":false},"excerpt":{"rendered":"<p>Mit der Caruba Suction Cup PRO-Halterung kannst du deine Kompakt- oder Actionkamera auf einer ebenen Fl\u00e4che montieren. Der Saugnapf hat 1\/4 Zoll Gewindeanschluss, sodass du verschiedene Kameras an der Halterung befestigen kannst. Au\u00dferdem wird ein GoPro-Adapter mitgeliefert, um deine Actionkamera anzuschlie\u00dfen. Du kannst den Saugnapf f\u00fcr unterschiedliche Situationen nutzen. Du kannst ihn z. B. auf der Vorderseite deines Autos befestigen, um spektakul\u00e4re Aufnahmen von deiner Autofahrt zu machen. Der Saugnapf ist extrem stark, sodass du dir keine Sorgen machen musst, dass er sich w\u00e4hrend der Action l\u00f6sen k\u00f6nnte. Dadurch eignet er sich f\u00fcr den professionellen Gebrauch und f\u00fcr Hobbyisten.<\/p>\n","protected":false},"featured_media":0,"comment_status":"closed","ping_status":"open","template":"","meta":{"_acf_changed":false},"brand":[1697],"product_brand":[],"product_cat":[592],"product_tag":[593],"class_list":{"0":"post-72901","1":"product","2":"type-product","3":"status-publish","5":"brand-caruba","6":"product_cat-halterungen-fr-videokameras","7":"product_tag-sportscams-montagesets","8":"pa_condition-new","9":"pa_coolblue-de-verzending-morgen-gratis-geliefert","10":"pa_ean-5707","11":"pa_mpn-d44328","13":"first","14":"instock","15":"product-type-external"},"acf":[],"_links":{"self":[{"href":"https:\/\/onlinehardwareshop.de\/index.php\/wp-json\/wp\/v2\/product\/72901","targetHints":{"allow":["GET"]}}],"collection":[{"href":"https:\/\/onlinehardwareshop.de\/index.php\/wp-json\/wp\/v2\/product"}],"about":[{"href":"https:\/\/onlinehardwareshop.de\/index.php\/wp-json\/wp\/v2\/types\/product"}],"replies":[{"embeddable":true,"href":"https:\/\/onlinehardwareshop.de\/index.php\/wp-json\/wp\/v2\/comments?post=72901"}],"wp:attachment":[{"href":"https:\/\/onlinehardwareshop.de\/index.php\/wp-json\/wp\/v2\/media?parent=72901"}],"wp:term":[{"taxonomy":"brand","embeddable":true,"href":"https:\/\/onlinehardwareshop.de\/index.php\/wp-json\/wp\/v2\/brand?post=72901"},{"taxonomy":"product_brand","embeddable":true,"href":"https:\/\/onlinehardwareshop.de\/index.php\/wp-json\/wp\/v2\/product_brand?post=72901"},{"taxonomy":"product_cat","embeddable":true,"href":"https:\/\/onlinehardwareshop.de\/index.php\/wp-json\/wp\/v2\/product_cat?post=72901"},{"taxonomy":"product_tag","embeddable":true,"href":"https:\/\/onlinehardwareshop.de\/index.php\/wp-json\/wp\/v2\/product_tag?post=72901"}],"curies":[{"name":"wp","href":"https:\/\/api.w.org\/{rel}","templated":true}]}}