{"id":72879,"date":"2025-02-11T03:46:35","date_gmt":"2025-02-11T03:46:35","guid":{"rendered":"https:\/\/onlinehardwareshop.de\/index.php\/produkt\/netatmo-smarte-tr-und-fenstersensoren-2\/"},"modified":"2025-05-14T02:12:52","modified_gmt":"2025-05-14T02:12:52","slug":"netatmo-smarte-tr-und-fenstersensoren","status":"publish","type":"product","link":"https:\/\/onlinehardwareshop.de\/index.php\/produkt\/netatmo-smarte-tr-und-fenstersensoren\/","title":{"rendered":"Netatmo Smarte T&#xFC;r- und Fenstersensoren"},"content":{"rendered":"<p>Mit diesem Set von Netatmo Smarten T\u00fcr- und Fenstersensoren erh\u00e4ltst du eine Benachrichtigung, noch bevor ein unerw\u00fcnschter Eindringling bei dir im Haus steht. Die Sensoren registrieren jede Bewegung an den T\u00fcren und Fenstern, an denen du sie befestigst. So erh\u00e4ltst du eine Meldung auf dein Smartphone, wenn du nicht zu Hause bist und jemand versucht, hineinzukommen. Dar\u00fcber hinaus meldet die Netatmo App, wenn eine T\u00fcr oder ein Fenster offen steht. So gehst du immer mit einem sicheren Gef\u00fchl aus dem Haus. Kombiniere das System mit einer \u00dcberwachungskamera oder einem smarten Alarm von Netatmo, um dein Haus vollkommen zu sch\u00fctzen.<\/p>\n","protected":false},"excerpt":{"rendered":"<p>Mit diesem Set von Netatmo Smarten T\u00fcr- und Fenstersensoren erh\u00e4ltst du eine Benachrichtigung, noch bevor ein unerw\u00fcnschter Eindringling bei dir im Haus steht. Die Sensoren registrieren jede Bewegung an den T\u00fcren und Fenstern, an denen du sie befestigst. So erh\u00e4ltst du eine Meldung auf dein Smartphone, wenn du nicht zu Hause bist und jemand versucht, hineinzukommen. Dar\u00fcber hinaus meldet die Netatmo App, wenn eine T\u00fcr oder ein Fenster offen steht. So gehst du immer mit einem sicheren Gef\u00fchl aus dem Haus. Kombiniere das System mit einer \u00dcberwachungskamera oder einem smarten Alarm von Netatmo, um dein Haus vollkommen zu sch\u00fctzen.<\/p>\n","protected":false},"featured_media":0,"comment_status":"closed","ping_status":"open","template":"","meta":{"_acf_changed":false},"brand":[845],"product_brand":[],"product_cat":[5658],"product_tag":[5659],"class_list":{"0":"post-72879","1":"product","2":"type-product","3":"status-publish","5":"brand-netatmo","6":"product_cat-magnetkontakte","7":"product_tag-magneetcontacten","8":"pa_condition-new","9":"pa_coolblue-de-verzending-morgen-gratis-geliefert","10":"pa_ean-5656","11":"pa_mpn-na-74-015","13":"first","14":"instock","15":"product-type-external"},"acf":[],"_links":{"self":[{"href":"https:\/\/onlinehardwareshop.de\/index.php\/wp-json\/wp\/v2\/product\/72879","targetHints":{"allow":["GET"]}}],"collection":[{"href":"https:\/\/onlinehardwareshop.de\/index.php\/wp-json\/wp\/v2\/product"}],"about":[{"href":"https:\/\/onlinehardwareshop.de\/index.php\/wp-json\/wp\/v2\/types\/product"}],"replies":[{"embeddable":true,"href":"https:\/\/onlinehardwareshop.de\/index.php\/wp-json\/wp\/v2\/comments?post=72879"}],"wp:attachment":[{"href":"https:\/\/onlinehardwareshop.de\/index.php\/wp-json\/wp\/v2\/media?parent=72879"}],"wp:term":[{"taxonomy":"brand","embeddable":true,"href":"https:\/\/onlinehardwareshop.de\/index.php\/wp-json\/wp\/v2\/brand?post=72879"},{"taxonomy":"product_brand","embeddable":true,"href":"https:\/\/onlinehardwareshop.de\/index.php\/wp-json\/wp\/v2\/product_brand?post=72879"},{"taxonomy":"product_cat","embeddable":true,"href":"https:\/\/onlinehardwareshop.de\/index.php\/wp-json\/wp\/v2\/product_cat?post=72879"},{"taxonomy":"product_tag","embeddable":true,"href":"https:\/\/onlinehardwareshop.de\/index.php\/wp-json\/wp\/v2\/product_tag?post=72879"}],"curies":[{"name":"wp","href":"https:\/\/api.w.org\/{rel}","templated":true}]}}