{"id":72869,"date":"2024-04-25T10:51:52","date_gmt":"2024-04-25T10:51:52","guid":{"rendered":"https:\/\/onlinehardwareshop.de\/index.php\/produkt\/makita-staubbeutel-fleece-fr-vc4210-5-stck-2\/"},"modified":"2025-05-14T02:12:14","modified_gmt":"2025-05-14T02:12:14","slug":"makita-staubbeutel-fleece-fr-vc4210-5-stck","status":"publish","type":"product","link":"https:\/\/onlinehardwareshop.de\/index.php\/produkt\/makita-staubbeutel-fleece-fr-vc4210-5-stck\/","title":{"rendered":"Makita Staubbeutel Fleece f&#xFC;r VC4210 (5 St&#xFC;ck)"},"content":{"rendered":"<p>Brauchst du neue Staubbeutel f\u00fcr deinen Makita Baustaubsauger? Mit diesem Set aus f\u00fcnf Fleece-Staubsaugerbeuteln kannst du eine Weile weitermachen. Die Taschen sind f\u00fcr den Makita VC4210M und VC4210L geeignet.<\/p>\n","protected":false},"excerpt":{"rendered":"<p>Brauchst du neue Staubbeutel f\u00fcr deinen Makita Baustaubsauger? Mit diesem Set aus f\u00fcnf Fleece-Staubsaugerbeuteln kannst du eine Weile weitermachen. Die Taschen sind f\u00fcr den Makita VC4210M und VC4210L geeignet.<\/p>\n","protected":false},"featured_media":0,"comment_status":"closed","ping_status":"open","template":"","meta":{"_acf_changed":false},"brand":[42],"product_brand":[],"product_cat":[129],"product_tag":[130],"class_list":{"0":"post-72869","1":"product","2":"type-product","3":"status-publish","5":"brand-makita","6":"product_cat-staubsaugerbeutel","7":"product_tag-stofzuigerzakken","8":"pa_condition-new","9":"pa_coolblue-de-verzending-morgen-gratis-geliefert","10":"pa_ean-5633","11":"pa_mpn-w107418353","13":"first","14":"instock","15":"product-type-external"},"acf":[],"_links":{"self":[{"href":"https:\/\/onlinehardwareshop.de\/index.php\/wp-json\/wp\/v2\/product\/72869","targetHints":{"allow":["GET"]}}],"collection":[{"href":"https:\/\/onlinehardwareshop.de\/index.php\/wp-json\/wp\/v2\/product"}],"about":[{"href":"https:\/\/onlinehardwareshop.de\/index.php\/wp-json\/wp\/v2\/types\/product"}],"replies":[{"embeddable":true,"href":"https:\/\/onlinehardwareshop.de\/index.php\/wp-json\/wp\/v2\/comments?post=72869"}],"wp:attachment":[{"href":"https:\/\/onlinehardwareshop.de\/index.php\/wp-json\/wp\/v2\/media?parent=72869"}],"wp:term":[{"taxonomy":"brand","embeddable":true,"href":"https:\/\/onlinehardwareshop.de\/index.php\/wp-json\/wp\/v2\/brand?post=72869"},{"taxonomy":"product_brand","embeddable":true,"href":"https:\/\/onlinehardwareshop.de\/index.php\/wp-json\/wp\/v2\/product_brand?post=72869"},{"taxonomy":"product_cat","embeddable":true,"href":"https:\/\/onlinehardwareshop.de\/index.php\/wp-json\/wp\/v2\/product_cat?post=72869"},{"taxonomy":"product_tag","embeddable":true,"href":"https:\/\/onlinehardwareshop.de\/index.php\/wp-json\/wp\/v2\/product_tag?post=72869"}],"curies":[{"name":"wp","href":"https:\/\/api.w.org\/{rel}","templated":true}]}}