{"id":72866,"date":"2024-06-09T04:31:15","date_gmt":"2024-06-09T04:31:15","guid":{"rendered":"https:\/\/onlinehardwareshop.de\/index.php\/produkt\/russell-hobbs-colours-plus-mini-grau-24993-70-2\/"},"modified":"2025-05-14T02:12:04","modified_gmt":"2025-05-14T02:12:04","slug":"russell-hobbs-colours-plus-mini-grau-24993-70","status":"publish","type":"product","link":"https:\/\/onlinehardwareshop.de\/index.php\/produkt\/russell-hobbs-colours-plus-mini-grau-24993-70\/","title":{"rendered":"Russell Hobbs Colours Plus+ Mini Grau 24993-70"},"content":{"rendered":"<p>Der Russell Hobbs Colours Plus+ Mini Grau 24993-70 ist aufgrund seiner Gr\u00f6\u00dfe f\u00fcr einen kleinen Haushalt geeignet. Du kannst in diesem Wasserkocher bis zu 1 Liter Wasser kochen. Das reicht f\u00fcr etwa vier Tassen Tee. Auf der Innenseite befindet sich eine Tassenanzeige, sodass du ganz einfach Wasser f\u00fcr eine, zwei oder drei Tassen Tee abmessen kannst. Das ist praktisch, denn so musst du es nicht selbst ausrechnen. Durch die beleuchtete Taste kannst du auf einen Blick sehen, ob der Wasserkocher eingeschaltet ist. Der herausnehmbare Kalkfilter sorgt daf\u00fcr, dass dein Wasser sauber ist. Du kannst den Filter einfach unter dem Wasserhahn reinigen, nachdem du ihn aus dem Wasserkocher genommen hast.<\/p>\n","protected":false},"excerpt":{"rendered":"<p>Der Russell Hobbs Colours Plus+ Mini Grau 24993-70 ist aufgrund seiner Gr\u00f6\u00dfe f\u00fcr einen kleinen Haushalt geeignet. Du kannst in diesem Wasserkocher bis zu 1 Liter Wasser kochen. Das reicht f\u00fcr etwa vier Tassen Tee. Auf der Innenseite befindet sich eine Tassenanzeige, sodass du ganz einfach Wasser f\u00fcr eine, zwei oder drei Tassen Tee abmessen kannst. Das ist praktisch, denn so musst du es nicht selbst ausrechnen. Durch die beleuchtete Taste kannst du auf einen Blick sehen, ob der Wasserkocher eingeschaltet ist. Der herausnehmbare Kalkfilter sorgt daf\u00fcr, dass dein Wasser sauber ist. Du kannst den Filter einfach unter dem Wasserhahn reinigen, nachdem du ihn aus dem Wasserkocher genommen hast.<\/p>\n","protected":false},"featured_media":0,"comment_status":"closed","ping_status":"open","template":"","meta":{"_acf_changed":false},"brand":[734],"product_brand":[],"product_cat":[716],"product_tag":[717],"class_list":{"0":"post-72866","1":"product","2":"type-product","3":"status-publish","5":"brand-russell-hobbs","6":"product_cat-wasserkocher","7":"product_tag-waterkokers","8":"pa_condition-new","9":"pa_coolblue-de-verzending-morgen-gratis-geliefert","10":"pa_ean-5625","11":"pa_mpn-24993-70","13":"first","14":"instock","15":"product-type-external"},"acf":[],"_links":{"self":[{"href":"https:\/\/onlinehardwareshop.de\/index.php\/wp-json\/wp\/v2\/product\/72866","targetHints":{"allow":["GET"]}}],"collection":[{"href":"https:\/\/onlinehardwareshop.de\/index.php\/wp-json\/wp\/v2\/product"}],"about":[{"href":"https:\/\/onlinehardwareshop.de\/index.php\/wp-json\/wp\/v2\/types\/product"}],"replies":[{"embeddable":true,"href":"https:\/\/onlinehardwareshop.de\/index.php\/wp-json\/wp\/v2\/comments?post=72866"}],"wp:attachment":[{"href":"https:\/\/onlinehardwareshop.de\/index.php\/wp-json\/wp\/v2\/media?parent=72866"}],"wp:term":[{"taxonomy":"brand","embeddable":true,"href":"https:\/\/onlinehardwareshop.de\/index.php\/wp-json\/wp\/v2\/brand?post=72866"},{"taxonomy":"product_brand","embeddable":true,"href":"https:\/\/onlinehardwareshop.de\/index.php\/wp-json\/wp\/v2\/product_brand?post=72866"},{"taxonomy":"product_cat","embeddable":true,"href":"https:\/\/onlinehardwareshop.de\/index.php\/wp-json\/wp\/v2\/product_cat?post=72866"},{"taxonomy":"product_tag","embeddable":true,"href":"https:\/\/onlinehardwareshop.de\/index.php\/wp-json\/wp\/v2\/product_tag?post=72866"}],"curies":[{"name":"wp","href":"https:\/\/api.w.org\/{rel}","templated":true}]}}