{"id":72863,"date":"2024-04-08T03:52:19","date_gmt":"2024-04-08T03:52:19","guid":{"rendered":"https:\/\/onlinehardwareshop.de\/index.php\/produkt\/tefal-ne6888-fleischwolf-hv8-2\/"},"modified":"2025-05-14T02:11:42","modified_gmt":"2025-05-14T02:11:42","slug":"tefal-ne6888-fleischwolf-hv8","status":"publish","type":"product","link":"https:\/\/onlinehardwareshop.de\/index.php\/produkt\/tefal-ne6888-fleischwolf-hv8\/","title":{"rendered":"Tefal NE6888 Fleischwolf HV8"},"content":{"rendered":"<p>Mit dem Tefal NE6888 Fleischwolf HV8 verarbeitest du 4,5\u00a0kg Fleisch pro Minute. Du erstellst mit diesem Fleischwolf blitzschnell leckere W\u00fcrste f\u00fcr den Grill. Au\u00dfer W\u00fcrsten kannst du mit diesem Fleischwolf auch Hackfleisch drehen. Damit rollst du Hackb\u00e4llchen nach Omas Rezept oder bereitest Hamburger zu. Zu diesem Fleischwolf erh\u00e4ltst du vier Klingen zum Raspeln, Schneiden, f\u00fcr Parmesank\u00e4se und das Herstellen von W\u00fcrfeln. Du kannst den Fleischwolf auch verwenden, um Pl\u00e4tzchenteig und Gem\u00fcse in die richtige Gr\u00f6\u00dfe zu hacken. Nach der Verwendung reinigst du alles beim Abwasch f\u00fcr die n\u00e4chste Verwendung.<\/p>\n","protected":false},"excerpt":{"rendered":"<p>Mit dem Tefal NE6888 Fleischwolf HV8 verarbeitest du 4,5\u00a0kg Fleisch pro Minute. Du erstellst mit diesem Fleischwolf blitzschnell leckere W\u00fcrste f\u00fcr den Grill. Au\u00dfer W\u00fcrsten kannst du mit diesem Fleischwolf auch Hackfleisch drehen. Damit rollst du Hackb\u00e4llchen nach Omas Rezept oder bereitest Hamburger zu. Zu diesem Fleischwolf erh\u00e4ltst du vier Klingen zum Raspeln, Schneiden, f\u00fcr Parmesank\u00e4se und das Herstellen von W\u00fcrfeln. Du kannst den Fleischwolf auch verwenden, um Pl\u00e4tzchenteig und Gem\u00fcse in die richtige Gr\u00f6\u00dfe zu hacken. Nach der Verwendung reinigst du alles beim Abwasch f\u00fcr die n\u00e4chste Verwendung.<\/p>\n","protected":false},"featured_media":0,"comment_status":"closed","ping_status":"open","template":"","meta":{"_acf_changed":false},"brand":[506],"product_brand":[],"product_cat":[1470],"product_tag":[1471],"class_list":{"0":"post-72863","1":"product","2":"type-product","3":"status-publish","5":"brand-tefal","6":"product_cat-fleischwlfe","7":"product_tag-vleesmolens","8":"pa_condition-new","9":"pa_coolblue-de-verzending-morgen-gratis-geliefert","10":"pa_ean-5620","11":"pa_mpn-ne688837","13":"first","14":"instock","15":"product-type-external"},"acf":[],"_links":{"self":[{"href":"https:\/\/onlinehardwareshop.de\/index.php\/wp-json\/wp\/v2\/product\/72863","targetHints":{"allow":["GET"]}}],"collection":[{"href":"https:\/\/onlinehardwareshop.de\/index.php\/wp-json\/wp\/v2\/product"}],"about":[{"href":"https:\/\/onlinehardwareshop.de\/index.php\/wp-json\/wp\/v2\/types\/product"}],"replies":[{"embeddable":true,"href":"https:\/\/onlinehardwareshop.de\/index.php\/wp-json\/wp\/v2\/comments?post=72863"}],"wp:attachment":[{"href":"https:\/\/onlinehardwareshop.de\/index.php\/wp-json\/wp\/v2\/media?parent=72863"}],"wp:term":[{"taxonomy":"brand","embeddable":true,"href":"https:\/\/onlinehardwareshop.de\/index.php\/wp-json\/wp\/v2\/brand?post=72863"},{"taxonomy":"product_brand","embeddable":true,"href":"https:\/\/onlinehardwareshop.de\/index.php\/wp-json\/wp\/v2\/product_brand?post=72863"},{"taxonomy":"product_cat","embeddable":true,"href":"https:\/\/onlinehardwareshop.de\/index.php\/wp-json\/wp\/v2\/product_cat?post=72863"},{"taxonomy":"product_tag","embeddable":true,"href":"https:\/\/onlinehardwareshop.de\/index.php\/wp-json\/wp\/v2\/product_tag?post=72863"}],"curies":[{"name":"wp","href":"https:\/\/api.w.org\/{rel}","templated":true}]}}