{"id":72857,"date":"2024-03-24T03:28:21","date_gmt":"2024-03-24T03:28:21","guid":{"rendered":"https:\/\/onlinehardwareshop.de\/index.php\/produkt\/sony-wh-1000xm4-schwarz-2\/"},"modified":"2025-05-14T02:11:13","modified_gmt":"2025-05-14T02:11:13","slug":"sony-wh-1000xm4-schwarz","status":"publish","type":"product","link":"https:\/\/onlinehardwareshop.de\/index.php\/produkt\/sony-wh-1000xm4-schwarz\/","title":{"rendered":"Sony WH-1000XM4 Schwarz"},"content":{"rendered":"<p>Der Sony WH-1000XM4 ist genau das Richtige f\u00fcr dich, wenn du einen smarten Kopfh\u00f6rer mit erstklassigem Noise Cancelling suchst. Noise Cancelling sorgt daf\u00fcr, dass Umgebungsger\u00e4usche und L\u00e4rm ged\u00e4mpft werden. Schalte es ein und genie\u00dfe deine Lieblingssongs, ohne gest\u00f6rt zu werden. Wenn du ein Gespr\u00e4ch mit jemandem beginnst, pausiert die Musik automatisch und die Umgebungsger\u00e4usche werden verst\u00e4rkt. Daf\u00fcr brauchst du den Kopfh\u00f6rer nicht abzunehmen. Lade die Sony Headphones Connect App herunter, um diese Smart-Funktion zu personalisieren. W\u00e4hle den Equalizer in der App, um den Klang anzupassen. Hier entscheidest du, wie deine Lieblingssongs klingen.  Noise Cancelling Noise Cancelling ist eine Technologie, die Umgebungsger\u00e4usche misst und dann ein Gegenger\u00e4usch produziert, um sie zu unterdr\u00fccken. So h\u00f6rst du weniger von deiner Umgebung und mehr von deiner Musik. Mit aktiviertem Noise Cancelling h\u00f6rst du mit einer vollen Akkuladung 30 Stunden lang deine Musik.   Trageerkennung Der Kopfh\u00f6rer wei\u00df nicht nur, wenn du anf\u00e4ngst zu sprechen, sondern auch, wenn du den Kopfh\u00f6rer abnimmst bzw. aufsetzt. In der linken Ohrmuschel befindet sich ein Sensor, der erkennt, wann der Kopfh\u00f6rer auf deinen Ohren sitzt. Nimmst du ihn ab? Dann h\u00e4lt die Musik an. Setzt du ihn wieder auf? Dann geht der Song weiter.  Multipoint Pairing Kopple den XM4 \u00fcber Multipoint Pairing einfach mit zwei Wiedergabeger\u00e4ten gleichzeitig. Der Kopfh\u00f6rer wechselt automatisch zwischen den beiden verbundenen Ger\u00e4ten, etwa einem Computer und einem Smartphone. Wenn du ein Lied auf deinem Handy abspielst und dann ein Video auf deinem Computer anschaust, schaltet der Kopfh\u00f6rer die Verbindung automatisch um. Klang laut Experte Dieser Kopfh\u00f6rer bietet dir einen kraftvollen Bass. Der Bass kommt sehr gut zur Geltung. Die Mitten sind in Balance, was bedeutet, dass Instrumente und Gesang nicht verst\u00e4rkt oder weniger h\u00f6rbar sind. So weichen sie nicht von dem ab, was der K\u00fcnstler beabsichtigt hat. Benutze den Equalizer, wenn du die Betonung der B\u00e4sse, Mitten und H\u00f6hen ver\u00e4ndern m\u00f6chtest. Du stellst den Sound ganz nach deinem Geschmack ein.  Hinweis: Sony liefert neben dem Ladekabel kein zus\u00e4tzliches Ladeger\u00e4t mit. Verwende daher dein aktuelles Zubeh\u00f6r oder kaufe es dir neu.<\/p>\n","protected":false},"excerpt":{"rendered":"<p>Der Sony WH-1000XM4 ist genau das Richtige f\u00fcr dich, wenn du einen smarten Kopfh\u00f6rer mit erstklassigem Noise Cancelling suchst. Noise Cancelling sorgt daf\u00fcr, dass Umgebungsger\u00e4usche und L\u00e4rm ged\u00e4mpft werden. Schalte es ein und genie\u00dfe deine Lieblingssongs, ohne gest\u00f6rt zu werden. Wenn du ein Gespr\u00e4ch mit jemandem beginnst, pausiert die Musik automatisch und die Umgebungsger\u00e4usche werden verst\u00e4rkt. Daf\u00fcr brauchst du den Kopfh\u00f6rer nicht abzunehmen. Lade die Sony Headphones Connect App herunter, um diese Smart-Funktion zu personalisieren. W\u00e4hle den Equalizer in der App, um den Klang anzupassen. Hier entscheidest du, wie deine Lieblingssongs klingen.  Noise Cancelling Noise Cancelling ist eine Technologie, die Umgebungsger\u00e4usche misst und dann ein Gegenger\u00e4usch produziert, um sie zu unterdr\u00fccken. So h\u00f6rst du weniger von deiner Umgebung und mehr von deiner Musik. Mit aktiviertem Noise Cancelling h\u00f6rst du mit einer vollen Akkuladung 30 Stunden lang deine Musik.   Trageerkennung Der Kopfh\u00f6rer wei\u00df nicht nur, wenn du anf\u00e4ngst zu sprechen, sondern auch, wenn du den Kopfh\u00f6rer abnimmst bzw. aufsetzt. In der linken Ohrmuschel befindet sich ein Sensor, der erkennt, wann der Kopfh\u00f6rer auf deinen Ohren sitzt. Nimmst du ihn ab? Dann h\u00e4lt die Musik an. Setzt du ihn wieder auf? Dann geht der Song weiter.  Multipoint Pairing Kopple den XM4 \u00fcber Multipoint Pairing einfach mit zwei Wiedergabeger\u00e4ten gleichzeitig. Der Kopfh\u00f6rer wechselt automatisch zwischen den beiden verbundenen Ger\u00e4ten, etwa einem Computer und einem Smartphone. Wenn du ein Lied auf deinem Handy abspielst und dann ein Video auf deinem Computer anschaust, schaltet der Kopfh\u00f6rer die Verbindung automatisch um. Klang laut Experte Dieser Kopfh\u00f6rer bietet dir einen kraftvollen Bass. Der Bass kommt sehr gut zur Geltung. Die Mitten sind in Balance, was bedeutet, dass Instrumente und Gesang nicht verst\u00e4rkt oder weniger h\u00f6rbar sind. So weichen sie nicht von dem ab, was der K\u00fcnstler beabsichtigt hat. Benutze den Equalizer, wenn du die Betonung der B\u00e4sse, Mitten und H\u00f6hen ver\u00e4ndern m\u00f6chtest. Du stellst den Sound ganz nach deinem Geschmack ein.  Hinweis: Sony liefert neben dem Ladekabel kein zus\u00e4tzliches Ladeger\u00e4t mit. Verwende daher dein aktuelles Zubeh\u00f6r oder kaufe es dir neu.<\/p>\n","protected":false},"featured_media":0,"comment_status":"closed","ping_status":"open","template":"","meta":{"_acf_changed":false},"brand":[56],"product_brand":[],"product_cat":[1182],"product_tag":[5609],"class_list":{"0":"post-72857","1":"product","2":"type-product","3":"status-publish","5":"brand-sony","6":"product_cat-kopfhrer","7":"product_tag-hoofdtelefoons-met-noisecancelling","8":"pa_condition-new","9":"pa_coolblue-de-verzending-morgen-gratis-geliefert","10":"pa_ean-5607","11":"pa_mpn-wh1000xm4b-ce7","13":"first","14":"instock","15":"product-type-external"},"acf":[],"_links":{"self":[{"href":"https:\/\/onlinehardwareshop.de\/index.php\/wp-json\/wp\/v2\/product\/72857","targetHints":{"allow":["GET"]}}],"collection":[{"href":"https:\/\/onlinehardwareshop.de\/index.php\/wp-json\/wp\/v2\/product"}],"about":[{"href":"https:\/\/onlinehardwareshop.de\/index.php\/wp-json\/wp\/v2\/types\/product"}],"replies":[{"embeddable":true,"href":"https:\/\/onlinehardwareshop.de\/index.php\/wp-json\/wp\/v2\/comments?post=72857"}],"wp:attachment":[{"href":"https:\/\/onlinehardwareshop.de\/index.php\/wp-json\/wp\/v2\/media?parent=72857"}],"wp:term":[{"taxonomy":"brand","embeddable":true,"href":"https:\/\/onlinehardwareshop.de\/index.php\/wp-json\/wp\/v2\/brand?post=72857"},{"taxonomy":"product_brand","embeddable":true,"href":"https:\/\/onlinehardwareshop.de\/index.php\/wp-json\/wp\/v2\/product_brand?post=72857"},{"taxonomy":"product_cat","embeddable":true,"href":"https:\/\/onlinehardwareshop.de\/index.php\/wp-json\/wp\/v2\/product_cat?post=72857"},{"taxonomy":"product_tag","embeddable":true,"href":"https:\/\/onlinehardwareshop.de\/index.php\/wp-json\/wp\/v2\/product_tag?post=72857"}],"curies":[{"name":"wp","href":"https:\/\/api.w.org\/{rel}","templated":true}]}}