{"id":72833,"date":"2024-06-20T12:58:07","date_gmt":"2024-06-20T12:58:07","guid":{"rendered":"https:\/\/onlinehardwareshop.de\/index.php\/produkt\/sony-fe-20mm-f-1-8-g\/"},"modified":"2025-05-14T02:09:02","modified_gmt":"2025-05-14T02:09:02","slug":"sony-fe-20mm-f-1-8-g","status":"publish","type":"product","link":"https:\/\/onlinehardwareshop.de\/index.php\/produkt\/sony-fe-20mm-f-1-8-g\/","title":{"rendered":"Sony FE 20mm f\/1.8 G"},"content":{"rendered":"<p>Das Sony FE 20mm f\/1.8 G ist ein Weitwinkelobjektiv f\u00fcr Landschafts-, Architektur- und Innenaufnahmen. Es eignet sich f\u00fcr Sony Systemkameras. Die f\/1.8-Blende macht das Objektiv lichtstark, was bei Aufnahmen in dunklen R\u00e4umen oder bei Nacht praktisch ist. Mit speziellen Linsenelementen, die Aberrationen reduzieren, ist die Bildqualit\u00e4t des Objektivs bis in die Ecken des Bildes hoch. Trotz seiner hochwertigen optischen Konstruktion ist das Objektiv kompakt und leicht. Du kannst mit diesem Objektiv auch Nahaufnahmen machen. Im AF-Modus kannst du schon ab einem Abstand von 19 Zentimetern von deinem Motiv scharfstellen, im manuellen Fokus ab 18 Zentimeter. Die Blenden\u00f6ffnung wird einfach mit dem Blendenring am Objektiv eingestellt. Das sorgt f\u00fcr zus\u00e4tzliche Benutzerfreundlichkeit beim Fotografieren.<\/p>\n","protected":false},"excerpt":{"rendered":"<p>Das Sony FE 20mm f\/1.8 G ist ein Weitwinkelobjektiv f\u00fcr Landschafts-, Architektur- und Innenaufnahmen. Es eignet sich f\u00fcr Sony Systemkameras. Die f\/1.8-Blende macht das Objektiv lichtstark, was bei Aufnahmen in dunklen R\u00e4umen oder bei Nacht praktisch ist. Mit speziellen Linsenelementen, die Aberrationen reduzieren, ist die Bildqualit\u00e4t des Objektivs bis in die Ecken des Bildes hoch. Trotz seiner hochwertigen optischen Konstruktion ist das Objektiv kompakt und leicht. Du kannst mit diesem Objektiv auch Nahaufnahmen machen. Im AF-Modus kannst du schon ab einem Abstand von 19 Zentimetern von deinem Motiv scharfstellen, im manuellen Fokus ab 18 Zentimeter. Die Blenden\u00f6ffnung wird einfach mit dem Blendenring am Objektiv eingestellt. Das sorgt f\u00fcr zus\u00e4tzliche Benutzerfreundlichkeit beim Fotografieren.<\/p>\n","protected":false},"featured_media":0,"comment_status":"closed","ping_status":"open","template":"","meta":{"_acf_changed":false},"brand":[56],"product_brand":[],"product_cat":[187],"product_tag":[950],"class_list":{"0":"post-72833","1":"product","2":"type-product","3":"status-publish","5":"brand-sony","6":"product_cat-kameraobjektive","7":"product_tag-lenzen-voor-csc-cameras","8":"pa_condition-new","9":"pa_coolblue-de-verzending-morgen-gratis-geliefert","10":"pa_ean-30701","11":"pa_mpn-sel20f18g-syx","13":"first","14":"instock","15":"product-type-external"},"acf":[],"_links":{"self":[{"href":"https:\/\/onlinehardwareshop.de\/index.php\/wp-json\/wp\/v2\/product\/72833","targetHints":{"allow":["GET"]}}],"collection":[{"href":"https:\/\/onlinehardwareshop.de\/index.php\/wp-json\/wp\/v2\/product"}],"about":[{"href":"https:\/\/onlinehardwareshop.de\/index.php\/wp-json\/wp\/v2\/types\/product"}],"replies":[{"embeddable":true,"href":"https:\/\/onlinehardwareshop.de\/index.php\/wp-json\/wp\/v2\/comments?post=72833"}],"wp:attachment":[{"href":"https:\/\/onlinehardwareshop.de\/index.php\/wp-json\/wp\/v2\/media?parent=72833"}],"wp:term":[{"taxonomy":"brand","embeddable":true,"href":"https:\/\/onlinehardwareshop.de\/index.php\/wp-json\/wp\/v2\/brand?post=72833"},{"taxonomy":"product_brand","embeddable":true,"href":"https:\/\/onlinehardwareshop.de\/index.php\/wp-json\/wp\/v2\/product_brand?post=72833"},{"taxonomy":"product_cat","embeddable":true,"href":"https:\/\/onlinehardwareshop.de\/index.php\/wp-json\/wp\/v2\/product_cat?post=72833"},{"taxonomy":"product_tag","embeddable":true,"href":"https:\/\/onlinehardwareshop.de\/index.php\/wp-json\/wp\/v2\/product_tag?post=72833"}],"curies":[{"name":"wp","href":"https:\/\/api.w.org\/{rel}","templated":true}]}}