{"id":72832,"date":"2024-01-24T15:51:28","date_gmt":"2024-01-24T15:51:28","guid":{"rendered":"https:\/\/onlinehardwareshop.de\/index.php\/produkt\/logitech-streamcam-ber-usb-c-grau-2\/"},"modified":"2025-05-14T02:08:57","modified_gmt":"2025-05-14T02:08:57","slug":"logitech-streamcam-ber-usb-c-grau","status":"publish","type":"product","link":"https:\/\/onlinehardwareshop.de\/index.php\/produkt\/logitech-streamcam-ber-usb-c-grau\/","title":{"rendered":"Logitech StreamCam &#xFC;ber USB-C Grau"},"content":{"rendered":"<p>Mit der Logitech StreamCam bringst du deinen Content auf die n\u00e4chste Ebene und teilst deine Leidenschaft \u00fcber YouTube. Du kannst damit Videos in einer Aufl\u00f6sung von 1080p und mit 60 Bildern pro Sekunde aufnehmen. Mit Unterst\u00fctzung f\u00fcr vertikale Videos ist diese Kamera f\u00fcr Creators aller Arten von Contentkan\u00e4len geeignet. Autofokus mit Gesichtserkennung \u00fcber KI, Beleuchtung und vertikale Befestigungsoptionen sorgen daf\u00fcr, dass du immer perfekt im Bild zu sehen bist. Die klaren Audioleistungen sorgen daf\u00fcr, dass deine Stimme immer deutlich klingt. Mit der Logitech Capture-Software kannst du auch Content mit mehreren Kameras, Text\u00fcberlagerungen, \u00dcbergangseffekten und anderen Studio-Steuerelementen erstellen.<\/p>\n","protected":false},"excerpt":{"rendered":"<p>Mit der Logitech StreamCam bringst du deinen Content auf die n\u00e4chste Ebene und teilst deine Leidenschaft \u00fcber YouTube. Du kannst damit Videos in einer Aufl\u00f6sung von 1080p und mit 60 Bildern pro Sekunde aufnehmen. Mit Unterst\u00fctzung f\u00fcr vertikale Videos ist diese Kamera f\u00fcr Creators aller Arten von Contentkan\u00e4len geeignet. Autofokus mit Gesichtserkennung \u00fcber KI, Beleuchtung und vertikale Befestigungsoptionen sorgen daf\u00fcr, dass du immer perfekt im Bild zu sehen bist. Die klaren Audioleistungen sorgen daf\u00fcr, dass deine Stimme immer deutlich klingt. Mit der Logitech Capture-Software kannst du auch Content mit mehreren Kameras, Text\u00fcberlagerungen, \u00dcbergangseffekten und anderen Studio-Steuerelementen erstellen.<\/p>\n","protected":false},"featured_media":0,"comment_status":"closed","ping_status":"open","template":"","meta":{"_acf_changed":false},"brand":[32],"product_brand":[],"product_cat":[999],"product_tag":[2383],"class_list":{"0":"post-72832","1":"product","2":"type-product","3":"status-publish","5":"brand-logitech","6":"product_cat-webcams","7":"product_tag-streaming-webcams","8":"pa_condition-new","9":"pa_coolblue-de-verzending-morgen-gratis-geliefert","10":"pa_ean-5551","11":"pa_mpn-960-001281","13":"first","14":"instock","15":"product-type-external"},"acf":[],"_links":{"self":[{"href":"https:\/\/onlinehardwareshop.de\/index.php\/wp-json\/wp\/v2\/product\/72832","targetHints":{"allow":["GET"]}}],"collection":[{"href":"https:\/\/onlinehardwareshop.de\/index.php\/wp-json\/wp\/v2\/product"}],"about":[{"href":"https:\/\/onlinehardwareshop.de\/index.php\/wp-json\/wp\/v2\/types\/product"}],"replies":[{"embeddable":true,"href":"https:\/\/onlinehardwareshop.de\/index.php\/wp-json\/wp\/v2\/comments?post=72832"}],"wp:attachment":[{"href":"https:\/\/onlinehardwareshop.de\/index.php\/wp-json\/wp\/v2\/media?parent=72832"}],"wp:term":[{"taxonomy":"brand","embeddable":true,"href":"https:\/\/onlinehardwareshop.de\/index.php\/wp-json\/wp\/v2\/brand?post=72832"},{"taxonomy":"product_brand","embeddable":true,"href":"https:\/\/onlinehardwareshop.de\/index.php\/wp-json\/wp\/v2\/product_brand?post=72832"},{"taxonomy":"product_cat","embeddable":true,"href":"https:\/\/onlinehardwareshop.de\/index.php\/wp-json\/wp\/v2\/product_cat?post=72832"},{"taxonomy":"product_tag","embeddable":true,"href":"https:\/\/onlinehardwareshop.de\/index.php\/wp-json\/wp\/v2\/product_tag?post=72832"}],"curies":[{"name":"wp","href":"https:\/\/api.w.org\/{rel}","templated":true}]}}