{"id":72793,"date":"2024-08-24T00:28:28","date_gmt":"2024-08-24T00:28:28","guid":{"rendered":"https:\/\/onlinehardwareshop.de\/index.php\/produkt\/kitchenaid-artisan-k400-5ksb4026eib-ink-blue-2\/"},"modified":"2025-05-14T02:05:48","modified_gmt":"2025-05-14T02:05:48","slug":"kitchenaid-artisan-k400-5ksb4026eib-ink-blue","status":"publish","type":"product","link":"https:\/\/onlinehardwareshop.de\/index.php\/produkt\/kitchenaid-artisan-k400-5ksb4026eib-ink-blue\/","title":{"rendered":"KitchenAid Artisan K400 5KSB4026EIB Ink blue"},"content":{"rendered":"<p>Mit dem KitchenAid Artisan K400 5KSB4026EIB Ink blue kannst du hei\u00dfe, kalte und gefrorene Zutaten verarbeiten. Zum Zerkleinern von Eis und zum Zubereiten von Smoothies oder Eisgetr\u00e4nken verf\u00fcgt dieser Standmixer \u00fcber drei automatische Programme. Du m\u00f6chtest Suppe zubereiten oder Nussbutter herstellen? Verwende dann einen der f\u00fcnf Geschwindigkeitsmodi oder den Pulsmodus. Selbst an das Abmessen von Zutaten wurde gedacht. Im Deckel befindet sich n\u00e4mlich eine Kappe, mit der du bis zu 60 Milliliter einer Zutat abmessen kannst. Praktisch, denn so brauchst du keinen separaten Messbecher. F\u00fclle den Mixbeh\u00e4lter nach Gebrauch mit Wasser und Sp\u00fclmittel. Wenn der Mixbeh\u00e4lter nicht vollst\u00e4ndig sauber geworden ist, kannst du ihn einfach in den Geschirrsp\u00fcler geben.<\/p>\n","protected":false},"excerpt":{"rendered":"<p>Mit dem KitchenAid Artisan K400 5KSB4026EIB Ink blue kannst du hei\u00dfe, kalte und gefrorene Zutaten verarbeiten. Zum Zerkleinern von Eis und zum Zubereiten von Smoothies oder Eisgetr\u00e4nken verf\u00fcgt dieser Standmixer \u00fcber drei automatische Programme. Du m\u00f6chtest Suppe zubereiten oder Nussbutter herstellen? Verwende dann einen der f\u00fcnf Geschwindigkeitsmodi oder den Pulsmodus. Selbst an das Abmessen von Zutaten wurde gedacht. Im Deckel befindet sich n\u00e4mlich eine Kappe, mit der du bis zu 60 Milliliter einer Zutat abmessen kannst. Praktisch, denn so brauchst du keinen separaten Messbecher. F\u00fclle den Mixbeh\u00e4lter nach Gebrauch mit Wasser und Sp\u00fclmittel. Wenn der Mixbeh\u00e4lter nicht vollst\u00e4ndig sauber geworden ist, kannst du ihn einfach in den Geschirrsp\u00fcler geben.<\/p>\n","protected":false},"featured_media":0,"comment_status":"closed","ping_status":"open","template":"","meta":{"_acf_changed":false},"brand":[709],"product_brand":[],"product_cat":[1606],"product_tag":[1607],"class_list":{"0":"post-72793","1":"product","2":"type-product","3":"status-publish","5":"brand-kitchenaid","6":"product_cat-standmixer","7":"product_tag-blenders","8":"pa_condition-new","9":"pa_coolblue-de-verzending-morgen-gratis-geliefert","10":"pa_ean-5471","11":"pa_mpn-5ksb4026eib","13":"first","14":"instock","15":"product-type-external"},"acf":[],"_links":{"self":[{"href":"https:\/\/onlinehardwareshop.de\/index.php\/wp-json\/wp\/v2\/product\/72793","targetHints":{"allow":["GET"]}}],"collection":[{"href":"https:\/\/onlinehardwareshop.de\/index.php\/wp-json\/wp\/v2\/product"}],"about":[{"href":"https:\/\/onlinehardwareshop.de\/index.php\/wp-json\/wp\/v2\/types\/product"}],"replies":[{"embeddable":true,"href":"https:\/\/onlinehardwareshop.de\/index.php\/wp-json\/wp\/v2\/comments?post=72793"}],"wp:attachment":[{"href":"https:\/\/onlinehardwareshop.de\/index.php\/wp-json\/wp\/v2\/media?parent=72793"}],"wp:term":[{"taxonomy":"brand","embeddable":true,"href":"https:\/\/onlinehardwareshop.de\/index.php\/wp-json\/wp\/v2\/brand?post=72793"},{"taxonomy":"product_brand","embeddable":true,"href":"https:\/\/onlinehardwareshop.de\/index.php\/wp-json\/wp\/v2\/product_brand?post=72793"},{"taxonomy":"product_cat","embeddable":true,"href":"https:\/\/onlinehardwareshop.de\/index.php\/wp-json\/wp\/v2\/product_cat?post=72793"},{"taxonomy":"product_tag","embeddable":true,"href":"https:\/\/onlinehardwareshop.de\/index.php\/wp-json\/wp\/v2\/product_tag?post=72793"}],"curies":[{"name":"wp","href":"https:\/\/api.w.org\/{rel}","templated":true}]}}