{"id":72761,"date":"2025-02-22T07:30:25","date_gmt":"2025-02-22T07:30:25","guid":{"rendered":"https:\/\/onlinehardwareshop.de\/index.php\/produkt\/nilfisk-premium-180-1-10-2\/"},"modified":"2025-05-14T02:03:08","modified_gmt":"2025-05-14T02:03:08","slug":"nilfisk-premium-180-1-10","status":"publish","type":"product","link":"https:\/\/onlinehardwareshop.de\/index.php\/produkt\/nilfisk-premium-180-1-10\/","title":{"rendered":"Nilfisk Premium 180.1-10"},"content":{"rendered":"<p>Mit einem Wasserdruck von 180\u00a0bar und einer Durchflussmenge von 610\u00a0Litern pro Stunde handelt es sich beim Nilfisk Premium 180.1-10 um einen sehr leistungsstarken Hochdruckreiniger. Dadurch eignet er sich f\u00fcr intensive Reinigungsarbeiten, wie beispielsweise das Reinigen eines Schwimmbads oder eines Traktors. Neben gro\u00dfen Reinigungsarbeiten f\u00fchrst du auch kleinere Aufgaben aus. Der Wasserdruck ist n\u00e4mlich einstellbar, sodass sich der Hochdruckreiniger f\u00fcr mehrere Anwendungen eignet. Neben einer Spr\u00fchlanze erh\u00e4ltst du auch eine Dreckfr\u00e4se, um hartn\u00e4ckigen Schmutz zu entfernen. Nach Gebrauch wickelst du den Schlauch ganz einfach und ohne Knick auf der Trommel auf. Der Induktionsmotor des Premium 180.1-10 sorgt f\u00fcr eine lange Lebensdauer. Nilfisk bietet eine lebenslange Garantie auf seine Produkte. So bist du beim Kauf immer abgesichert.  Ein Gartenschlauch ist nicht im Lieferumfang des Hochdruckreinigers enthalten. F\u00fcr diesen Hochdruckreiniger ben\u00f6tigst du einen Gartenschlauch mit einem Durchmesser von 25\u00a0Millimetern und einer L\u00e4nge zwischen 6\u00a0Metern und 50\u00a0Metern.<\/p>\n","protected":false},"excerpt":{"rendered":"<p>Mit einem Wasserdruck von 180\u00a0bar und einer Durchflussmenge von 610\u00a0Litern pro Stunde handelt es sich beim Nilfisk Premium 180.1-10 um einen sehr leistungsstarken Hochdruckreiniger. Dadurch eignet er sich f\u00fcr intensive Reinigungsarbeiten, wie beispielsweise das Reinigen eines Schwimmbads oder eines Traktors. Neben gro\u00dfen Reinigungsarbeiten f\u00fchrst du auch kleinere Aufgaben aus. Der Wasserdruck ist n\u00e4mlich einstellbar, sodass sich der Hochdruckreiniger f\u00fcr mehrere Anwendungen eignet. Neben einer Spr\u00fchlanze erh\u00e4ltst du auch eine Dreckfr\u00e4se, um hartn\u00e4ckigen Schmutz zu entfernen. Nach Gebrauch wickelst du den Schlauch ganz einfach und ohne Knick auf der Trommel auf. Der Induktionsmotor des Premium 180.1-10 sorgt f\u00fcr eine lange Lebensdauer. Nilfisk bietet eine lebenslange Garantie auf seine Produkte. So bist du beim Kauf immer abgesichert.  Ein Gartenschlauch ist nicht im Lieferumfang des Hochdruckreinigers enthalten. F\u00fcr diesen Hochdruckreiniger ben\u00f6tigst du einen Gartenschlauch mit einem Durchmesser von 25\u00a0Millimetern und einer L\u00e4nge zwischen 6\u00a0Metern und 50\u00a0Metern.<\/p>\n","protected":false},"featured_media":0,"comment_status":"closed","ping_status":"open","template":"","meta":{"_acf_changed":false},"brand":[289],"product_brand":[],"product_cat":[2722],"product_tag":[2723],"class_list":{"0":"post-72761","1":"product","2":"type-product","3":"status-publish","5":"brand-nilfisk","6":"product_cat-hochdruckreiniger","7":"product_tag-hogedrukreinigers","8":"pa_condition-new","9":"pa_coolblue-de-verzending-morgen-gratis-geliefert","10":"pa_ean-28949","11":"pa_mpn-28950","13":"first","14":"instock","15":"product-type-external"},"acf":[],"_links":{"self":[{"href":"https:\/\/onlinehardwareshop.de\/index.php\/wp-json\/wp\/v2\/product\/72761","targetHints":{"allow":["GET"]}}],"collection":[{"href":"https:\/\/onlinehardwareshop.de\/index.php\/wp-json\/wp\/v2\/product"}],"about":[{"href":"https:\/\/onlinehardwareshop.de\/index.php\/wp-json\/wp\/v2\/types\/product"}],"replies":[{"embeddable":true,"href":"https:\/\/onlinehardwareshop.de\/index.php\/wp-json\/wp\/v2\/comments?post=72761"}],"wp:attachment":[{"href":"https:\/\/onlinehardwareshop.de\/index.php\/wp-json\/wp\/v2\/media?parent=72761"}],"wp:term":[{"taxonomy":"brand","embeddable":true,"href":"https:\/\/onlinehardwareshop.de\/index.php\/wp-json\/wp\/v2\/brand?post=72761"},{"taxonomy":"product_brand","embeddable":true,"href":"https:\/\/onlinehardwareshop.de\/index.php\/wp-json\/wp\/v2\/product_brand?post=72761"},{"taxonomy":"product_cat","embeddable":true,"href":"https:\/\/onlinehardwareshop.de\/index.php\/wp-json\/wp\/v2\/product_cat?post=72761"},{"taxonomy":"product_tag","embeddable":true,"href":"https:\/\/onlinehardwareshop.de\/index.php\/wp-json\/wp\/v2\/product_tag?post=72761"}],"curies":[{"name":"wp","href":"https:\/\/api.w.org\/{rel}","templated":true}]}}