{"id":72741,"date":"2024-04-21T14:20:10","date_gmt":"2024-04-21T14:20:10","guid":{"rendered":"https:\/\/onlinehardwareshop.de\/index.php\/produkt\/bosch-universalaquatak-135-2\/"},"modified":"2025-05-14T02:01:29","modified_gmt":"2025-05-14T02:01:29","slug":"bosch-universalaquatak-135","status":"publish","type":"product","link":"https:\/\/onlinehardwareshop.de\/index.php\/produkt\/bosch-universalaquatak-135\/","title":{"rendered":"Bosch UniversalAquatak 135"},"content":{"rendered":"<p>Mit dem Bosch UniversalAquatak 135 reinigst du nicht nur dein Fahrrad oder Gartenm\u00f6bel, sondern erledigst auch gr\u00f6\u00dfere Reinigungsarbeiten. So reinigst du beispielsweise dein Motorrad oder den Gartenzaun. Eine 3-in-1-D\u00fcse ist mit einem Flach-, Spitz- und Rotorstrahl ausgestattet. Damit hast du immer den richtigen Strahl f\u00fcr die anstehende Aufgabe parat. Au\u00dferdem ist der Wasserdruck einstellbar, wodurch du den Strahl ebenfalls an deine Arbeit anpassen kannst. Verringere den Druck, um zu verhindern, dass der Strahl den Lack deines Motorrads besch\u00e4digt. Wenn du hartn\u00e4ckigen Schmutz entfernen willst, stelle den Druck h\u00f6her ein. Der Griff des Hochdruckreinigers ist versenkbar, wodurch das Ger\u00e4t weniger Stauraum in Anspruch nimmt und sich leichter bewegen l\u00e4sst.   Ein Gartenschlauch wird nicht mit dem Hochdruckreiniger geliefert. F\u00fcr diesen Hochdruckreiniger ben\u00f6tigen Sie einen Gartenschlauch mit einem Durchmesser von 12,7 Millimetern.<\/p>\n","protected":false},"excerpt":{"rendered":"<p>Mit dem Bosch UniversalAquatak 135 reinigst du nicht nur dein Fahrrad oder Gartenm\u00f6bel, sondern erledigst auch gr\u00f6\u00dfere Reinigungsarbeiten. So reinigst du beispielsweise dein Motorrad oder den Gartenzaun. Eine 3-in-1-D\u00fcse ist mit einem Flach-, Spitz- und Rotorstrahl ausgestattet. Damit hast du immer den richtigen Strahl f\u00fcr die anstehende Aufgabe parat. Au\u00dferdem ist der Wasserdruck einstellbar, wodurch du den Strahl ebenfalls an deine Arbeit anpassen kannst. Verringere den Druck, um zu verhindern, dass der Strahl den Lack deines Motorrads besch\u00e4digt. Wenn du hartn\u00e4ckigen Schmutz entfernen willst, stelle den Druck h\u00f6her ein. Der Griff des Hochdruckreinigers ist versenkbar, wodurch das Ger\u00e4t weniger Stauraum in Anspruch nimmt und sich leichter bewegen l\u00e4sst.   Ein Gartenschlauch wird nicht mit dem Hochdruckreiniger geliefert. F\u00fcr diesen Hochdruckreiniger ben\u00f6tigen Sie einen Gartenschlauch mit einem Durchmesser von 12,7 Millimetern.<\/p>\n","protected":false},"featured_media":0,"comment_status":"closed","ping_status":"open","template":"","meta":{"_acf_changed":false},"brand":[250],"product_brand":[],"product_cat":[2722],"product_tag":[2723],"class_list":{"0":"post-72741","1":"product","2":"type-product","3":"status-publish","5":"brand-bosch","6":"product_cat-hochdruckreiniger","7":"product_tag-hogedrukreinigers","8":"pa_condition-new","9":"pa_coolblue-de-verzending-morgen-gratis-geliefert","10":"pa_ean-5345","11":"pa_mpn-06008a7c00","13":"first","14":"instock","15":"product-type-external"},"acf":[],"_links":{"self":[{"href":"https:\/\/onlinehardwareshop.de\/index.php\/wp-json\/wp\/v2\/product\/72741","targetHints":{"allow":["GET"]}}],"collection":[{"href":"https:\/\/onlinehardwareshop.de\/index.php\/wp-json\/wp\/v2\/product"}],"about":[{"href":"https:\/\/onlinehardwareshop.de\/index.php\/wp-json\/wp\/v2\/types\/product"}],"replies":[{"embeddable":true,"href":"https:\/\/onlinehardwareshop.de\/index.php\/wp-json\/wp\/v2\/comments?post=72741"}],"wp:attachment":[{"href":"https:\/\/onlinehardwareshop.de\/index.php\/wp-json\/wp\/v2\/media?parent=72741"}],"wp:term":[{"taxonomy":"brand","embeddable":true,"href":"https:\/\/onlinehardwareshop.de\/index.php\/wp-json\/wp\/v2\/brand?post=72741"},{"taxonomy":"product_brand","embeddable":true,"href":"https:\/\/onlinehardwareshop.de\/index.php\/wp-json\/wp\/v2\/product_brand?post=72741"},{"taxonomy":"product_cat","embeddable":true,"href":"https:\/\/onlinehardwareshop.de\/index.php\/wp-json\/wp\/v2\/product_cat?post=72741"},{"taxonomy":"product_tag","embeddable":true,"href":"https:\/\/onlinehardwareshop.de\/index.php\/wp-json\/wp\/v2\/product_tag?post=72741"}],"curies":[{"name":"wp","href":"https:\/\/api.w.org\/{rel}","templated":true}]}}