{"id":72725,"date":"2024-05-13T02:01:29","date_gmt":"2024-05-13T02:01:29","guid":{"rendered":"https:\/\/onlinehardwareshop.de\/index.php\/produkt\/sage-the-bbq-und-press-2\/"},"modified":"2025-05-14T01:59:48","modified_gmt":"2025-05-14T01:59:48","slug":"sage-the-bbq-und-press","status":"publish","type":"product","link":"https:\/\/onlinehardwareshop.de\/index.php\/produkt\/sage-the-bbq-und-press\/","title":{"rendered":"Sage the BBQ und Press"},"content":{"rendered":"<p>Mit den Sage the BBQ und Press bereitest du auf Knopfdruck Panini, Burger und Steaks zu, da der Kontaktgrill automatische Programme hat. Praktisch, denn so musst du nicht selbst \u00fcber die richtige Temperatur und Zeit nachdenken. Stellst du die Temperatur doch lieber selbst ein? Daf\u00fcr nutzt du den Drehw\u00e4hler vorne am Grill. Der Kontaktgrill kann vollst\u00e4ndig ausgeklappt und so als Tischgrill verwendet werden. Der Temperatur von beiden H\u00e4lften l\u00e4sst sich separat einstellen. Zum Beispiels kannst du die eine Seite zum Anbraten von einem Steak hoch einstellen, w\u00e4hrend du auf der anderen H\u00e4lfte Gem\u00fcse bei einer geringeren Temperatur garst. Nach Gebrauch k\u00f6nnen die Platten in der Sp\u00fclmaschine gereinigt werden.<\/p>\n","protected":false},"excerpt":{"rendered":"<p>Mit den Sage the BBQ und Press bereitest du auf Knopfdruck Panini, Burger und Steaks zu, da der Kontaktgrill automatische Programme hat. Praktisch, denn so musst du nicht selbst \u00fcber die richtige Temperatur und Zeit nachdenken. Stellst du die Temperatur doch lieber selbst ein? Daf\u00fcr nutzt du den Drehw\u00e4hler vorne am Grill. Der Kontaktgrill kann vollst\u00e4ndig ausgeklappt und so als Tischgrill verwendet werden. Der Temperatur von beiden H\u00e4lften l\u00e4sst sich separat einstellen. Zum Beispiels kannst du die eine Seite zum Anbraten von einem Steak hoch einstellen, w\u00e4hrend du auf der anderen H\u00e4lfte Gem\u00fcse bei einer geringeren Temperatur garst. Nach Gebrauch k\u00f6nnen die Platten in der Sp\u00fclmaschine gereinigt werden.<\/p>\n","protected":false},"featured_media":0,"comment_status":"closed","ping_status":"open","template":"","meta":{"_acf_changed":false},"brand":[4385],"product_brand":[],"product_cat":[300],"product_tag":[301],"class_list":{"0":"post-72725","1":"product","2":"type-product","3":"status-publish","5":"brand-sage","6":"product_cat-kontaktgrills","7":"product_tag-contactgrills","8":"pa_condition-new","9":"pa_coolblue-de-verzending-morgen-gratis-geliefert","10":"pa_ean-5307","11":"pa_mpn-sgr700bss4eeu1","13":"first","14":"instock","15":"product-type-external"},"acf":[],"_links":{"self":[{"href":"https:\/\/onlinehardwareshop.de\/index.php\/wp-json\/wp\/v2\/product\/72725","targetHints":{"allow":["GET"]}}],"collection":[{"href":"https:\/\/onlinehardwareshop.de\/index.php\/wp-json\/wp\/v2\/product"}],"about":[{"href":"https:\/\/onlinehardwareshop.de\/index.php\/wp-json\/wp\/v2\/types\/product"}],"replies":[{"embeddable":true,"href":"https:\/\/onlinehardwareshop.de\/index.php\/wp-json\/wp\/v2\/comments?post=72725"}],"wp:attachment":[{"href":"https:\/\/onlinehardwareshop.de\/index.php\/wp-json\/wp\/v2\/media?parent=72725"}],"wp:term":[{"taxonomy":"brand","embeddable":true,"href":"https:\/\/onlinehardwareshop.de\/index.php\/wp-json\/wp\/v2\/brand?post=72725"},{"taxonomy":"product_brand","embeddable":true,"href":"https:\/\/onlinehardwareshop.de\/index.php\/wp-json\/wp\/v2\/product_brand?post=72725"},{"taxonomy":"product_cat","embeddable":true,"href":"https:\/\/onlinehardwareshop.de\/index.php\/wp-json\/wp\/v2\/product_cat?post=72725"},{"taxonomy":"product_tag","embeddable":true,"href":"https:\/\/onlinehardwareshop.de\/index.php\/wp-json\/wp\/v2\/product_tag?post=72725"}],"curies":[{"name":"wp","href":"https:\/\/api.w.org\/{rel}","templated":true}]}}