{"id":72723,"date":"2024-10-29T21:30:20","date_gmt":"2024-10-29T21:30:20","guid":{"rendered":"https:\/\/onlinehardwareshop.de\/index.php\/produkt\/withings-bpm-core-2\/"},"modified":"2025-05-14T01:59:39","modified_gmt":"2025-05-14T01:59:39","slug":"withings-bpm-core","status":"publish","type":"product","link":"https:\/\/onlinehardwareshop.de\/index.php\/produkt\/withings-bpm-core\/","title":{"rendered":"Withings BPM Core"},"content":{"rendered":"<p>Mit dem Blutdruckmessger\u00e4t Withings BPM Core misst du deinen Blutdruck und erkennst Herz- und Gef\u00e4\u00dfkrankheiten. Dieses Blutdruckmessger\u00e4t verf\u00fcgt \u00fcber einen integrierten Herzfrequenzsensor und ein digitales Stethoskop, das Herzklappenerkrankungen erkennt. Verbinde dein Smartphone \u00fcber das WLAN oder \u00fcber Bluetooth mit dem Blutdruckmesser, dann liest du deine Werte direkt in der Health-Mate-App ab. Hier werden alle zur\u00fcckliegenden Ergebnisse gespeichert, sodass du alles \u00fcbersichtlich zu deinem Arzt mitnimmst. Willst du den Durchschnitt deiner Werte berechnen? Dann lass den Taschenrechner in der Schublade, denn das BPM Core berechnet automatisch den Durchschnitt der letzten sieben Messungen. Am Ger\u00e4t lassen sich acht Benutzerprofile einstellen, sodass du das Blutdruckmessger\u00e4t zusammen mit deiner ganzen Familie nutzt.<\/p>\n","protected":false},"excerpt":{"rendered":"<p>Mit dem Blutdruckmessger\u00e4t Withings BPM Core misst du deinen Blutdruck und erkennst Herz- und Gef\u00e4\u00dfkrankheiten. Dieses Blutdruckmessger\u00e4t verf\u00fcgt \u00fcber einen integrierten Herzfrequenzsensor und ein digitales Stethoskop, das Herzklappenerkrankungen erkennt. Verbinde dein Smartphone \u00fcber das WLAN oder \u00fcber Bluetooth mit dem Blutdruckmesser, dann liest du deine Werte direkt in der Health-Mate-App ab. Hier werden alle zur\u00fcckliegenden Ergebnisse gespeichert, sodass du alles \u00fcbersichtlich zu deinem Arzt mitnimmst. Willst du den Durchschnitt deiner Werte berechnen? Dann lass den Taschenrechner in der Schublade, denn das BPM Core berechnet automatisch den Durchschnitt der letzten sieben Messungen. Am Ger\u00e4t lassen sich acht Benutzerprofile einstellen, sodass du das Blutdruckmessger\u00e4t zusammen mit deiner ganzen Familie nutzt.<\/p>\n","protected":false},"featured_media":0,"comment_status":"closed","ping_status":"open","template":"","meta":{"_acf_changed":false},"brand":[5302],"product_brand":[],"product_cat":[838],"product_tag":[839],"class_list":{"0":"post-72723","1":"product","2":"type-product","3":"status-publish","5":"brand-withings","6":"product_cat-blutdruckmessgerte","7":"product_tag-bovenarm-bloeddrukmeters","8":"pa_condition-new","9":"pa_coolblue-de-verzending-morgen-gratis-geliefert","10":"pa_ean-5300","11":"pa_mpn-wpm04-all-inter","13":"first","14":"instock","15":"product-type-external"},"acf":[],"_links":{"self":[{"href":"https:\/\/onlinehardwareshop.de\/index.php\/wp-json\/wp\/v2\/product\/72723","targetHints":{"allow":["GET"]}}],"collection":[{"href":"https:\/\/onlinehardwareshop.de\/index.php\/wp-json\/wp\/v2\/product"}],"about":[{"href":"https:\/\/onlinehardwareshop.de\/index.php\/wp-json\/wp\/v2\/types\/product"}],"replies":[{"embeddable":true,"href":"https:\/\/onlinehardwareshop.de\/index.php\/wp-json\/wp\/v2\/comments?post=72723"}],"wp:attachment":[{"href":"https:\/\/onlinehardwareshop.de\/index.php\/wp-json\/wp\/v2\/media?parent=72723"}],"wp:term":[{"taxonomy":"brand","embeddable":true,"href":"https:\/\/onlinehardwareshop.de\/index.php\/wp-json\/wp\/v2\/brand?post=72723"},{"taxonomy":"product_brand","embeddable":true,"href":"https:\/\/onlinehardwareshop.de\/index.php\/wp-json\/wp\/v2\/product_brand?post=72723"},{"taxonomy":"product_cat","embeddable":true,"href":"https:\/\/onlinehardwareshop.de\/index.php\/wp-json\/wp\/v2\/product_cat?post=72723"},{"taxonomy":"product_tag","embeddable":true,"href":"https:\/\/onlinehardwareshop.de\/index.php\/wp-json\/wp\/v2\/product_tag?post=72723"}],"curies":[{"name":"wp","href":"https:\/\/api.w.org\/{rel}","templated":true}]}}