{"id":72718,"date":"2024-11-27T18:39:31","date_gmt":"2024-11-27T18:39:31","guid":{"rendered":"https:\/\/onlinehardwareshop.de\/index.php\/produkt\/trust-gxt-488-forze-official-licensed-playstation-4-und-5-gaming-headset-schwarz-2\/"},"modified":"2025-05-14T01:59:02","modified_gmt":"2025-05-14T01:59:02","slug":"trust-gxt-488-forze-official-licensed-playstation-4-und-5-gaming-headset-schwarz","status":"publish","type":"product","link":"https:\/\/onlinehardwareshop.de\/index.php\/produkt\/trust-gxt-488-forze-official-licensed-playstation-4-und-5-gaming-headset-schwarz\/","title":{"rendered":"Trust GXT 488 FORZE Official Licensed &#8211; PlayStation 4 und 5 Gaming-Headset &#8211; Schwarz"},"content":{"rendered":"<p>Spiele deine liebsten PlayStation Games ganz bequem mit dem Trust GXT 488 FORZE Official Licensed &#8211; PlayStation 4 und 5 Gaming-Headset. Dieses Gaming-Headset schlie\u00dft du \u00fcber ein 3,5-mm-Audiokabel an. Das Headset ist also Plug &#038; Play und sofort einsatzbereit. Spielst du \u00f6fter im Single-Player-Modus oder ben\u00f6tigst kein Mikrofon? Dann klappe das Mikrofon vom Headset einfach ein. So ist es dir nicht im Weg und du zockst ungest\u00f6rt weiter.<\/p>\n","protected":false},"excerpt":{"rendered":"<p>Spiele deine liebsten PlayStation Games ganz bequem mit dem Trust GXT 488 FORZE Official Licensed &#8211; PlayStation 4 und 5 Gaming-Headset. Dieses Gaming-Headset schlie\u00dft du \u00fcber ein 3,5-mm-Audiokabel an. Das Headset ist also Plug &#038; Play und sofort einsatzbereit. Spielst du \u00f6fter im Single-Player-Modus oder ben\u00f6tigst kein Mikrofon? Dann klappe das Mikrofon vom Headset einfach ein. So ist es dir nicht im Weg und du zockst ungest\u00f6rt weiter.<\/p>\n","protected":false},"featured_media":0,"comment_status":"closed","ping_status":"open","template":"","meta":{"_acf_changed":false},"brand":[596],"product_brand":[],"product_cat":[3435],"product_tag":[3436],"class_list":{"0":"post-72718","1":"product","2":"type-product","3":"status-publish","5":"brand-trust","6":"product_cat-gaming-headsets","7":"product_tag-gaming-headsets","8":"pa_condition-new","9":"pa_coolblue-de-verzending-morgen-gratis-geliefert","10":"pa_ean-5290","11":"pa_mpn-5291","13":"first","14":"instock","15":"product-type-external"},"acf":[],"_links":{"self":[{"href":"https:\/\/onlinehardwareshop.de\/index.php\/wp-json\/wp\/v2\/product\/72718","targetHints":{"allow":["GET"]}}],"collection":[{"href":"https:\/\/onlinehardwareshop.de\/index.php\/wp-json\/wp\/v2\/product"}],"about":[{"href":"https:\/\/onlinehardwareshop.de\/index.php\/wp-json\/wp\/v2\/types\/product"}],"replies":[{"embeddable":true,"href":"https:\/\/onlinehardwareshop.de\/index.php\/wp-json\/wp\/v2\/comments?post=72718"}],"wp:attachment":[{"href":"https:\/\/onlinehardwareshop.de\/index.php\/wp-json\/wp\/v2\/media?parent=72718"}],"wp:term":[{"taxonomy":"brand","embeddable":true,"href":"https:\/\/onlinehardwareshop.de\/index.php\/wp-json\/wp\/v2\/brand?post=72718"},{"taxonomy":"product_brand","embeddable":true,"href":"https:\/\/onlinehardwareshop.de\/index.php\/wp-json\/wp\/v2\/product_brand?post=72718"},{"taxonomy":"product_cat","embeddable":true,"href":"https:\/\/onlinehardwareshop.de\/index.php\/wp-json\/wp\/v2\/product_cat?post=72718"},{"taxonomy":"product_tag","embeddable":true,"href":"https:\/\/onlinehardwareshop.de\/index.php\/wp-json\/wp\/v2\/product_tag?post=72718"}],"curies":[{"name":"wp","href":"https:\/\/api.w.org\/{rel}","templated":true}]}}