{"id":72698,"date":"2024-05-14T16:53:19","date_gmt":"2024-05-14T16:53:19","guid":{"rendered":"https:\/\/onlinehardwareshop.de\/index.php\/produkt\/steba-sv80-20-l-mobile-2\/"},"modified":"2025-05-14T01:57:23","modified_gmt":"2025-05-14T01:57:23","slug":"steba-sv80-20-l-mobile","status":"publish","type":"product","link":"https:\/\/onlinehardwareshop.de\/index.php\/produkt\/steba-sv80-20-l-mobile\/","title":{"rendered":"Steba SV80 20 L Mobile"},"content":{"rendered":"<p>Den Steba SV80 20 L Mobile verbindest du \u00fcber WLAN mit deinem Smartphone, damit du Zeit und Temperatur auch vom Soft aus einstellen und \u00fcberwachen kannst. Mit dem Sous-Vide-Stick verwandelst du jeden Beh\u00e4lter oder Topf in einen Sous-Vide-Garer. Praktisch, weil ein Stick etwas weniger Platz einnimmt als ein Sous-Vide-Topf. Durch Sous-Vide-Garen garst du beispielsweise ein St\u00fcck Fleisch auf sanfte Weise f\u00fcr ein k\u00f6stlich zartes Ergebnis. Mit der Klemme an der R\u00fcckseite klemmst du den Stick einfach am Topf oder Beh\u00e4lter fest. Danach stellst du die richtige Temperatur auf einen halben Grad genau bis  zu 90 \u00b0C durch die Touch-Tasten ein. Nach der Verwendung zerlegst du den Stick einfach, um ihn zu reinigen. Oder du befestigst ihn an einem Topf mit Wasser und Essig, um ihn sauber zu kochen.<\/p>\n","protected":false},"excerpt":{"rendered":"<p>Den Steba SV80 20 L Mobile verbindest du \u00fcber WLAN mit deinem Smartphone, damit du Zeit und Temperatur auch vom Soft aus einstellen und \u00fcberwachen kannst. Mit dem Sous-Vide-Stick verwandelst du jeden Beh\u00e4lter oder Topf in einen Sous-Vide-Garer. Praktisch, weil ein Stick etwas weniger Platz einnimmt als ein Sous-Vide-Topf. Durch Sous-Vide-Garen garst du beispielsweise ein St\u00fcck Fleisch auf sanfte Weise f\u00fcr ein k\u00f6stlich zartes Ergebnis. Mit der Klemme an der R\u00fcckseite klemmst du den Stick einfach am Topf oder Beh\u00e4lter fest. Danach stellst du die richtige Temperatur auf einen halben Grad genau bis  zu 90 \u00b0C durch die Touch-Tasten ein. Nach der Verwendung zerlegst du den Stick einfach, um ihn zu reinigen. Oder du befestigst ihn an einem Topf mit Wasser und Essig, um ihn sauber zu kochen.<\/p>\n","protected":false},"featured_media":0,"comment_status":"closed","ping_status":"open","template":"","meta":{"_acf_changed":false},"brand":[5242],"product_brand":[],"product_cat":[1539],"product_tag":[1540],"class_list":{"0":"post-72698","1":"product","2":"type-product","3":"status-publish","5":"brand-steba","6":"product_cat-sous-vide-garer","7":"product_tag-sous-vide-apparaten","8":"pa_condition-new","9":"pa_coolblue-de-verzending-morgen-gratis-geliefert","10":"pa_ean-5243","11":"pa_mpn-5244","13":"first","14":"instock","15":"product-type-external"},"acf":[],"_links":{"self":[{"href":"https:\/\/onlinehardwareshop.de\/index.php\/wp-json\/wp\/v2\/product\/72698","targetHints":{"allow":["GET"]}}],"collection":[{"href":"https:\/\/onlinehardwareshop.de\/index.php\/wp-json\/wp\/v2\/product"}],"about":[{"href":"https:\/\/onlinehardwareshop.de\/index.php\/wp-json\/wp\/v2\/types\/product"}],"replies":[{"embeddable":true,"href":"https:\/\/onlinehardwareshop.de\/index.php\/wp-json\/wp\/v2\/comments?post=72698"}],"wp:attachment":[{"href":"https:\/\/onlinehardwareshop.de\/index.php\/wp-json\/wp\/v2\/media?parent=72698"}],"wp:term":[{"taxonomy":"brand","embeddable":true,"href":"https:\/\/onlinehardwareshop.de\/index.php\/wp-json\/wp\/v2\/brand?post=72698"},{"taxonomy":"product_brand","embeddable":true,"href":"https:\/\/onlinehardwareshop.de\/index.php\/wp-json\/wp\/v2\/product_brand?post=72698"},{"taxonomy":"product_cat","embeddable":true,"href":"https:\/\/onlinehardwareshop.de\/index.php\/wp-json\/wp\/v2\/product_cat?post=72698"},{"taxonomy":"product_tag","embeddable":true,"href":"https:\/\/onlinehardwareshop.de\/index.php\/wp-json\/wp\/v2\/product_tag?post=72698"}],"curies":[{"name":"wp","href":"https:\/\/api.w.org\/{rel}","templated":true}]}}