{"id":72690,"date":"2024-08-20T09:50:15","date_gmt":"2024-08-20T09:50:15","guid":{"rendered":"https:\/\/onlinehardwareshop.de\/index.php\/produkt\/gigaset-e290m-duo-gigaset-e290m-hx-2\/"},"modified":"2025-05-14T01:56:41","modified_gmt":"2025-05-14T01:56:41","slug":"gigaset-e290m-duo-gigaset-e290m-hx","status":"publish","type":"product","link":"https:\/\/onlinehardwareshop.de\/index.php\/produkt\/gigaset-e290m-duo-gigaset-e290m-hx\/","title":{"rendered":"Gigaset E290M Duo + Gigaset E290M-HX"},"content":{"rendered":"<p>Mit dem Gigaset E290M Duo + Gigaset E290M-HX bist du zu Hause oder im B\u00fcro in drei R\u00e4umen erreichbar. Dank der Tasten- und Bildschirmbeleuchtung kannst du das Ger\u00e4t auch im Dunkeln bedienen. Das Telefonbuch bietet Platz f\u00fcr bis zu 150 Kontakte. Dank der Anrufer-ID kannst du sofort sehen, wenn jemand anruft, der im Telefonbuch gespeichert ist. \u00dcber die 2 Kurzwahltasten kannst du deine Lieblingskontakte mit einem Knopfdruck anrufen. Hast du keine Hand mehr frei zum Telefonieren? Rufe dann mit der Freisprechfunktion \u00fcber den Lautsprecher an.<\/p>\n","protected":false},"excerpt":{"rendered":"<p>Mit dem Gigaset E290M Duo + Gigaset E290M-HX bist du zu Hause oder im B\u00fcro in drei R\u00e4umen erreichbar. Dank der Tasten- und Bildschirmbeleuchtung kannst du das Ger\u00e4t auch im Dunkeln bedienen. Das Telefonbuch bietet Platz f\u00fcr bis zu 150 Kontakte. Dank der Anrufer-ID kannst du sofort sehen, wenn jemand anruft, der im Telefonbuch gespeichert ist. \u00dcber die 2 Kurzwahltasten kannst du deine Lieblingskontakte mit einem Knopfdruck anrufen. Hast du keine Hand mehr frei zum Telefonieren? Rufe dann mit der Freisprechfunktion \u00fcber den Lautsprecher an.<\/p>\n","protected":false},"featured_media":0,"comment_status":"closed","ping_status":"open","template":"","meta":{"_acf_changed":false},"brand":[4160],"product_brand":[],"product_cat":[5011],"product_tag":[],"class_list":{"0":"post-72690","1":"product","2":"type-product","3":"status-publish","5":"brand-gigaset","6":"product_cat-mobilteile-fr-festnetztelefon","7":"pa_condition-new","8":"pa_coolblue-de-verzending-morgen-gratis-geliefert","9":"pa_ean-5223","11":"first","12":"instock","13":"product-type-external"},"acf":[],"_links":{"self":[{"href":"https:\/\/onlinehardwareshop.de\/index.php\/wp-json\/wp\/v2\/product\/72690","targetHints":{"allow":["GET"]}}],"collection":[{"href":"https:\/\/onlinehardwareshop.de\/index.php\/wp-json\/wp\/v2\/product"}],"about":[{"href":"https:\/\/onlinehardwareshop.de\/index.php\/wp-json\/wp\/v2\/types\/product"}],"replies":[{"embeddable":true,"href":"https:\/\/onlinehardwareshop.de\/index.php\/wp-json\/wp\/v2\/comments?post=72690"}],"wp:attachment":[{"href":"https:\/\/onlinehardwareshop.de\/index.php\/wp-json\/wp\/v2\/media?parent=72690"}],"wp:term":[{"taxonomy":"brand","embeddable":true,"href":"https:\/\/onlinehardwareshop.de\/index.php\/wp-json\/wp\/v2\/brand?post=72690"},{"taxonomy":"product_brand","embeddable":true,"href":"https:\/\/onlinehardwareshop.de\/index.php\/wp-json\/wp\/v2\/product_brand?post=72690"},{"taxonomy":"product_cat","embeddable":true,"href":"https:\/\/onlinehardwareshop.de\/index.php\/wp-json\/wp\/v2\/product_cat?post=72690"},{"taxonomy":"product_tag","embeddable":true,"href":"https:\/\/onlinehardwareshop.de\/index.php\/wp-json\/wp\/v2\/product_tag?post=72690"}],"curies":[{"name":"wp","href":"https:\/\/api.w.org\/{rel}","templated":true}]}}