{"id":72654,"date":"2024-04-02T11:21:59","date_gmt":"2024-04-02T11:21:59","guid":{"rendered":"https:\/\/onlinehardwareshop.de\/index.php\/produkt\/vortex-crossfire-hd-10x42-2\/"},"modified":"2025-05-14T01:53:32","modified_gmt":"2025-05-14T01:53:32","slug":"vortex-crossfire-hd-10x42","status":"publish","type":"product","link":"https:\/\/onlinehardwareshop.de\/index.php\/produkt\/vortex-crossfire-hd-10x42\/","title":{"rendered":"Vortex Crossfire HD 10&#215;42"},"content":{"rendered":"<p>Das Vortex Crossfire HD 10&#215;42 Dachprismenfernglas ist f\u00fcr Vogelbeobachter, Reisende und J\u00e4ger geeignet. Das Modell ist mit einem optischen HD-System ausgestattet und die Linsen enthalten eine spezielle Beschichtung. Diese stellt sicher, dass du ein klares und scharfes Bild siehst. Mit dem 10-fachen Vergr\u00f6\u00dferungsfaktor holst du entfernte Motive dicht heran. Du kannst Tiere in einer Entfernung von 1.000 Metern mit einem Sichtfeld von 107,9 Metern betrachten. Wenn du lieber Details in der N\u00e4he beobachten m\u00f6chtest, kannst du aus 2 Metern Abstand darauf fokussieren. Dieses Fernglas hat einen D\u00e4mmerungsfaktor von 20,5. Damit kannst du auch abends V\u00f6gel im Baum beobachten. Dank des Gummimaterials rutscht dir das Fernglas bei Regen nicht aus den H\u00e4nden.<\/p>\n","protected":false},"excerpt":{"rendered":"<p>Das Vortex Crossfire HD 10&#215;42 Dachprismenfernglas ist f\u00fcr Vogelbeobachter, Reisende und J\u00e4ger geeignet. Das Modell ist mit einem optischen HD-System ausgestattet und die Linsen enthalten eine spezielle Beschichtung. Diese stellt sicher, dass du ein klares und scharfes Bild siehst. Mit dem 10-fachen Vergr\u00f6\u00dferungsfaktor holst du entfernte Motive dicht heran. Du kannst Tiere in einer Entfernung von 1.000 Metern mit einem Sichtfeld von 107,9 Metern betrachten. Wenn du lieber Details in der N\u00e4he beobachten m\u00f6chtest, kannst du aus 2 Metern Abstand darauf fokussieren. Dieses Fernglas hat einen D\u00e4mmerungsfaktor von 20,5. Damit kannst du auch abends V\u00f6gel im Baum beobachten. Dank des Gummimaterials rutscht dir das Fernglas bei Regen nicht aus den H\u00e4nden.<\/p>\n","protected":false},"featured_media":0,"comment_status":"closed","ping_status":"open","template":"","meta":{"_acf_changed":false},"brand":[447],"product_brand":[],"product_cat":[448],"product_tag":[1304],"class_list":{"0":"post-72654","1":"product","2":"type-product","3":"status-publish","5":"brand-vortex","6":"product_cat-fernglser","7":"product_tag-dakkant-verrekijkers","8":"pa_condition-new","9":"pa_coolblue-de-verzending-morgen-gratis-geliefert","10":"pa_ean-32669","11":"pa_mpn-d170131","13":"first","14":"instock","15":"product-type-external"},"acf":[],"_links":{"self":[{"href":"https:\/\/onlinehardwareshop.de\/index.php\/wp-json\/wp\/v2\/product\/72654","targetHints":{"allow":["GET"]}}],"collection":[{"href":"https:\/\/onlinehardwareshop.de\/index.php\/wp-json\/wp\/v2\/product"}],"about":[{"href":"https:\/\/onlinehardwareshop.de\/index.php\/wp-json\/wp\/v2\/types\/product"}],"replies":[{"embeddable":true,"href":"https:\/\/onlinehardwareshop.de\/index.php\/wp-json\/wp\/v2\/comments?post=72654"}],"wp:attachment":[{"href":"https:\/\/onlinehardwareshop.de\/index.php\/wp-json\/wp\/v2\/media?parent=72654"}],"wp:term":[{"taxonomy":"brand","embeddable":true,"href":"https:\/\/onlinehardwareshop.de\/index.php\/wp-json\/wp\/v2\/brand?post=72654"},{"taxonomy":"product_brand","embeddable":true,"href":"https:\/\/onlinehardwareshop.de\/index.php\/wp-json\/wp\/v2\/product_brand?post=72654"},{"taxonomy":"product_cat","embeddable":true,"href":"https:\/\/onlinehardwareshop.de\/index.php\/wp-json\/wp\/v2\/product_cat?post=72654"},{"taxonomy":"product_tag","embeddable":true,"href":"https:\/\/onlinehardwareshop.de\/index.php\/wp-json\/wp\/v2\/product_tag?post=72654"}],"curies":[{"name":"wp","href":"https:\/\/api.w.org\/{rel}","templated":true}]}}