{"id":72653,"date":"2024-10-11T01:15:50","date_gmt":"2024-10-11T01:15:50","guid":{"rendered":"https:\/\/onlinehardwareshop.de\/index.php\/produkt\/vortex-crossfire-hd-8x42-2\/"},"modified":"2025-05-14T01:53:27","modified_gmt":"2025-05-14T01:53:27","slug":"vortex-crossfire-hd-8x42","status":"publish","type":"product","link":"https:\/\/onlinehardwareshop.de\/index.php\/produkt\/vortex-crossfire-hd-8x42\/","title":{"rendered":"Vortex Crossfire HD 8&#215;42"},"content":{"rendered":"<p>Der Vortex Crossfire HD 8&#215;42 eignet sich f\u00fcr Vogelbeobachtung, Jagd, Reisen und Sport. Das Modell ist mit einem optischen HD-System ausgestattet und die Linsen enthalten eine spezielle Beschichtung. Dadurch siehst du ein klares und scharfes Bild. Dar\u00fcber hinaus hat das Fernglas eine hohe Lichtst\u00e4rke von 27. Mit dem 8-fachen Vergr\u00f6\u00dferungsfaktor kannst du entfernte Motive nahe heranholen. Du kannst Tiere in einer Entfernung von 1.000 Metern mit einem Sichtfeld von 131 Metern beobachten. Wenn du Motive in der N\u00e4he betrachten m\u00f6chtest, kannst du ab 1,8 Meter Entfernung darauf scharfstellen. Dank der O-Ringe und der Gasf\u00fcllung ist das Fernglas gegen Feuchtigkeit, Staub und Schmutz abgedichtet. Um das Geh\u00e4use des Fernglases befindet sich eine Gummischutzschicht, die zus\u00e4tzlichen Halt bietet.<\/p>\n","protected":false},"excerpt":{"rendered":"<p>Der Vortex Crossfire HD 8&#215;42 eignet sich f\u00fcr Vogelbeobachtung, Jagd, Reisen und Sport. Das Modell ist mit einem optischen HD-System ausgestattet und die Linsen enthalten eine spezielle Beschichtung. Dadurch siehst du ein klares und scharfes Bild. Dar\u00fcber hinaus hat das Fernglas eine hohe Lichtst\u00e4rke von 27. Mit dem 8-fachen Vergr\u00f6\u00dferungsfaktor kannst du entfernte Motive nahe heranholen. Du kannst Tiere in einer Entfernung von 1.000 Metern mit einem Sichtfeld von 131 Metern beobachten. Wenn du Motive in der N\u00e4he betrachten m\u00f6chtest, kannst du ab 1,8 Meter Entfernung darauf scharfstellen. Dank der O-Ringe und der Gasf\u00fcllung ist das Fernglas gegen Feuchtigkeit, Staub und Schmutz abgedichtet. Um das Geh\u00e4use des Fernglases befindet sich eine Gummischutzschicht, die zus\u00e4tzlichen Halt bietet.<\/p>\n","protected":false},"featured_media":0,"comment_status":"closed","ping_status":"open","template":"","meta":{"_acf_changed":false},"brand":[447],"product_brand":[],"product_cat":[448],"product_tag":[1304],"class_list":{"0":"post-72653","1":"product","2":"type-product","3":"status-publish","5":"brand-vortex","6":"product_cat-fernglser","7":"product_tag-dakkant-verrekijkers","8":"pa_condition-new","9":"pa_coolblue-de-verzending-morgen-gratis-geliefert","10":"pa_ean-32667","11":"pa_mpn-d170141","13":"first","14":"instock","15":"product-type-external"},"acf":[],"_links":{"self":[{"href":"https:\/\/onlinehardwareshop.de\/index.php\/wp-json\/wp\/v2\/product\/72653","targetHints":{"allow":["GET"]}}],"collection":[{"href":"https:\/\/onlinehardwareshop.de\/index.php\/wp-json\/wp\/v2\/product"}],"about":[{"href":"https:\/\/onlinehardwareshop.de\/index.php\/wp-json\/wp\/v2\/types\/product"}],"replies":[{"embeddable":true,"href":"https:\/\/onlinehardwareshop.de\/index.php\/wp-json\/wp\/v2\/comments?post=72653"}],"wp:attachment":[{"href":"https:\/\/onlinehardwareshop.de\/index.php\/wp-json\/wp\/v2\/media?parent=72653"}],"wp:term":[{"taxonomy":"brand","embeddable":true,"href":"https:\/\/onlinehardwareshop.de\/index.php\/wp-json\/wp\/v2\/brand?post=72653"},{"taxonomy":"product_brand","embeddable":true,"href":"https:\/\/onlinehardwareshop.de\/index.php\/wp-json\/wp\/v2\/product_brand?post=72653"},{"taxonomy":"product_cat","embeddable":true,"href":"https:\/\/onlinehardwareshop.de\/index.php\/wp-json\/wp\/v2\/product_cat?post=72653"},{"taxonomy":"product_tag","embeddable":true,"href":"https:\/\/onlinehardwareshop.de\/index.php\/wp-json\/wp\/v2\/product_tag?post=72653"}],"curies":[{"name":"wp","href":"https:\/\/api.w.org\/{rel}","templated":true}]}}