{"id":72650,"date":"2024-10-21T09:15:18","date_gmt":"2024-10-21T09:15:18","guid":{"rendered":"https:\/\/onlinehardwareshop.de\/index.php\/produkt\/vortex-diamondback-hd-10x32-fernglas-2\/"},"modified":"2025-05-14T01:53:13","modified_gmt":"2025-05-14T01:53:13","slug":"vortex-diamondback-hd-10x32-fernglas","status":"publish","type":"product","link":"https:\/\/onlinehardwareshop.de\/index.php\/produkt\/vortex-diamondback-hd-10x32-fernglas\/","title":{"rendered":"Vortex Diamondback HD 10&#215;32 Fernglas"},"content":{"rendered":"<p>Das Vortex Diamondback 10&#215;32 ist f\u00fcr J\u00e4ger und Reisende geeignet. Das HD-Glas liefert ein optimiertes Bild mit hoher Aufl\u00f6sung. Auf diese Weise bleiben die Farben naturgetreu und das Bild ist \u00fcber die ganze Fl\u00e4che scharf ohne chromatische Aberrationen. Dieses Fernglas hat ein Sichtfeld von 113 Metern, sodass du bewegliche Motive problemlos verfolgen kannst. Ein entferntes Motiv wird bis zu 10-fach vergr\u00f6\u00dfert. Auf diese Weise beobachtest du ein Reh, als ob du daneben stehen w\u00fcrdest. Mit dem Nahfokus von 1,8 Metern kannst du m\u00fchelos auf Motive fokussieren, die sich in deiner N\u00e4he befinden. Die Antireflexbeschichtungen reduzieren Lichtreflexe. Dadurch hast du auch bei starker Sonneneinstrahlung eine gute Sicht.<\/p>\n","protected":false},"excerpt":{"rendered":"<p>Das Vortex Diamondback 10&#215;32 ist f\u00fcr J\u00e4ger und Reisende geeignet. Das HD-Glas liefert ein optimiertes Bild mit hoher Aufl\u00f6sung. Auf diese Weise bleiben die Farben naturgetreu und das Bild ist \u00fcber die ganze Fl\u00e4che scharf ohne chromatische Aberrationen. Dieses Fernglas hat ein Sichtfeld von 113 Metern, sodass du bewegliche Motive problemlos verfolgen kannst. Ein entferntes Motiv wird bis zu 10-fach vergr\u00f6\u00dfert. Auf diese Weise beobachtest du ein Reh, als ob du daneben stehen w\u00fcrdest. Mit dem Nahfokus von 1,8 Metern kannst du m\u00fchelos auf Motive fokussieren, die sich in deiner N\u00e4he befinden. Die Antireflexbeschichtungen reduzieren Lichtreflexe. Dadurch hast du auch bei starker Sonneneinstrahlung eine gute Sicht.<\/p>\n","protected":false},"featured_media":0,"comment_status":"closed","ping_status":"open","template":"","meta":{"_acf_changed":false},"brand":[447],"product_brand":[],"product_cat":[448],"product_tag":[1304],"class_list":{"0":"post-72650","1":"product","2":"type-product","3":"status-publish","5":"brand-vortex","6":"product_cat-fernglser","7":"product_tag-dakkant-verrekijkers","8":"pa_condition-new","9":"pa_coolblue-de-verzending-morgen-gratis-geliefert","10":"pa_ean-5127","11":"pa_mpn-d170071","13":"first","14":"instock","15":"product-type-external"},"acf":[],"_links":{"self":[{"href":"https:\/\/onlinehardwareshop.de\/index.php\/wp-json\/wp\/v2\/product\/72650","targetHints":{"allow":["GET"]}}],"collection":[{"href":"https:\/\/onlinehardwareshop.de\/index.php\/wp-json\/wp\/v2\/product"}],"about":[{"href":"https:\/\/onlinehardwareshop.de\/index.php\/wp-json\/wp\/v2\/types\/product"}],"replies":[{"embeddable":true,"href":"https:\/\/onlinehardwareshop.de\/index.php\/wp-json\/wp\/v2\/comments?post=72650"}],"wp:attachment":[{"href":"https:\/\/onlinehardwareshop.de\/index.php\/wp-json\/wp\/v2\/media?parent=72650"}],"wp:term":[{"taxonomy":"brand","embeddable":true,"href":"https:\/\/onlinehardwareshop.de\/index.php\/wp-json\/wp\/v2\/brand?post=72650"},{"taxonomy":"product_brand","embeddable":true,"href":"https:\/\/onlinehardwareshop.de\/index.php\/wp-json\/wp\/v2\/product_brand?post=72650"},{"taxonomy":"product_cat","embeddable":true,"href":"https:\/\/onlinehardwareshop.de\/index.php\/wp-json\/wp\/v2\/product_cat?post=72650"},{"taxonomy":"product_tag","embeddable":true,"href":"https:\/\/onlinehardwareshop.de\/index.php\/wp-json\/wp\/v2\/product_tag?post=72650"}],"curies":[{"name":"wp","href":"https:\/\/api.w.org\/{rel}","templated":true}]}}