{"id":72649,"date":"2024-05-01T11:06:12","date_gmt":"2024-05-01T11:06:12","guid":{"rendered":"https:\/\/onlinehardwareshop.de\/index.php\/produkt\/vortex-diamondback-hd-8x32-fernglas-2\/"},"modified":"2025-05-14T01:53:08","modified_gmt":"2025-05-14T01:53:08","slug":"vortex-diamondback-hd-8x32-fernglas","status":"publish","type":"product","link":"https:\/\/onlinehardwareshop.de\/index.php\/produkt\/vortex-diamondback-hd-8x32-fernglas\/","title":{"rendered":"Vortex Diamondback HD 8&#215;32 Fernglas"},"content":{"rendered":"<p>Das Vortex Diamondback 8&#215;32 Fernglas ist f\u00fcr Vogelbeobachtung, Jagd und auf Reisen geeignet. Das HD-Glas liefert ein optimiertes Bild mit hoher Aufl\u00f6sung. Auf diese Weise bleiben die Farben naturgetreu und das Bild ist \u00fcber die ganze Fl\u00e4che scharf ohne chromatische Aberrationen. Mit diesem Fernglas kannst du entfernte Motive bis zu 8-fach vergr\u00f6\u00dfern. Dank des Nahfokus von 1,5 Metern kannst du ganz problemlos auch auf Motive fokussieren, die in deiner N\u00e4he sind, z. B. Fu\u00dfabdr\u00fccke oder andere Spuren. Antireflexbeschichtungen reduzieren Lichtreflexe, sodass du auch bei viel Sonnenlicht eine gute Sicht hast. Du kannst dieses Fernglas bei schlechtem Wetter problemlos mitnehmen, da das Fernglas gegen Wasser abgedichtet ist.<\/p>\n","protected":false},"excerpt":{"rendered":"<p>Das Vortex Diamondback 8&#215;32 Fernglas ist f\u00fcr Vogelbeobachtung, Jagd und auf Reisen geeignet. Das HD-Glas liefert ein optimiertes Bild mit hoher Aufl\u00f6sung. Auf diese Weise bleiben die Farben naturgetreu und das Bild ist \u00fcber die ganze Fl\u00e4che scharf ohne chromatische Aberrationen. Mit diesem Fernglas kannst du entfernte Motive bis zu 8-fach vergr\u00f6\u00dfern. Dank des Nahfokus von 1,5 Metern kannst du ganz problemlos auch auf Motive fokussieren, die in deiner N\u00e4he sind, z. B. Fu\u00dfabdr\u00fccke oder andere Spuren. Antireflexbeschichtungen reduzieren Lichtreflexe, sodass du auch bei viel Sonnenlicht eine gute Sicht hast. Du kannst dieses Fernglas bei schlechtem Wetter problemlos mitnehmen, da das Fernglas gegen Wasser abgedichtet ist.<\/p>\n","protected":false},"featured_media":0,"comment_status":"closed","ping_status":"open","template":"","meta":{"_acf_changed":false},"brand":[447],"product_brand":[],"product_cat":[448],"product_tag":[1304],"class_list":{"0":"post-72649","1":"product","2":"type-product","3":"status-publish","5":"brand-vortex","6":"product_cat-fernglser","7":"product_tag-dakkant-verrekijkers","8":"pa_condition-new","9":"pa_coolblue-de-verzending-morgen-gratis-geliefert","10":"pa_ean-5125","11":"pa_mpn-d170081","13":"first","14":"instock","15":"product-type-external"},"acf":[],"_links":{"self":[{"href":"https:\/\/onlinehardwareshop.de\/index.php\/wp-json\/wp\/v2\/product\/72649","targetHints":{"allow":["GET"]}}],"collection":[{"href":"https:\/\/onlinehardwareshop.de\/index.php\/wp-json\/wp\/v2\/product"}],"about":[{"href":"https:\/\/onlinehardwareshop.de\/index.php\/wp-json\/wp\/v2\/types\/product"}],"replies":[{"embeddable":true,"href":"https:\/\/onlinehardwareshop.de\/index.php\/wp-json\/wp\/v2\/comments?post=72649"}],"wp:attachment":[{"href":"https:\/\/onlinehardwareshop.de\/index.php\/wp-json\/wp\/v2\/media?parent=72649"}],"wp:term":[{"taxonomy":"brand","embeddable":true,"href":"https:\/\/onlinehardwareshop.de\/index.php\/wp-json\/wp\/v2\/brand?post=72649"},{"taxonomy":"product_brand","embeddable":true,"href":"https:\/\/onlinehardwareshop.de\/index.php\/wp-json\/wp\/v2\/product_brand?post=72649"},{"taxonomy":"product_cat","embeddable":true,"href":"https:\/\/onlinehardwareshop.de\/index.php\/wp-json\/wp\/v2\/product_cat?post=72649"},{"taxonomy":"product_tag","embeddable":true,"href":"https:\/\/onlinehardwareshop.de\/index.php\/wp-json\/wp\/v2\/product_tag?post=72649"}],"curies":[{"name":"wp","href":"https:\/\/api.w.org\/{rel}","templated":true}]}}