{"id":72643,"date":"2024-01-23T07:41:21","date_gmt":"2024-01-23T07:41:21","guid":{"rendered":"https:\/\/onlinehardwareshop.de\/index.php\/produkt\/dewalt-dcs335nt-xj-ohne-akku-2\/"},"modified":"2025-05-14T01:52:32","modified_gmt":"2025-05-14T01:52:32","slug":"dewalt-dcs335nt-xj-ohne-akku","status":"publish","type":"product","link":"https:\/\/onlinehardwareshop.de\/index.php\/produkt\/dewalt-dcs335nt-xj-ohne-akku\/","title":{"rendered":"DeWalt DCS335NT-XJ (ohne Akku)"},"content":{"rendered":"<p>Mit der DeWalt DCS335NT-XJ Stichs\u00e4ge (ohne Akku) s\u00e4gst du m\u00fchelos durch dickeres Holz. Du s\u00e4gst n\u00e4mlich bis zu 135\u00a0Millimeter tief in Holz und bis zu 45\u00a0Grad auf Gehrung. Hinweis: Es wird kein S\u00e4geblatt mitgeliefert. Die Stichs\u00e4ge wird mit einem Akku gespeist, sodass du an Orten ohne Steckdose dennoch arbeiten kannst. Der Akku wird bei dieser Ausf\u00fchrung nicht mitgeliefert, doch wenn du bereits anderes DeWalt 18 Volt-Werkzeug desselben Akkusystems hast, verwendest du dessen Akku auch f\u00fcr diese Stichs\u00e4ge. Die S\u00e4ge hat ein Staubbl\u00e4ser, sodass du beim S\u00e4gen gute Sicht auf dein Werkst\u00fcck beh\u00e4ltst. Die 3 Pendelstufen sorgen daf\u00fcr, dass du einfacher und schneller durch das Material kommst. M\u00f6chtest du im Dunkeln s\u00e4gen? Dank integrierter LED-Beleuchtung ist das problemlos m\u00f6glich.<\/p>\n","protected":false},"excerpt":{"rendered":"<p>Mit der DeWalt DCS335NT-XJ Stichs\u00e4ge (ohne Akku) s\u00e4gst du m\u00fchelos durch dickeres Holz. Du s\u00e4gst n\u00e4mlich bis zu 135\u00a0Millimeter tief in Holz und bis zu 45\u00a0Grad auf Gehrung. Hinweis: Es wird kein S\u00e4geblatt mitgeliefert. Die Stichs\u00e4ge wird mit einem Akku gespeist, sodass du an Orten ohne Steckdose dennoch arbeiten kannst. Der Akku wird bei dieser Ausf\u00fchrung nicht mitgeliefert, doch wenn du bereits anderes DeWalt 18 Volt-Werkzeug desselben Akkusystems hast, verwendest du dessen Akku auch f\u00fcr diese Stichs\u00e4ge. Die S\u00e4ge hat ein Staubbl\u00e4ser, sodass du beim S\u00e4gen gute Sicht auf dein Werkst\u00fcck beh\u00e4ltst. Die 3 Pendelstufen sorgen daf\u00fcr, dass du einfacher und schneller durch das Material kommst. M\u00f6chtest du im Dunkeln s\u00e4gen? Dank integrierter LED-Beleuchtung ist das problemlos m\u00f6glich.<\/p>\n","protected":false},"featured_media":0,"comment_status":"closed","ping_status":"open","template":"","meta":{"_acf_changed":false},"brand":[980],"product_brand":[],"product_cat":[43],"product_tag":[2773],"class_list":{"0":"post-72643","1":"product","2":"type-product","3":"status-publish","5":"brand-dewalt","6":"product_cat-stichsgen","7":"product_tag-accu-decoupeerzagen","8":"pa_condition-new","9":"pa_coolblue-de-verzending-morgen-gratis-geliefert","10":"pa_ean-5106","11":"pa_mpn-dcs335nt-xj","13":"first","14":"instock","15":"product-type-external"},"acf":[],"_links":{"self":[{"href":"https:\/\/onlinehardwareshop.de\/index.php\/wp-json\/wp\/v2\/product\/72643","targetHints":{"allow":["GET"]}}],"collection":[{"href":"https:\/\/onlinehardwareshop.de\/index.php\/wp-json\/wp\/v2\/product"}],"about":[{"href":"https:\/\/onlinehardwareshop.de\/index.php\/wp-json\/wp\/v2\/types\/product"}],"replies":[{"embeddable":true,"href":"https:\/\/onlinehardwareshop.de\/index.php\/wp-json\/wp\/v2\/comments?post=72643"}],"wp:attachment":[{"href":"https:\/\/onlinehardwareshop.de\/index.php\/wp-json\/wp\/v2\/media?parent=72643"}],"wp:term":[{"taxonomy":"brand","embeddable":true,"href":"https:\/\/onlinehardwareshop.de\/index.php\/wp-json\/wp\/v2\/brand?post=72643"},{"taxonomy":"product_brand","embeddable":true,"href":"https:\/\/onlinehardwareshop.de\/index.php\/wp-json\/wp\/v2\/product_brand?post=72643"},{"taxonomy":"product_cat","embeddable":true,"href":"https:\/\/onlinehardwareshop.de\/index.php\/wp-json\/wp\/v2\/product_cat?post=72643"},{"taxonomy":"product_tag","embeddable":true,"href":"https:\/\/onlinehardwareshop.de\/index.php\/wp-json\/wp\/v2\/product_tag?post=72643"}],"curies":[{"name":"wp","href":"https:\/\/api.w.org\/{rel}","templated":true}]}}