{"id":72637,"date":"2024-02-28T01:40:43","date_gmt":"2024-02-28T01:40:43","guid":{"rendered":"https:\/\/onlinehardwareshop.de\/index.php\/produkt\/netatmo-smarte-wetterstation-zustzliches-innenmodul-2\/"},"modified":"2025-05-14T01:51:58","modified_gmt":"2025-05-14T01:51:58","slug":"netatmo-smarte-wetterstation-zustzliches-innenmodul","status":"publish","type":"product","link":"https:\/\/onlinehardwareshop.de\/index.php\/produkt\/netatmo-smarte-wetterstation-zustzliches-innenmodul\/","title":{"rendered":"Netatmo Smarte Wetterstation + zus&#xE4;tzliches Innenmodul"},"content":{"rendered":"<p>Mit der Netatmo Smart-Wetterstation mit zus\u00e4tzlichem Netatmo NIM01-WW Innenmodul beh\u00e4ltst du die Temperatur in und um dein Haus im Auge. In der App dieser Smart-Wetterstation liest du neben Standardinformationen wie der Temperatur auch die Luftfeuchtigkeit, Umgebungsger\u00e4usche und den CO2-Stand ab. Mit diesem Paket misst du gleichzeitig die Temperatur in zwei R\u00e4umen und die Au\u00dfentemperatur an einem Ort. So wei\u00dft du beispielsweise, wie warm es im Wohn- und Schlafzimmer ist und wie das Wetter drau\u00dfen ist. Basierend auf diesen Informationen sicherst du dir schnell einen guten Einblick in deine Lebensumgebung und hast beispielsweise die M\u00f6glichkeit, die Luftqualit\u00e4t in den Innenr\u00e4umen zu verbessern.<\/p>\n","protected":false},"excerpt":{"rendered":"<p>Mit der Netatmo Smart-Wetterstation mit zus\u00e4tzlichem Netatmo NIM01-WW Innenmodul beh\u00e4ltst du die Temperatur in und um dein Haus im Auge. In der App dieser Smart-Wetterstation liest du neben Standardinformationen wie der Temperatur auch die Luftfeuchtigkeit, Umgebungsger\u00e4usche und den CO2-Stand ab. Mit diesem Paket misst du gleichzeitig die Temperatur in zwei R\u00e4umen und die Au\u00dfentemperatur an einem Ort. So wei\u00dft du beispielsweise, wie warm es im Wohn- und Schlafzimmer ist und wie das Wetter drau\u00dfen ist. Basierend auf diesen Informationen sicherst du dir schnell einen guten Einblick in deine Lebensumgebung und hast beispielsweise die M\u00f6glichkeit, die Luftqualit\u00e4t in den Innenr\u00e4umen zu verbessern.<\/p>\n","protected":false},"featured_media":0,"comment_status":"closed","ping_status":"open","template":"","meta":{"_acf_changed":false},"brand":[845],"product_brand":[],"product_cat":[846],"product_tag":[847],"class_list":{"0":"post-72637","1":"product","2":"type-product","3":"status-publish","5":"brand-netatmo","6":"product_cat-wetterstationen","7":"product_tag-weerstations","8":"pa_condition-new","9":"pa_coolblue-de-verzending-morgen-gratis-geliefert","10":"pa_ean-5084","11":"pa_mpn-na-74-016","13":"first","14":"instock","15":"product-type-external"},"acf":[],"_links":{"self":[{"href":"https:\/\/onlinehardwareshop.de\/index.php\/wp-json\/wp\/v2\/product\/72637","targetHints":{"allow":["GET"]}}],"collection":[{"href":"https:\/\/onlinehardwareshop.de\/index.php\/wp-json\/wp\/v2\/product"}],"about":[{"href":"https:\/\/onlinehardwareshop.de\/index.php\/wp-json\/wp\/v2\/types\/product"}],"replies":[{"embeddable":true,"href":"https:\/\/onlinehardwareshop.de\/index.php\/wp-json\/wp\/v2\/comments?post=72637"}],"wp:attachment":[{"href":"https:\/\/onlinehardwareshop.de\/index.php\/wp-json\/wp\/v2\/media?parent=72637"}],"wp:term":[{"taxonomy":"brand","embeddable":true,"href":"https:\/\/onlinehardwareshop.de\/index.php\/wp-json\/wp\/v2\/brand?post=72637"},{"taxonomy":"product_brand","embeddable":true,"href":"https:\/\/onlinehardwareshop.de\/index.php\/wp-json\/wp\/v2\/product_brand?post=72637"},{"taxonomy":"product_cat","embeddable":true,"href":"https:\/\/onlinehardwareshop.de\/index.php\/wp-json\/wp\/v2\/product_cat?post=72637"},{"taxonomy":"product_tag","embeddable":true,"href":"https:\/\/onlinehardwareshop.de\/index.php\/wp-json\/wp\/v2\/product_tag?post=72637"}],"curies":[{"name":"wp","href":"https:\/\/api.w.org\/{rel}","templated":true}]}}