{"id":72633,"date":"2024-06-25T15:15:15","date_gmt":"2024-06-25T15:15:15","guid":{"rendered":"https:\/\/onlinehardwareshop.de\/index.php\/produkt\/russell-hobbs-sous-vide-slowcooker-65-liter-2\/"},"modified":"2025-05-14T01:51:43","modified_gmt":"2025-05-14T01:51:43","slug":"russell-hobbs-sous-vide-slowcooker-65-liter","status":"publish","type":"product","link":"https:\/\/onlinehardwareshop.de\/index.php\/produkt\/russell-hobbs-sous-vide-slowcooker-65-liter\/","title":{"rendered":"Russell Hobbs Sous Vide Slowcooker 6,5 Liter"},"content":{"rendered":"<p>Der Russell Hobbs Sous Vide Slowcooker 6,5 Liter wird nicht nur als Slowcooker, sondern auch als Sous-Vide-Ger\u00e4t verwendet. Mit dem mitgelieferten Gestell kannst du Beutel in kochendem Wasser aufh\u00e4ngen, um Zutaten sous vide zu garen. Ideal f\u00fcr mariniertes Gem\u00fcse und Fleisch. Das mitgelieferte Thermometer kannst du w\u00e4hrend des langsamen Garens in das Fleisch stecken. So wei\u00dft du genau, wann dein Fleisch die richtige Temperatur f\u00fcr das perfekte Garen hat. M\u00f6chtest du das Fleisch nach Zeit anstatt nach Temperatur kochen? Stelle dann den Timer auf die gew\u00fcnschte Zeit ein. Mit der Warmhaltefunktion bleibt das Essen nach dem Kochen sch\u00f6n warm, ohne weiter zu garen. Ideal, wenn du etwas sp\u00e4ter als erwartet an den Tisch kommst.<\/p>\n","protected":false},"excerpt":{"rendered":"<p>Der Russell Hobbs Sous Vide Slowcooker 6,5 Liter wird nicht nur als Slowcooker, sondern auch als Sous-Vide-Ger\u00e4t verwendet. Mit dem mitgelieferten Gestell kannst du Beutel in kochendem Wasser aufh\u00e4ngen, um Zutaten sous vide zu garen. Ideal f\u00fcr mariniertes Gem\u00fcse und Fleisch. Das mitgelieferte Thermometer kannst du w\u00e4hrend des langsamen Garens in das Fleisch stecken. So wei\u00dft du genau, wann dein Fleisch die richtige Temperatur f\u00fcr das perfekte Garen hat. M\u00f6chtest du das Fleisch nach Zeit anstatt nach Temperatur kochen? Stelle dann den Timer auf die gew\u00fcnschte Zeit ein. Mit der Warmhaltefunktion bleibt das Essen nach dem Kochen sch\u00f6n warm, ohne weiter zu garen. Ideal, wenn du etwas sp\u00e4ter als erwartet an den Tisch kommst.<\/p>\n","protected":false},"featured_media":0,"comment_status":"closed","ping_status":"open","template":"","meta":{"_acf_changed":false},"brand":[734],"product_brand":[],"product_cat":[536],"product_tag":[537],"class_list":{"0":"post-72633","1":"product","2":"type-product","3":"status-publish","5":"brand-russell-hobbs","6":"product_cat-slowcooker","7":"product_tag-slowcookers","8":"pa_condition-new","9":"pa_coolblue-de-verzending-morgen-gratis-geliefert","10":"pa_ean-5075","11":"pa_mpn-25630-56","13":"first","14":"instock","15":"product-type-external"},"acf":[],"_links":{"self":[{"href":"https:\/\/onlinehardwareshop.de\/index.php\/wp-json\/wp\/v2\/product\/72633","targetHints":{"allow":["GET"]}}],"collection":[{"href":"https:\/\/onlinehardwareshop.de\/index.php\/wp-json\/wp\/v2\/product"}],"about":[{"href":"https:\/\/onlinehardwareshop.de\/index.php\/wp-json\/wp\/v2\/types\/product"}],"replies":[{"embeddable":true,"href":"https:\/\/onlinehardwareshop.de\/index.php\/wp-json\/wp\/v2\/comments?post=72633"}],"wp:attachment":[{"href":"https:\/\/onlinehardwareshop.de\/index.php\/wp-json\/wp\/v2\/media?parent=72633"}],"wp:term":[{"taxonomy":"brand","embeddable":true,"href":"https:\/\/onlinehardwareshop.de\/index.php\/wp-json\/wp\/v2\/brand?post=72633"},{"taxonomy":"product_brand","embeddable":true,"href":"https:\/\/onlinehardwareshop.de\/index.php\/wp-json\/wp\/v2\/product_brand?post=72633"},{"taxonomy":"product_cat","embeddable":true,"href":"https:\/\/onlinehardwareshop.de\/index.php\/wp-json\/wp\/v2\/product_cat?post=72633"},{"taxonomy":"product_tag","embeddable":true,"href":"https:\/\/onlinehardwareshop.de\/index.php\/wp-json\/wp\/v2\/product_tag?post=72633"}],"curies":[{"name":"wp","href":"https:\/\/api.w.org\/{rel}","templated":true}]}}