{"id":72603,"date":"2024-09-15T08:51:14","date_gmt":"2024-09-15T08:51:14","guid":{"rendered":"https:\/\/onlinehardwareshop.de\/index.php\/produkt\/gigaset-e290m-hx-schwarz-erweiterung-2\/"},"modified":"2025-05-14T01:49:18","modified_gmt":"2025-05-14T01:49:18","slug":"gigaset-e290m-hx-schwarz-erweiterung","status":"publish","type":"product","link":"https:\/\/onlinehardwareshop.de\/index.php\/produkt\/gigaset-e290m-hx-schwarz-erweiterung\/","title":{"rendered":"Gigaset E290M-HX Schwarz Erweiterung"},"content":{"rendered":"<p>Mit dem Gigaset E290M-HX Schwarz kannst du die Basisstation deines Festnetztelefons um ein zus\u00e4tzliches Mobilteil erweitern, sodass du an mehreren Stellen zu Hause oder im B\u00fcro erreichbar bist. Dank der extra gro\u00dfen beleuchteten Tasten w\u00e4hlst du auch im Dunkeln den richtigen Kontakt. Das Mobilteil verf\u00fcgt \u00fcber einen besonders lauten Klingelton, sodass du keinen Anruf verpasst. Das Ger\u00e4t ist mit allen Festnetztelefon-Basisstationen kompatibel, die das GAP-Protokoll unterst\u00fctzen. Wenn du das Mobilteil mit einer anderen Basisstation als Gigaset koppelst, funktionieren einige Funktionen m\u00f6glicherweise nicht. In diesem Fall sind nur das Anrufen und Empfangen von Anrufen garantiert.  Hinweis: Das Mobilteil wird separat geliefert und funktioniert nicht ohne Basisstation<\/p>\n","protected":false},"excerpt":{"rendered":"<p>Mit dem Gigaset E290M-HX Schwarz kannst du die Basisstation deines Festnetztelefons um ein zus\u00e4tzliches Mobilteil erweitern, sodass du an mehreren Stellen zu Hause oder im B\u00fcro erreichbar bist. Dank der extra gro\u00dfen beleuchteten Tasten w\u00e4hlst du auch im Dunkeln den richtigen Kontakt. Das Mobilteil verf\u00fcgt \u00fcber einen besonders lauten Klingelton, sodass du keinen Anruf verpasst. Das Ger\u00e4t ist mit allen Festnetztelefon-Basisstationen kompatibel, die das GAP-Protokoll unterst\u00fctzen. Wenn du das Mobilteil mit einer anderen Basisstation als Gigaset koppelst, funktionieren einige Funktionen m\u00f6glicherweise nicht. In diesem Fall sind nur das Anrufen und Empfangen von Anrufen garantiert.  Hinweis: Das Mobilteil wird separat geliefert und funktioniert nicht ohne Basisstation<\/p>\n","protected":false},"featured_media":0,"comment_status":"closed","ping_status":"open","template":"","meta":{"_acf_changed":false},"brand":[4160],"product_brand":[],"product_cat":[5011],"product_tag":[5012],"class_list":{"0":"post-72603","1":"product","2":"type-product","3":"status-publish","5":"brand-gigaset","6":"product_cat-mobilteile-fr-festnetztelefon","7":"product_tag-vaste-telefoon-handsets","8":"pa_condition-new","9":"pa_coolblue-de-verzending-morgen-gratis-geliefert","10":"pa_ean-5013","11":"pa_mpn-gignl-e290m-hx-blk","13":"first","14":"instock","15":"product-type-external"},"acf":[],"_links":{"self":[{"href":"https:\/\/onlinehardwareshop.de\/index.php\/wp-json\/wp\/v2\/product\/72603","targetHints":{"allow":["GET"]}}],"collection":[{"href":"https:\/\/onlinehardwareshop.de\/index.php\/wp-json\/wp\/v2\/product"}],"about":[{"href":"https:\/\/onlinehardwareshop.de\/index.php\/wp-json\/wp\/v2\/types\/product"}],"replies":[{"embeddable":true,"href":"https:\/\/onlinehardwareshop.de\/index.php\/wp-json\/wp\/v2\/comments?post=72603"}],"wp:attachment":[{"href":"https:\/\/onlinehardwareshop.de\/index.php\/wp-json\/wp\/v2\/media?parent=72603"}],"wp:term":[{"taxonomy":"brand","embeddable":true,"href":"https:\/\/onlinehardwareshop.de\/index.php\/wp-json\/wp\/v2\/brand?post=72603"},{"taxonomy":"product_brand","embeddable":true,"href":"https:\/\/onlinehardwareshop.de\/index.php\/wp-json\/wp\/v2\/product_brand?post=72603"},{"taxonomy":"product_cat","embeddable":true,"href":"https:\/\/onlinehardwareshop.de\/index.php\/wp-json\/wp\/v2\/product_cat?post=72603"},{"taxonomy":"product_tag","embeddable":true,"href":"https:\/\/onlinehardwareshop.de\/index.php\/wp-json\/wp\/v2\/product_tag?post=72603"}],"curies":[{"name":"wp","href":"https:\/\/api.w.org\/{rel}","templated":true}]}}