{"id":72556,"date":"2024-06-14T08:49:32","date_gmt":"2024-06-14T08:49:32","guid":{"rendered":"https:\/\/onlinehardwareshop.de\/index.php\/produkt\/princess-142396-black-steel-2\/"},"modified":"2025-05-14T01:45:18","modified_gmt":"2025-05-14T01:45:18","slug":"princess-142396-black-steel","status":"publish","type":"product","link":"https:\/\/onlinehardwareshop.de\/index.php\/produkt\/princess-142396-black-steel\/","title":{"rendered":"Princess 142396 Black Steel"},"content":{"rendered":"<p>Dank der sechs Stufen kannst du mit dem Princess Black Steel die Knusprigkeit deiner Brotscheiben genau einstellen. Mit den drei Tasten am Toaster kannst du Brotscheiben auftauen, erw\u00e4rmen und das Toasten abbrechen. Die Aufw\u00e4rmfunktion ist sehr n\u00fctzlich, wenn dein ger\u00f6stetes Brot abgek\u00fchlt ist. Mit der Abbruchfunktion beendest du das Toasten etwas fr\u00fcher. Praktisch, wenn das R\u00f6sten etwas schneller ging als erwartet. Das Kr\u00fcmelfach f\u00e4ngt alle Kr\u00fcmel w\u00e4hrend des Toastens auf, sodass du sie auf einmal entsorgen und deinen Toaster problemlos sauber halten kannst.<\/p>\n","protected":false},"excerpt":{"rendered":"<p>Dank der sechs Stufen kannst du mit dem Princess Black Steel die Knusprigkeit deiner Brotscheiben genau einstellen. Mit den drei Tasten am Toaster kannst du Brotscheiben auftauen, erw\u00e4rmen und das Toasten abbrechen. Die Aufw\u00e4rmfunktion ist sehr n\u00fctzlich, wenn dein ger\u00f6stetes Brot abgek\u00fchlt ist. Mit der Abbruchfunktion beendest du das Toasten etwas fr\u00fcher. Praktisch, wenn das R\u00f6sten etwas schneller ging als erwartet. Das Kr\u00fcmelfach f\u00e4ngt alle Kr\u00fcmel w\u00e4hrend des Toastens auf, sodass du sie auf einmal entsorgen und deinen Toaster problemlos sauber halten kannst.<\/p>\n","protected":false},"featured_media":0,"comment_status":"closed","ping_status":"open","template":"","meta":{"_acf_changed":false},"brand":[1137],"product_brand":[],"product_cat":[283],"product_tag":[284],"class_list":{"0":"post-72556","1":"product","2":"type-product","3":"status-publish","5":"brand-princess","6":"product_cat-toaster","7":"product_tag-broodroosters","8":"pa_condition-new","9":"pa_coolblue-de-verzending-morgen-gratis-geliefert","10":"pa_ean-4905","11":"pa_mpn-01-142396-01-001","13":"first","14":"instock","15":"product-type-external"},"acf":[],"_links":{"self":[{"href":"https:\/\/onlinehardwareshop.de\/index.php\/wp-json\/wp\/v2\/product\/72556","targetHints":{"allow":["GET"]}}],"collection":[{"href":"https:\/\/onlinehardwareshop.de\/index.php\/wp-json\/wp\/v2\/product"}],"about":[{"href":"https:\/\/onlinehardwareshop.de\/index.php\/wp-json\/wp\/v2\/types\/product"}],"replies":[{"embeddable":true,"href":"https:\/\/onlinehardwareshop.de\/index.php\/wp-json\/wp\/v2\/comments?post=72556"}],"wp:attachment":[{"href":"https:\/\/onlinehardwareshop.de\/index.php\/wp-json\/wp\/v2\/media?parent=72556"}],"wp:term":[{"taxonomy":"brand","embeddable":true,"href":"https:\/\/onlinehardwareshop.de\/index.php\/wp-json\/wp\/v2\/brand?post=72556"},{"taxonomy":"product_brand","embeddable":true,"href":"https:\/\/onlinehardwareshop.de\/index.php\/wp-json\/wp\/v2\/product_brand?post=72556"},{"taxonomy":"product_cat","embeddable":true,"href":"https:\/\/onlinehardwareshop.de\/index.php\/wp-json\/wp\/v2\/product_cat?post=72556"},{"taxonomy":"product_tag","embeddable":true,"href":"https:\/\/onlinehardwareshop.de\/index.php\/wp-json\/wp\/v2\/product_tag?post=72556"}],"curies":[{"name":"wp","href":"https:\/\/api.w.org\/{rel}","templated":true}]}}