{"id":72540,"date":"2024-02-17T04:02:43","date_gmt":"2024-02-17T04:02:43","guid":{"rendered":"https:\/\/onlinehardwareshop.de\/index.php\/produkt\/tefal-snacking-r-2\/"},"modified":"2025-05-14T01:43:58","modified_gmt":"2025-05-14T01:43:58","slug":"tefal-snacking-r","status":"publish","type":"product","link":"https:\/\/onlinehardwareshop.de\/index.php\/produkt\/tefal-snacking-r\/","title":{"rendered":"Tefal Snacking &#038; Baking Zubeh&#xF6;r"},"content":{"rendered":"<p>Das Tefal Snacking and Baking Zubeh\u00f6r ist eine Backform f\u00fcr deinen Kontaktgrill, damit du auch Lasagnes und herzhafte Torten herstellen kannst. Oder du backst eine Pizza oder ein Brot in der Backform. Die Backform hat eine Antihaftbeschichtung, sodass Zutaten nicht haften bleiben und du dein Essen einfach herausholen kannst. Praktisch, weil so nicht die Unterseite deiner herzhaften Torte an der Form haften bleibt. Du bereitest Gerichte f\u00fcr zwei bis vier Personen in der Backform zu und nach der Verwendung reinigst du sie einfach im Geschirrsp\u00fcler.  Das Tefal Snacking and Baking Zubeh\u00f6r ist f\u00fcr den Tefal Optigrill+ und den Tefal Optigrill Elite geeignet.<\/p>\n","protected":false},"excerpt":{"rendered":"<p>Das Tefal Snacking and Baking Zubeh\u00f6r ist eine Backform f\u00fcr deinen Kontaktgrill, damit du auch Lasagnes und herzhafte Torten herstellen kannst. Oder du backst eine Pizza oder ein Brot in der Backform. Die Backform hat eine Antihaftbeschichtung, sodass Zutaten nicht haften bleiben und du dein Essen einfach herausholen kannst. Praktisch, weil so nicht die Unterseite deiner herzhaften Torte an der Form haften bleibt. Du bereitest Gerichte f\u00fcr zwei bis vier Personen in der Backform zu und nach der Verwendung reinigst du sie einfach im Geschirrsp\u00fcler.  Das Tefal Snacking and Baking Zubeh\u00f6r ist f\u00fcr den Tefal Optigrill+ und den Tefal Optigrill Elite geeignet.<\/p>\n","protected":false},"featured_media":0,"comment_status":"closed","ping_status":"open","template":"","meta":{"_acf_changed":false},"brand":[506],"product_brand":[],"product_cat":[300],"product_tag":[301],"class_list":{"0":"post-72540","1":"product","2":"type-product","3":"status-publish","5":"brand-tefal","6":"product_cat-kontaktgrills","7":"product_tag-contactgrills","8":"pa_condition-new","9":"pa_coolblue-de-verzending-morgen-gratis-geliefert","10":"pa_ean-4865","11":"pa_mpn-xa725870","13":"first","14":"instock","15":"product-type-external"},"acf":[],"_links":{"self":[{"href":"https:\/\/onlinehardwareshop.de\/index.php\/wp-json\/wp\/v2\/product\/72540","targetHints":{"allow":["GET"]}}],"collection":[{"href":"https:\/\/onlinehardwareshop.de\/index.php\/wp-json\/wp\/v2\/product"}],"about":[{"href":"https:\/\/onlinehardwareshop.de\/index.php\/wp-json\/wp\/v2\/types\/product"}],"replies":[{"embeddable":true,"href":"https:\/\/onlinehardwareshop.de\/index.php\/wp-json\/wp\/v2\/comments?post=72540"}],"wp:attachment":[{"href":"https:\/\/onlinehardwareshop.de\/index.php\/wp-json\/wp\/v2\/media?parent=72540"}],"wp:term":[{"taxonomy":"brand","embeddable":true,"href":"https:\/\/onlinehardwareshop.de\/index.php\/wp-json\/wp\/v2\/brand?post=72540"},{"taxonomy":"product_brand","embeddable":true,"href":"https:\/\/onlinehardwareshop.de\/index.php\/wp-json\/wp\/v2\/product_brand?post=72540"},{"taxonomy":"product_cat","embeddable":true,"href":"https:\/\/onlinehardwareshop.de\/index.php\/wp-json\/wp\/v2\/product_cat?post=72540"},{"taxonomy":"product_tag","embeddable":true,"href":"https:\/\/onlinehardwareshop.de\/index.php\/wp-json\/wp\/v2\/product_tag?post=72540"}],"curies":[{"name":"wp","href":"https:\/\/api.w.org\/{rel}","templated":true}]}}