{"id":72534,"date":"2024-10-04T01:00:22","date_gmt":"2024-10-04T01:00:22","guid":{"rendered":"https:\/\/onlinehardwareshop.de\/index.php\/produkt\/rode-lavalier-go-2\/"},"modified":"2025-05-14T01:43:27","modified_gmt":"2025-05-14T01:43:27","slug":"rode-lavalier-go","status":"publish","type":"product","link":"https:\/\/onlinehardwareshop.de\/index.php\/produkt\/rode-lavalier-go\/","title":{"rendered":"Rode Lavalier Go"},"content":{"rendered":"<p>Das Rode Lavalier Go ist ein kleines Mikrofon f\u00fcr den Wireless Go von Rode. Es verbessert die Tonqualit\u00e4t deiner Videos. Dank des kompakten Designs kannst du das Mikrofon problemlos mitnehmen. Das ist n\u00fctzlich f\u00fcr Journalisten oder Videografen, die h\u00e4ufig unterwegs sind. Au\u00dferdem kannst du das Mikrofon leicht verbergen, sodass es nicht im Bild ist. Du befestigst das Mikrofon mit einem Clip an deiner Kleidung. Mit diesem Clip kannst du gleichzeitig die Kabel des Mikrofons verbergen. Die Windschutzschirme reduzieren St\u00f6rger\u00e4usche. Die Richtcharakteristik ist kugelf\u00f6rmig und zeichnet den Ton in 360 Grad auf. \u00dcber den 3,5-mm-Klinken-TRS-Anschluss kannst du dieses Mikrofon an das Wireless Go, aber auch an andere Aufnahmeger\u00e4te mit diesem Anschluss anschlie\u00dfen.<\/p>\n","protected":false},"excerpt":{"rendered":"<p>Das Rode Lavalier Go ist ein kleines Mikrofon f\u00fcr den Wireless Go von Rode. Es verbessert die Tonqualit\u00e4t deiner Videos. Dank des kompakten Designs kannst du das Mikrofon problemlos mitnehmen. Das ist n\u00fctzlich f\u00fcr Journalisten oder Videografen, die h\u00e4ufig unterwegs sind. Au\u00dferdem kannst du das Mikrofon leicht verbergen, sodass es nicht im Bild ist. Du befestigst das Mikrofon mit einem Clip an deiner Kleidung. Mit diesem Clip kannst du gleichzeitig die Kabel des Mikrofons verbergen. Die Windschutzschirme reduzieren St\u00f6rger\u00e4usche. Die Richtcharakteristik ist kugelf\u00f6rmig und zeichnet den Ton in 360 Grad auf. \u00dcber den 3,5-mm-Klinken-TRS-Anschluss kannst du dieses Mikrofon an das Wireless Go, aber auch an andere Aufnahmeger\u00e4te mit diesem Anschluss anschlie\u00dfen.<\/p>\n","protected":false},"featured_media":0,"comment_status":"closed","ping_status":"open","template":"","meta":{"_acf_changed":false},"brand":[1569],"product_brand":[],"product_cat":[1570],"product_tag":[1571],"class_list":{"0":"post-72534","1":"product","2":"type-product","3":"status-publish","5":"brand-rode-microphones","6":"product_cat-kameramikrofone","7":"product_tag-cameramicrofoons","8":"pa_condition-new","9":"pa_coolblue-de-verzending-morgen-gratis-geliefert","10":"pa_ean-4854","11":"pa_mpn-rd109199","13":"first","14":"instock","15":"product-type-external"},"acf":[],"_links":{"self":[{"href":"https:\/\/onlinehardwareshop.de\/index.php\/wp-json\/wp\/v2\/product\/72534","targetHints":{"allow":["GET"]}}],"collection":[{"href":"https:\/\/onlinehardwareshop.de\/index.php\/wp-json\/wp\/v2\/product"}],"about":[{"href":"https:\/\/onlinehardwareshop.de\/index.php\/wp-json\/wp\/v2\/types\/product"}],"replies":[{"embeddable":true,"href":"https:\/\/onlinehardwareshop.de\/index.php\/wp-json\/wp\/v2\/comments?post=72534"}],"wp:attachment":[{"href":"https:\/\/onlinehardwareshop.de\/index.php\/wp-json\/wp\/v2\/media?parent=72534"}],"wp:term":[{"taxonomy":"brand","embeddable":true,"href":"https:\/\/onlinehardwareshop.de\/index.php\/wp-json\/wp\/v2\/brand?post=72534"},{"taxonomy":"product_brand","embeddable":true,"href":"https:\/\/onlinehardwareshop.de\/index.php\/wp-json\/wp\/v2\/product_brand?post=72534"},{"taxonomy":"product_cat","embeddable":true,"href":"https:\/\/onlinehardwareshop.de\/index.php\/wp-json\/wp\/v2\/product_cat?post=72534"},{"taxonomy":"product_tag","embeddable":true,"href":"https:\/\/onlinehardwareshop.de\/index.php\/wp-json\/wp\/v2\/product_tag?post=72534"}],"curies":[{"name":"wp","href":"https:\/\/api.w.org\/{rel}","templated":true}]}}