{"id":72531,"date":"2024-01-30T09:23:24","date_gmt":"2024-01-30T09:23:24","guid":{"rendered":"https:\/\/onlinehardwareshop.de\/index.php\/produkt\/logitech-c270-hd-webcam-2\/"},"modified":"2025-05-14T01:43:12","modified_gmt":"2025-05-14T01:43:12","slug":"logitech-c270-hd-webcam","status":"publish","type":"product","link":"https:\/\/onlinehardwareshop.de\/index.php\/produkt\/logitech-c270-hd-webcam\/","title":{"rendered":"Logitech C270 HD-Webcam"},"content":{"rendered":"<p>Mit der Logitech C270 HD Webcam kannst du mit deiner ganzen Familie Videoanrufe t\u00e4tigen. Du hast mit der ganzen Familie vor der Webcam Platz, denn mit dem Weitwinkelobjektiv ist jeder im Bild. Es spielt keine Rolle, ob es im Raum etwas heller oder dunkler wird. Die C270 passt die Helligkeit automatisch an, um eine Unter- oder \u00dcberbelichtung zu vermeiden. Aufgrund der Ger\u00e4uschunterdr\u00fcckung des Mikrofons st\u00f6ren die Gespr\u00e4chspartner keine Umgebungsger\u00e4usche. So verbringst du wertvolle Zeit mit der Familie.<\/p>\n","protected":false},"excerpt":{"rendered":"<p>Mit der Logitech C270 HD Webcam kannst du mit deiner ganzen Familie Videoanrufe t\u00e4tigen. Du hast mit der ganzen Familie vor der Webcam Platz, denn mit dem Weitwinkelobjektiv ist jeder im Bild. Es spielt keine Rolle, ob es im Raum etwas heller oder dunkler wird. Die C270 passt die Helligkeit automatisch an, um eine Unter- oder \u00dcberbelichtung zu vermeiden. Aufgrund der Ger\u00e4uschunterdr\u00fcckung des Mikrofons st\u00f6ren die Gespr\u00e4chspartner keine Umgebungsger\u00e4usche. So verbringst du wertvolle Zeit mit der Familie.<\/p>\n","protected":false},"featured_media":0,"comment_status":"closed","ping_status":"open","template":"","meta":{"_acf_changed":false},"brand":[32],"product_brand":[],"product_cat":[999],"product_tag":[1000],"class_list":{"0":"post-72531","1":"product","2":"type-product","3":"status-publish","5":"brand-logitech","6":"product_cat-webcams","7":"product_tag-webcams","8":"pa_condition-new","9":"pa_coolblue-de-verzending-morgen-gratis-geliefert","10":"pa_ean-4846","11":"pa_mpn-960-001063","13":"first","14":"instock","15":"product-type-external"},"acf":[],"_links":{"self":[{"href":"https:\/\/onlinehardwareshop.de\/index.php\/wp-json\/wp\/v2\/product\/72531","targetHints":{"allow":["GET"]}}],"collection":[{"href":"https:\/\/onlinehardwareshop.de\/index.php\/wp-json\/wp\/v2\/product"}],"about":[{"href":"https:\/\/onlinehardwareshop.de\/index.php\/wp-json\/wp\/v2\/types\/product"}],"replies":[{"embeddable":true,"href":"https:\/\/onlinehardwareshop.de\/index.php\/wp-json\/wp\/v2\/comments?post=72531"}],"wp:attachment":[{"href":"https:\/\/onlinehardwareshop.de\/index.php\/wp-json\/wp\/v2\/media?parent=72531"}],"wp:term":[{"taxonomy":"brand","embeddable":true,"href":"https:\/\/onlinehardwareshop.de\/index.php\/wp-json\/wp\/v2\/brand?post=72531"},{"taxonomy":"product_brand","embeddable":true,"href":"https:\/\/onlinehardwareshop.de\/index.php\/wp-json\/wp\/v2\/product_brand?post=72531"},{"taxonomy":"product_cat","embeddable":true,"href":"https:\/\/onlinehardwareshop.de\/index.php\/wp-json\/wp\/v2\/product_cat?post=72531"},{"taxonomy":"product_tag","embeddable":true,"href":"https:\/\/onlinehardwareshop.de\/index.php\/wp-json\/wp\/v2\/product_tag?post=72531"}],"curies":[{"name":"wp","href":"https:\/\/api.w.org\/{rel}","templated":true}]}}