{"id":72529,"date":"2024-11-14T14:56:05","date_gmt":"2024-11-14T14:56:05","guid":{"rendered":"https:\/\/onlinehardwareshop.de\/index.php\/produkt\/brabantia-bo-pedal-bin-2-x-30-liter-matt-black-2\/"},"modified":"2025-05-14T01:43:02","modified_gmt":"2025-05-14T01:43:02","slug":"brabantia-bo-pedal-bin-2-x-30-liter-matt-black","status":"publish","type":"product","link":"https:\/\/onlinehardwareshop.de\/index.php\/produkt\/brabantia-bo-pedal-bin-2-x-30-liter-matt-black\/","title":{"rendered":"Brabantia Bo Pedal Bin 2 x 30 Liter Matt Black"},"content":{"rendered":"<p>Mit dem Brabantia Bo Pedal Bin 2 x 30 Liter Matt Black trennst du dank der zwei Inneneimer deine Abf\u00e4lle m\u00fchelos. Praktisch, denn so trennst du beispielsweise Plastik- oder Biom\u00fcll leicht vom Restm\u00fcll. Die Inneneimer sind herausnehmbar, sodass du die M\u00fcllbeutel schnell wechselst und den M\u00fclleimer einfach reinigst. Das ist praktisch, wenn der eine Beutel schneller voll ist als der andere oder in einem Eimer etwas ausgelaufen ist. An den Seiten des M\u00fclleimers befinden sich zwei Griffe, womit du den M\u00fclleimer m\u00fchelos woanders hinstellst. Du \u00f6ffnest den M\u00fclleimer mit dem Fu\u00df, sodass du die H\u00e4nde f\u00fcr den Abfall frei hast. Der Deckel bleibt dabei sauber, da du ihn beim \u00d6ffnen nicht ber\u00fchrst.<\/p>\n","protected":false},"excerpt":{"rendered":"<p>Mit dem Brabantia Bo Pedal Bin 2 x 30 Liter Matt Black trennst du dank der zwei Inneneimer deine Abf\u00e4lle m\u00fchelos. Praktisch, denn so trennst du beispielsweise Plastik- oder Biom\u00fcll leicht vom Restm\u00fcll. Die Inneneimer sind herausnehmbar, sodass du die M\u00fcllbeutel schnell wechselst und den M\u00fclleimer einfach reinigst. Das ist praktisch, wenn der eine Beutel schneller voll ist als der andere oder in einem Eimer etwas ausgelaufen ist. An den Seiten des M\u00fclleimers befinden sich zwei Griffe, womit du den M\u00fclleimer m\u00fchelos woanders hinstellst. Du \u00f6ffnest den M\u00fclleimer mit dem Fu\u00df, sodass du die H\u00e4nde f\u00fcr den Abfall frei hast. Der Deckel bleibt dabei sauber, da du ihn beim \u00d6ffnen nicht ber\u00fchrst.<\/p>\n","protected":false},"featured_media":0,"comment_status":"closed","ping_status":"open","template":"","meta":{"_acf_changed":false},"brand":[66],"product_brand":[],"product_cat":[653],"product_tag":[654],"class_list":{"0":"post-72529","1":"product","2":"type-product","3":"status-publish","5":"brand-brabantia","6":"product_cat-mlleimer","7":"product_tag-prullenbakken-keuken-met-afvalscheiding","8":"pa_condition-new","9":"pa_coolblue-de-verzending-morgen-gratis-geliefert","10":"pa_ean-28404","11":"pa_mpn-28405","13":"first","14":"instock","15":"product-type-external"},"acf":[],"_links":{"self":[{"href":"https:\/\/onlinehardwareshop.de\/index.php\/wp-json\/wp\/v2\/product\/72529","targetHints":{"allow":["GET"]}}],"collection":[{"href":"https:\/\/onlinehardwareshop.de\/index.php\/wp-json\/wp\/v2\/product"}],"about":[{"href":"https:\/\/onlinehardwareshop.de\/index.php\/wp-json\/wp\/v2\/types\/product"}],"replies":[{"embeddable":true,"href":"https:\/\/onlinehardwareshop.de\/index.php\/wp-json\/wp\/v2\/comments?post=72529"}],"wp:attachment":[{"href":"https:\/\/onlinehardwareshop.de\/index.php\/wp-json\/wp\/v2\/media?parent=72529"}],"wp:term":[{"taxonomy":"brand","embeddable":true,"href":"https:\/\/onlinehardwareshop.de\/index.php\/wp-json\/wp\/v2\/brand?post=72529"},{"taxonomy":"product_brand","embeddable":true,"href":"https:\/\/onlinehardwareshop.de\/index.php\/wp-json\/wp\/v2\/product_brand?post=72529"},{"taxonomy":"product_cat","embeddable":true,"href":"https:\/\/onlinehardwareshop.de\/index.php\/wp-json\/wp\/v2\/product_cat?post=72529"},{"taxonomy":"product_tag","embeddable":true,"href":"https:\/\/onlinehardwareshop.de\/index.php\/wp-json\/wp\/v2\/product_tag?post=72529"}],"curies":[{"name":"wp","href":"https:\/\/api.w.org\/{rel}","templated":true}]}}