{"id":72516,"date":"2024-04-23T20:33:16","date_gmt":"2024-04-23T20:33:16","guid":{"rendered":"https:\/\/onlinehardwareshop.de\/index.php\/produkt\/hp-color-laser-mfp-178nw-2\/"},"modified":"2025-05-14T01:41:52","modified_gmt":"2025-05-14T01:41:52","slug":"hp-color-laser-mfp-178nw","status":"publish","type":"product","link":"https:\/\/onlinehardwareshop.de\/index.php\/produkt\/hp-color-laser-mfp-178nw\/","title":{"rendered":"HP Color Laser MFP 178nw"},"content":{"rendered":"<p>Mit dem HP Color Laser MFP 178nw druckst, scannst und kopierst du in Farbe. Mit einer Druckgeschwindigkeit von bis zu 18 Seiten pro Minute eignet sich dieser Drucker f\u00fcr Intensivnutzer zu Hause oder f\u00fcr die Mitarbeiter eines Kleinunternehmens. Du scannst verschiedene Dokumente wie Ausweise oder B\u00fccher. Text machst du mit der OCR-Funktion bearbeitungsf\u00e4hig und B\u00fccher speicherst du als E-Book. Du verbindest den 178nw mit einem Kabel oder kabellos mit deinem Netzwerk. Anschlie\u00dfend kannst du m\u00fchelos von deinem Computer, Laptop, Tablet oder Smartphone aus drucken. Zudem druckst du ohne Weiteres \u00fcber WLAN oder Wi-Fi Direct.<\/p>\n<p> Drucker mit dynamischer Sicherheit<\/p>\n<p> Bestimmte HP-Drucker sind daf\u00fcr ausgelegt, nur mit Patronen zu funktionieren, die neue oder wiederverwendete HP-Chips oder elektronische HP-Schaltkreise aufweisen. Diese Drucker nutzen dynamische Sicherheitsfunktionen, um Patronen zu blockieren, die mit einem Chip oder einer elektronischen Schaltung ausgestattet sind, die nicht von HP stammen. Die Wirksamkeit dieser Funktionen wird durch regelm\u00e4\u00dfige Firmware-Updates garantiert, sodass auch Patronen blockiert werden, die fr\u00fcher durchaus funktioniert haben. Wiederverwendete HP-Chips und elektronische HP-Schaltungen erm\u00f6glichen die Nutzung wiederverwendeter, recycelter und neu bef\u00fcllter Patronen.<\/p>\n","protected":false},"excerpt":{"rendered":"<p>Mit dem HP Color Laser MFP 178nw druckst, scannst und kopierst du in Farbe. Mit einer Druckgeschwindigkeit von bis zu 18 Seiten pro Minute eignet sich dieser Drucker f\u00fcr Intensivnutzer zu Hause oder f\u00fcr die Mitarbeiter eines Kleinunternehmens. Du scannst verschiedene Dokumente wie Ausweise oder B\u00fccher. Text machst du mit der OCR-Funktion bearbeitungsf\u00e4hig und B\u00fccher speicherst du als E-Book. Du verbindest den 178nw mit einem Kabel oder kabellos mit deinem Netzwerk. Anschlie\u00dfend kannst du m\u00fchelos von deinem Computer, Laptop, Tablet oder Smartphone aus drucken. Zudem druckst du ohne Weiteres \u00fcber WLAN oder Wi-Fi Direct.<\/p>\n<p> Drucker mit dynamischer Sicherheit<\/p>\n<p> Bestimmte HP-Drucker sind daf\u00fcr ausgelegt, nur mit Patronen zu funktionieren, die neue oder wiederverwendete HP-Chips oder elektronische HP-Schaltkreise aufweisen. Diese Drucker nutzen dynamische Sicherheitsfunktionen, um Patronen zu blockieren, die mit einem Chip oder einer elektronischen Schaltung ausgestattet sind, die nicht von HP stammen. Die Wirksamkeit dieser Funktionen wird durch regelm\u00e4\u00dfige Firmware-Updates garantiert, sodass auch Patronen blockiert werden, die fr\u00fcher durchaus funktioniert haben. Wiederverwendete HP-Chips und elektronische HP-Schaltungen erm\u00f6glichen die Nutzung wiederverwendeter, recycelter und neu bef\u00fcllter Patronen.<\/p>\n","protected":false},"featured_media":0,"comment_status":"closed","ping_status":"open","template":"","meta":{"_acf_changed":false},"brand":[90],"product_brand":[],"product_cat":[2205],"product_tag":[4823],"class_list":{"0":"post-72516","1":"product","2":"type-product","3":"status-publish","5":"brand-hp","6":"product_cat-drucker","7":"product_tag-laserprinters","8":"pa_condition-new","9":"pa_coolblue-de-verzending-morgen-gratis-geliefert","10":"pa_ean-4824","11":"pa_mpn-4zb96a","13":"first","14":"instock","15":"product-type-external"},"acf":[],"_links":{"self":[{"href":"https:\/\/onlinehardwareshop.de\/index.php\/wp-json\/wp\/v2\/product\/72516","targetHints":{"allow":["GET"]}}],"collection":[{"href":"https:\/\/onlinehardwareshop.de\/index.php\/wp-json\/wp\/v2\/product"}],"about":[{"href":"https:\/\/onlinehardwareshop.de\/index.php\/wp-json\/wp\/v2\/types\/product"}],"replies":[{"embeddable":true,"href":"https:\/\/onlinehardwareshop.de\/index.php\/wp-json\/wp\/v2\/comments?post=72516"}],"wp:attachment":[{"href":"https:\/\/onlinehardwareshop.de\/index.php\/wp-json\/wp\/v2\/media?parent=72516"}],"wp:term":[{"taxonomy":"brand","embeddable":true,"href":"https:\/\/onlinehardwareshop.de\/index.php\/wp-json\/wp\/v2\/brand?post=72516"},{"taxonomy":"product_brand","embeddable":true,"href":"https:\/\/onlinehardwareshop.de\/index.php\/wp-json\/wp\/v2\/product_brand?post=72516"},{"taxonomy":"product_cat","embeddable":true,"href":"https:\/\/onlinehardwareshop.de\/index.php\/wp-json\/wp\/v2\/product_cat?post=72516"},{"taxonomy":"product_tag","embeddable":true,"href":"https:\/\/onlinehardwareshop.de\/index.php\/wp-json\/wp\/v2\/product_tag?post=72516"}],"curies":[{"name":"wp","href":"https:\/\/api.w.org\/{rel}","templated":true}]}}