{"id":72514,"date":"2024-06-14T16:29:51","date_gmt":"2024-06-14T16:29:51","guid":{"rendered":"https:\/\/onlinehardwareshop.de\/index.php\/produkt\/lacie-rugged-ssd-pro-2tb-2\/"},"modified":"2025-05-14T01:41:42","modified_gmt":"2025-05-14T01:41:42","slug":"lacie-rugged-ssd-pro-2tb","status":"publish","type":"product","link":"https:\/\/onlinehardwareshop.de\/index.php\/produkt\/lacie-rugged-ssd-pro-2tb\/","title":{"rendered":"LaCie Rugged SSD Pro 2TB"},"content":{"rendered":"<p>Die LaCie Rugged SSD Pro 2\u00a0TB ist eine extrem schnelle tragbare SSD, die einiges aush\u00e4lt. \u00dcber den Thunderbolt-3-Anschluss \u00fcbertr\u00e4gst du Dateien mit einer Geschwindigkeit von bis zu 2.800\u00a0MB\/s. Den gesamten Inhalt dieser 2-TB-SSD \u00fcbertr\u00e4gst du somit in weniger als zw\u00f6lf Minuten. Mit 2\u00a0TB Speicherplatz speicherst du 200.000 Fotos von je 10\u00a0MB oder 200 Filme von je 10\u00a0GB. Der robuste Sto\u00dff\u00e4nger sch\u00fctzt die SSD vor Spritzwasser, Staub, einem Druck von bis zu einer Tonne und einem Fall aus bis zu drei Metern H\u00f6he. Das ist beispielsweise praktisch, wenn du reist oder auf einer Baustelle arbeitest. Falls innerhalb von f\u00fcnf Jahren doch etwas mit der Festplatte schiefgehen sollte, repariert Seagate Rescue Service sie wieder f\u00fcr dich. So verlierst du deine kostbaren Fotos und Dateien ganz bestimmt nicht. Die Rugged SSD Pro passt mit ihrer Gr\u00f6\u00dfe von 6,5 x 9,8\u00a0cm au\u00dferdem ganz einfach in deine Tasche oder Jackentasche. Durch die Datenverschl\u00fcsselung und den Passwortschutz bleiben deine Daten gesch\u00fctzt.<\/p>\n","protected":false},"excerpt":{"rendered":"<p>Die LaCie Rugged SSD Pro 2\u00a0TB ist eine extrem schnelle tragbare SSD, die einiges aush\u00e4lt. \u00dcber den Thunderbolt-3-Anschluss \u00fcbertr\u00e4gst du Dateien mit einer Geschwindigkeit von bis zu 2.800\u00a0MB\/s. Den gesamten Inhalt dieser 2-TB-SSD \u00fcbertr\u00e4gst du somit in weniger als zw\u00f6lf Minuten. Mit 2\u00a0TB Speicherplatz speicherst du 200.000 Fotos von je 10\u00a0MB oder 200 Filme von je 10\u00a0GB. Der robuste Sto\u00dff\u00e4nger sch\u00fctzt die SSD vor Spritzwasser, Staub, einem Druck von bis zu einer Tonne und einem Fall aus bis zu drei Metern H\u00f6he. Das ist beispielsweise praktisch, wenn du reist oder auf einer Baustelle arbeitest. Falls innerhalb von f\u00fcnf Jahren doch etwas mit der Festplatte schiefgehen sollte, repariert Seagate Rescue Service sie wieder f\u00fcr dich. So verlierst du deine kostbaren Fotos und Dateien ganz bestimmt nicht. Die Rugged SSD Pro passt mit ihrer Gr\u00f6\u00dfe von 6,5 x 9,8\u00a0cm au\u00dferdem ganz einfach in deine Tasche oder Jackentasche. Durch die Datenverschl\u00fcsselung und den Passwortschutz bleiben deine Daten gesch\u00fctzt.<\/p>\n","protected":false},"featured_media":0,"comment_status":"closed","ping_status":"open","template":"","meta":{"_acf_changed":false},"brand":[2394],"product_brand":[],"product_cat":[4819],"product_tag":[4820],"class_list":{"0":"post-72514","1":"product","2":"type-product","3":"status-publish","5":"brand-lacie","6":"product_cat-externe-ssds","7":"product_tag-harde-schijven-extern-ssd","8":"pa_condition-new","9":"pa_coolblue-de-verzending-morgen-gratis-geliefert","10":"pa_ean-4817","11":"pa_mpn-sthz2000800","13":"first","14":"instock","15":"product-type-external"},"acf":[],"_links":{"self":[{"href":"https:\/\/onlinehardwareshop.de\/index.php\/wp-json\/wp\/v2\/product\/72514","targetHints":{"allow":["GET"]}}],"collection":[{"href":"https:\/\/onlinehardwareshop.de\/index.php\/wp-json\/wp\/v2\/product"}],"about":[{"href":"https:\/\/onlinehardwareshop.de\/index.php\/wp-json\/wp\/v2\/types\/product"}],"replies":[{"embeddable":true,"href":"https:\/\/onlinehardwareshop.de\/index.php\/wp-json\/wp\/v2\/comments?post=72514"}],"wp:attachment":[{"href":"https:\/\/onlinehardwareshop.de\/index.php\/wp-json\/wp\/v2\/media?parent=72514"}],"wp:term":[{"taxonomy":"brand","embeddable":true,"href":"https:\/\/onlinehardwareshop.de\/index.php\/wp-json\/wp\/v2\/brand?post=72514"},{"taxonomy":"product_brand","embeddable":true,"href":"https:\/\/onlinehardwareshop.de\/index.php\/wp-json\/wp\/v2\/product_brand?post=72514"},{"taxonomy":"product_cat","embeddable":true,"href":"https:\/\/onlinehardwareshop.de\/index.php\/wp-json\/wp\/v2\/product_cat?post=72514"},{"taxonomy":"product_tag","embeddable":true,"href":"https:\/\/onlinehardwareshop.de\/index.php\/wp-json\/wp\/v2\/product_tag?post=72514"}],"curies":[{"name":"wp","href":"https:\/\/api.w.org\/{rel}","templated":true}]}}