{"id":72509,"date":"2024-04-14T06:52:04","date_gmt":"2024-04-14T06:52:04","guid":{"rendered":"https:\/\/onlinehardwareshop.de\/index.php\/produkt\/babyliss-thermo-ceramic-rs035e-2\/"},"modified":"2025-05-14T01:41:13","modified_gmt":"2025-05-14T01:41:13","slug":"babyliss-thermo-ceramic-rs035e","status":"publish","type":"product","link":"https:\/\/onlinehardwareshop.de\/index.php\/produkt\/babyliss-thermo-ceramic-rs035e\/","title":{"rendered":"BaByliss Thermo Ceramic RS035E"},"content":{"rendered":"<p>Erzeuge dank der BaByliss Thermo Ceramic RS035E Volumen, Wellen oder Locken in deinem Haar. Dieses Set besteht aus 20 Lockenwicklern in drei unterschiedlichen Gr\u00f6\u00dfen, sodass dir eine nat\u00fcrlich wirkende Lockenpracht sicher ist. Anhand des Drehreglers am Lockenwickler stellst du die Temperatur zwischen 90\u00a0\u00b0C und 140\u00a0\u00b0C ein. Somit eignen sich die Wickler auch zum Locken von feinem und strapaziertem Haar. Nach rund f\u00fcnf Minuten sind die Lockenwickler einsatzbereit. Zum Feststecken dienen die mitgelieferten Haarnadeln und Haarklammern, die du mindestens 15 Minuten im Haar l\u00e4sst. Die Ionen-Technologie sorgt indes daf\u00fcr, dass das Haar nicht statisch aufgeladen ist, wenn du es von den Wicklern l\u00f6st. Das ist angenehm, denn so genie\u00dft du einfach die gl\u00e4nzende Lockenpracht.<\/p>\n","protected":false},"excerpt":{"rendered":"<p>Erzeuge dank der BaByliss Thermo Ceramic RS035E Volumen, Wellen oder Locken in deinem Haar. Dieses Set besteht aus 20 Lockenwicklern in drei unterschiedlichen Gr\u00f6\u00dfen, sodass dir eine nat\u00fcrlich wirkende Lockenpracht sicher ist. Anhand des Drehreglers am Lockenwickler stellst du die Temperatur zwischen 90\u00a0\u00b0C und 140\u00a0\u00b0C ein. Somit eignen sich die Wickler auch zum Locken von feinem und strapaziertem Haar. Nach rund f\u00fcnf Minuten sind die Lockenwickler einsatzbereit. Zum Feststecken dienen die mitgelieferten Haarnadeln und Haarklammern, die du mindestens 15 Minuten im Haar l\u00e4sst. Die Ionen-Technologie sorgt indes daf\u00fcr, dass das Haar nicht statisch aufgeladen ist, wenn du es von den Wicklern l\u00f6st. Das ist angenehm, denn so genie\u00dft du einfach die gl\u00e4nzende Lockenpracht.<\/p>\n","protected":false},"featured_media":0,"comment_status":"closed","ping_status":"open","template":"","meta":{"_acf_changed":false},"brand":[514],"product_brand":[],"product_cat":[1589],"product_tag":[1590],"class_list":{"0":"post-72509","1":"product","2":"type-product","3":"status-publish","5":"brand-babyliss","6":"product_cat-lockenwickler","7":"product_tag-krulsets","8":"pa_condition-new","9":"pa_coolblue-de-verzending-morgen-gratis-geliefert","10":"pa_ean-4807","11":"pa_mpn-rs035e","13":"first","14":"instock","15":"product-type-external"},"acf":[],"_links":{"self":[{"href":"https:\/\/onlinehardwareshop.de\/index.php\/wp-json\/wp\/v2\/product\/72509","targetHints":{"allow":["GET"]}}],"collection":[{"href":"https:\/\/onlinehardwareshop.de\/index.php\/wp-json\/wp\/v2\/product"}],"about":[{"href":"https:\/\/onlinehardwareshop.de\/index.php\/wp-json\/wp\/v2\/types\/product"}],"replies":[{"embeddable":true,"href":"https:\/\/onlinehardwareshop.de\/index.php\/wp-json\/wp\/v2\/comments?post=72509"}],"wp:attachment":[{"href":"https:\/\/onlinehardwareshop.de\/index.php\/wp-json\/wp\/v2\/media?parent=72509"}],"wp:term":[{"taxonomy":"brand","embeddable":true,"href":"https:\/\/onlinehardwareshop.de\/index.php\/wp-json\/wp\/v2\/brand?post=72509"},{"taxonomy":"product_brand","embeddable":true,"href":"https:\/\/onlinehardwareshop.de\/index.php\/wp-json\/wp\/v2\/product_brand?post=72509"},{"taxonomy":"product_cat","embeddable":true,"href":"https:\/\/onlinehardwareshop.de\/index.php\/wp-json\/wp\/v2\/product_cat?post=72509"},{"taxonomy":"product_tag","embeddable":true,"href":"https:\/\/onlinehardwareshop.de\/index.php\/wp-json\/wp\/v2\/product_tag?post=72509"}],"curies":[{"name":"wp","href":"https:\/\/api.w.org\/{rel}","templated":true}]}}