{"id":72507,"date":"2024-08-31T03:25:03","date_gmt":"2024-08-31T03:25:03","guid":{"rendered":"https:\/\/onlinehardwareshop.de\/index.php\/produkt\/sandisk-microsdxc-extreme-gaming-256gb-nintendo-licensed-2\/"},"modified":"2025-05-14T01:40:57","modified_gmt":"2025-05-14T01:40:57","slug":"sandisk-microsdxc-extreme-gaming-256gb-nintendo-licensed","status":"publish","type":"product","link":"https:\/\/onlinehardwareshop.de\/index.php\/produkt\/sandisk-microsdxc-extreme-gaming-256gb-nintendo-licensed\/","title":{"rendered":"SanDisk MicroSDXC Extreme Gaming 256&#xA0;GB (Nintendo licensed)"},"content":{"rendered":"<p>Bei der MicroSDXC Extreme Gaming 256\u00a0GB 100\u00a0MB \/ 90\u00a0MB handelt es sich um eine microSDXC-Karte f\u00fcr deine Nintendo Switch. MicroSDXC steht f\u00fcr Micro Secure Digital Extended Capacity. Das bedeutet, dass diese kleine Karte einen \u00fcberraschend gro\u00dfen Speicherplatz von 256\u00a0GB hat. Dadurch lassen sich dutzende Switch-Games und tausende Savegame-Dateien speichern. Diese microSD geh\u00f6rt zur Geschwindigkeitsklasse 10, hat eine Lesegeschwindigkeit von 100\u00a0MB\/s und eine Schreibgeschwindigkeit von 90\u00a0MB\/s. Dadurch lassen sich Spiele mit hoher Geschwindigkeit herunterladen und \u00f6ffnen.<\/p>\n","protected":false},"excerpt":{"rendered":"<p>Bei der MicroSDXC Extreme Gaming 256\u00a0GB 100\u00a0MB \/ 90\u00a0MB handelt es sich um eine microSDXC-Karte f\u00fcr deine Nintendo Switch. MicroSDXC steht f\u00fcr Micro Secure Digital Extended Capacity. Das bedeutet, dass diese kleine Karte einen \u00fcberraschend gro\u00dfen Speicherplatz von 256\u00a0GB hat. Dadurch lassen sich dutzende Switch-Games und tausende Savegame-Dateien speichern. Diese microSD geh\u00f6rt zur Geschwindigkeitsklasse 10, hat eine Lesegeschwindigkeit von 100\u00a0MB\/s und eine Schreibgeschwindigkeit von 90\u00a0MB\/s. Dadurch lassen sich Spiele mit hoher Geschwindigkeit herunterladen und \u00f6ffnen.<\/p>\n","protected":false},"featured_media":0,"comment_status":"closed","ping_status":"open","template":"","meta":{"_acf_changed":false},"brand":[991],"product_brand":[],"product_cat":[1848],"product_tag":[1849],"class_list":{"0":"post-72507","1":"product","2":"type-product","3":"status-publish","5":"brand-sandisk","6":"product_cat-speicherkarten","7":"product_tag-micro-sd-geheugenkaarten","8":"pa_condition-new","9":"pa_coolblue-de-verzending-morgen-gratis-geliefert","10":"pa_ean-4799","11":"pa_mpn-sdsqxao-256g-gnczn","13":"first","14":"instock","15":"product-type-external"},"acf":[],"_links":{"self":[{"href":"https:\/\/onlinehardwareshop.de\/index.php\/wp-json\/wp\/v2\/product\/72507","targetHints":{"allow":["GET"]}}],"collection":[{"href":"https:\/\/onlinehardwareshop.de\/index.php\/wp-json\/wp\/v2\/product"}],"about":[{"href":"https:\/\/onlinehardwareshop.de\/index.php\/wp-json\/wp\/v2\/types\/product"}],"replies":[{"embeddable":true,"href":"https:\/\/onlinehardwareshop.de\/index.php\/wp-json\/wp\/v2\/comments?post=72507"}],"wp:attachment":[{"href":"https:\/\/onlinehardwareshop.de\/index.php\/wp-json\/wp\/v2\/media?parent=72507"}],"wp:term":[{"taxonomy":"brand","embeddable":true,"href":"https:\/\/onlinehardwareshop.de\/index.php\/wp-json\/wp\/v2\/brand?post=72507"},{"taxonomy":"product_brand","embeddable":true,"href":"https:\/\/onlinehardwareshop.de\/index.php\/wp-json\/wp\/v2\/product_brand?post=72507"},{"taxonomy":"product_cat","embeddable":true,"href":"https:\/\/onlinehardwareshop.de\/index.php\/wp-json\/wp\/v2\/product_cat?post=72507"},{"taxonomy":"product_tag","embeddable":true,"href":"https:\/\/onlinehardwareshop.de\/index.php\/wp-json\/wp\/v2\/product_tag?post=72507"}],"curies":[{"name":"wp","href":"https:\/\/api.w.org\/{rel}","templated":true}]}}