{"id":72483,"date":"2024-05-07T00:16:15","date_gmt":"2024-05-07T00:16:15","guid":{"rendered":"https:\/\/onlinehardwareshop.de\/index.php\/produkt\/epson-ecotank-et-m1120-2\/"},"modified":"2025-05-14T01:38:48","modified_gmt":"2025-05-14T01:38:48","slug":"epson-ecotank-et-m1120","status":"publish","type":"product","link":"https:\/\/onlinehardwareshop.de\/index.php\/produkt\/epson-ecotank-et-m1120\/","title":{"rendered":"Epson EcoTank ET-M1120"},"content":{"rendered":"<p>Mit dem Epson EcoTank ET-M1120 druckst du in hoher Geschwindigkeit Schwarzwei\u00df-Dokumente aus. Dieser Einzelfunktionsdrucker kann nur drucken, sodass du nicht f\u00fcr Funktionen bezahlst, die du nicht ben\u00f6tigst. Mit einer Druckgeschwindigkeit von 15\u00a0Seiten pro Minute (ISO) musst du nie lang auf deinen Ausdruck warten. Der ET-M1120 verwendet keine Patronen. Stattdessen hat er einen Tintentank, den du selbst mit Tinte aus einer Flasche bef\u00fcllst. Das ist um ein Vielfaches g\u00fcnstiger als Patronen. Ein Ausdruck kostet nur 0,4\u00a0Cent. \u00dcber das WLAN kannst du diesen Drucker mit deinem PC, Laptop, Smartphone oder Tablet verbinden. Du sendest einen Druckauftrag kabellos an den ET-M1120 und dein erster Druck ist nach 6\u00a0Sekunden bereit.<\/p>\n","protected":false},"excerpt":{"rendered":"<p>Mit dem Epson EcoTank ET-M1120 druckst du in hoher Geschwindigkeit Schwarzwei\u00df-Dokumente aus. Dieser Einzelfunktionsdrucker kann nur drucken, sodass du nicht f\u00fcr Funktionen bezahlst, die du nicht ben\u00f6tigst. Mit einer Druckgeschwindigkeit von 15\u00a0Seiten pro Minute (ISO) musst du nie lang auf deinen Ausdruck warten. Der ET-M1120 verwendet keine Patronen. Stattdessen hat er einen Tintentank, den du selbst mit Tinte aus einer Flasche bef\u00fcllst. Das ist um ein Vielfaches g\u00fcnstiger als Patronen. Ein Ausdruck kostet nur 0,4\u00a0Cent. \u00dcber das WLAN kannst du diesen Drucker mit deinem PC, Laptop, Smartphone oder Tablet verbinden. Du sendest einen Druckauftrag kabellos an den ET-M1120 und dein erster Druck ist nach 6\u00a0Sekunden bereit.<\/p>\n","protected":false},"featured_media":0,"comment_status":"closed","ping_status":"open","template":"","meta":{"_acf_changed":false},"brand":[267],"product_brand":[],"product_cat":[2205],"product_tag":[4745],"class_list":{"0":"post-72483","1":"product","2":"type-product","3":"status-publish","5":"brand-epson","6":"product_cat-drucker","7":"product_tag-inkttank-printers","8":"pa_condition-new","9":"pa_coolblue-de-verzending-morgen-gratis-geliefert","10":"pa_ean-4743","11":"pa_mpn-c11cg96402","13":"first","14":"instock","15":"product-type-external"},"acf":[],"_links":{"self":[{"href":"https:\/\/onlinehardwareshop.de\/index.php\/wp-json\/wp\/v2\/product\/72483","targetHints":{"allow":["GET"]}}],"collection":[{"href":"https:\/\/onlinehardwareshop.de\/index.php\/wp-json\/wp\/v2\/product"}],"about":[{"href":"https:\/\/onlinehardwareshop.de\/index.php\/wp-json\/wp\/v2\/types\/product"}],"replies":[{"embeddable":true,"href":"https:\/\/onlinehardwareshop.de\/index.php\/wp-json\/wp\/v2\/comments?post=72483"}],"wp:attachment":[{"href":"https:\/\/onlinehardwareshop.de\/index.php\/wp-json\/wp\/v2\/media?parent=72483"}],"wp:term":[{"taxonomy":"brand","embeddable":true,"href":"https:\/\/onlinehardwareshop.de\/index.php\/wp-json\/wp\/v2\/brand?post=72483"},{"taxonomy":"product_brand","embeddable":true,"href":"https:\/\/onlinehardwareshop.de\/index.php\/wp-json\/wp\/v2\/product_brand?post=72483"},{"taxonomy":"product_cat","embeddable":true,"href":"https:\/\/onlinehardwareshop.de\/index.php\/wp-json\/wp\/v2\/product_cat?post=72483"},{"taxonomy":"product_tag","embeddable":true,"href":"https:\/\/onlinehardwareshop.de\/index.php\/wp-json\/wp\/v2\/product_tag?post=72483"}],"curies":[{"name":"wp","href":"https:\/\/api.w.org\/{rel}","templated":true}]}}