{"id":72479,"date":"2024-11-30T13:13:19","date_gmt":"2024-11-30T13:13:19","guid":{"rendered":"https:\/\/onlinehardwareshop.de\/index.php\/produkt\/astro-a50-headsetstation-ps4-2\/"},"modified":"2025-05-14T01:38:38","modified_gmt":"2025-05-14T01:38:38","slug":"astro-a50-headsetstation-ps4","status":"publish","type":"product","link":"https:\/\/onlinehardwareshop.de\/index.php\/produkt\/astro-a50-headsetstation-ps4\/","title":{"rendered":"Astro A50 Headset+Station PS4"},"content":{"rendered":"<p>Hinweis: Da Die PS4 Slim keinen optischen Audio-Eingang hat, funktioniert die Astro Base hier nicht.  Mit dem Astro A50 Kabellosem Gaming-Headset + Basisstation f\u00fcr die PS4 Schwarz h\u00f6rst du immer genau, wo sich deine Gegner gerade aufhalten. Dieses kabellose Headset verbindest du \u00fcber das USB-A-Kabel mit deinem PC oder deiner PlayStation\u00a04. So hast du beim Gaming keinen Kabelsalat. \u00dcber das MixAMP Pro und die Astro Command Center Software schaffst du die perfekte Balance zwischen deinen Chat-T\u00f6nen und dem Sound deiner Games. Mit Surround Sound genie\u00dft du einen 360-Grad-Sound deines Gameplays und wei\u00dft immer genau, aus welcher Richtung sich deine Gegner n\u00e4hern. So bist du ihnen immer einen Schritt voraus. Die durchschnittliche Akkulaufzeit des Headsets betr\u00e4gt 15 Stunden. So erlebst du ausgiebigen Gaming-Spa\u00df, ohne das Headset zwischendurch zu laden. Spielst du \u00f6fter im Single-Player-Modus oder ben\u00f6tigst kein Mikrofon? Dann klappe das Mikrofon vom Headset einfach ein.<\/p>\n","protected":false},"excerpt":{"rendered":"<p>Hinweis: Da Die PS4 Slim keinen optischen Audio-Eingang hat, funktioniert die Astro Base hier nicht.  Mit dem Astro A50 Kabellosem Gaming-Headset + Basisstation f\u00fcr die PS4 Schwarz h\u00f6rst du immer genau, wo sich deine Gegner gerade aufhalten. Dieses kabellose Headset verbindest du \u00fcber das USB-A-Kabel mit deinem PC oder deiner PlayStation\u00a04. So hast du beim Gaming keinen Kabelsalat. \u00dcber das MixAMP Pro und die Astro Command Center Software schaffst du die perfekte Balance zwischen deinen Chat-T\u00f6nen und dem Sound deiner Games. Mit Surround Sound genie\u00dft du einen 360-Grad-Sound deines Gameplays und wei\u00dft immer genau, aus welcher Richtung sich deine Gegner n\u00e4hern. So bist du ihnen immer einen Schritt voraus. Die durchschnittliche Akkulaufzeit des Headsets betr\u00e4gt 15 Stunden. So erlebst du ausgiebigen Gaming-Spa\u00df, ohne das Headset zwischendurch zu laden. Spielst du \u00f6fter im Single-Player-Modus oder ben\u00f6tigst kein Mikrofon? Dann klappe das Mikrofon vom Headset einfach ein.<\/p>\n","protected":false},"featured_media":0,"comment_status":"closed","ping_status":"open","template":"","meta":{"_acf_changed":false},"brand":[4738],"product_brand":[],"product_cat":[3435],"product_tag":[3436],"class_list":{"0":"post-72479","1":"product","2":"type-product","3":"status-publish","5":"brand-astro","6":"product_cat-gaming-headsets","7":"product_tag-gaming-headsets","8":"pa_condition-new","9":"pa_coolblue-de-verzending-morgen-gratis-geliefert","10":"pa_ean-4739","11":"pa_mpn-939-001676","13":"first","14":"instock","15":"product-type-external"},"acf":[],"_links":{"self":[{"href":"https:\/\/onlinehardwareshop.de\/index.php\/wp-json\/wp\/v2\/product\/72479","targetHints":{"allow":["GET"]}}],"collection":[{"href":"https:\/\/onlinehardwareshop.de\/index.php\/wp-json\/wp\/v2\/product"}],"about":[{"href":"https:\/\/onlinehardwareshop.de\/index.php\/wp-json\/wp\/v2\/types\/product"}],"replies":[{"embeddable":true,"href":"https:\/\/onlinehardwareshop.de\/index.php\/wp-json\/wp\/v2\/comments?post=72479"}],"wp:attachment":[{"href":"https:\/\/onlinehardwareshop.de\/index.php\/wp-json\/wp\/v2\/media?parent=72479"}],"wp:term":[{"taxonomy":"brand","embeddable":true,"href":"https:\/\/onlinehardwareshop.de\/index.php\/wp-json\/wp\/v2\/brand?post=72479"},{"taxonomy":"product_brand","embeddable":true,"href":"https:\/\/onlinehardwareshop.de\/index.php\/wp-json\/wp\/v2\/product_brand?post=72479"},{"taxonomy":"product_cat","embeddable":true,"href":"https:\/\/onlinehardwareshop.de\/index.php\/wp-json\/wp\/v2\/product_cat?post=72479"},{"taxonomy":"product_tag","embeddable":true,"href":"https:\/\/onlinehardwareshop.de\/index.php\/wp-json\/wp\/v2\/product_tag?post=72479"}],"curies":[{"name":"wp","href":"https:\/\/api.w.org\/{rel}","templated":true}]}}