{"id":72456,"date":"2024-02-22T18:58:09","date_gmt":"2024-02-22T18:58:09","guid":{"rendered":"https:\/\/onlinehardwareshop.de\/index.php\/produkt\/wacom-cintiq-22-2\/"},"modified":"2025-05-14T01:36:27","modified_gmt":"2025-05-14T01:36:27","slug":"wacom-cintiq-22","status":"publish","type":"product","link":"https:\/\/onlinehardwareshop.de\/index.php\/produkt\/wacom-cintiq-22\/","title":{"rendered":"Wacom Cintiq 22"},"content":{"rendered":"<p>Mit dem Wacom Cintiq 22 erstellst du zum Einstieg in den Kreativbereich die besten Zeichnungen auf dem eingebauten 22 Zoll gro\u00dfen Full-HD-Display. Du blickst also nicht mehr auf deinen Bildschirm, um zu sehen, was du gerade tust, sondern siehst, wie deine kreativen Ideen direkt auf dem Grafiktablett zum Leben erweckt werden. Mit dem mitgelieferten Wacom Pro Pen\u00a02 mit 8.192 Druckstufen f\u00fchlt es sich so an, als w\u00fcrdest du auf echtem Papier zeichnen. So bestimmst du genau, wie dick oder d\u00fcnn die Linien sind. Der Stift muss nicht separat aufgeladen werden, da er sich selbst \u00fcber das Cintiq-Tablet aufl\u00e4dt.  Hinweis: Da dieses Grafiktablett kein Stand-Alone-Modell ist, schlie\u00dft du es an deinen PC oder Laptop an.<\/p>\n","protected":false},"excerpt":{"rendered":"<p>Mit dem Wacom Cintiq 22 erstellst du zum Einstieg in den Kreativbereich die besten Zeichnungen auf dem eingebauten 22 Zoll gro\u00dfen Full-HD-Display. Du blickst also nicht mehr auf deinen Bildschirm, um zu sehen, was du gerade tust, sondern siehst, wie deine kreativen Ideen direkt auf dem Grafiktablett zum Leben erweckt werden. Mit dem mitgelieferten Wacom Pro Pen\u00a02 mit 8.192 Druckstufen f\u00fchlt es sich so an, als w\u00fcrdest du auf echtem Papier zeichnen. So bestimmst du genau, wie dick oder d\u00fcnn die Linien sind. Der Stift muss nicht separat aufgeladen werden, da er sich selbst \u00fcber das Cintiq-Tablet aufl\u00e4dt.  Hinweis: Da dieses Grafiktablett kein Stand-Alone-Modell ist, schlie\u00dft du es an deinen PC oder Laptop an.<\/p>\n","protected":false},"featured_media":0,"comment_status":"closed","ping_status":"open","template":"","meta":{"_acf_changed":false},"brand":[556],"product_brand":[],"product_cat":[2653],"product_tag":[3571],"class_list":{"0":"post-72456","1":"product","2":"type-product","3":"status-publish","5":"brand-wacom","6":"product_cat-grafiktabletts","7":"product_tag-tekentablets-met-scherm","8":"pa_condition-new","9":"pa_coolblue-de-verzending-morgen-gratis-geliefert","10":"pa_ean-4692","11":"pa_mpn-dtk2260k0a","13":"first","14":"instock","15":"product-type-external"},"acf":[],"_links":{"self":[{"href":"https:\/\/onlinehardwareshop.de\/index.php\/wp-json\/wp\/v2\/product\/72456","targetHints":{"allow":["GET"]}}],"collection":[{"href":"https:\/\/onlinehardwareshop.de\/index.php\/wp-json\/wp\/v2\/product"}],"about":[{"href":"https:\/\/onlinehardwareshop.de\/index.php\/wp-json\/wp\/v2\/types\/product"}],"replies":[{"embeddable":true,"href":"https:\/\/onlinehardwareshop.de\/index.php\/wp-json\/wp\/v2\/comments?post=72456"}],"wp:attachment":[{"href":"https:\/\/onlinehardwareshop.de\/index.php\/wp-json\/wp\/v2\/media?parent=72456"}],"wp:term":[{"taxonomy":"brand","embeddable":true,"href":"https:\/\/onlinehardwareshop.de\/index.php\/wp-json\/wp\/v2\/brand?post=72456"},{"taxonomy":"product_brand","embeddable":true,"href":"https:\/\/onlinehardwareshop.de\/index.php\/wp-json\/wp\/v2\/product_brand?post=72456"},{"taxonomy":"product_cat","embeddable":true,"href":"https:\/\/onlinehardwareshop.de\/index.php\/wp-json\/wp\/v2\/product_cat?post=72456"},{"taxonomy":"product_tag","embeddable":true,"href":"https:\/\/onlinehardwareshop.de\/index.php\/wp-json\/wp\/v2\/product_tag?post=72456"}],"curies":[{"name":"wp","href":"https:\/\/api.w.org\/{rel}","templated":true}]}}