{"id":72443,"date":"2024-11-14T02:02:48","date_gmt":"2024-11-14T02:02:48","guid":{"rendered":"https:\/\/onlinehardwareshop.de\/index.php\/produkt\/magimix-le-glacier-15-wei-2\/"},"modified":"2025-05-14T01:35:21","modified_gmt":"2025-05-14T01:35:21","slug":"magimix-le-glacier-15-wei","status":"publish","type":"product","link":"https:\/\/onlinehardwareshop.de\/index.php\/produkt\/magimix-le-glacier-15-wei\/","title":{"rendered":"Magimix Le Glacier 1,5 Wei&#xDF;"},"content":{"rendered":"<p>Mit dem Magimix Le Glacier 1,5 COLOR kannst du innerhalb von 30 Minuten dein eigenes Eis auf den Tisch stellen. Praktisch, wenn du deinen Besuch mit einem k\u00f6stlichen Dessert \u00fcberraschen m\u00f6chtest oder wenn du spontan Lust auf Eis hast. Dank der praktischen Einf\u00fcll\u00f6ffnung kannst du beim Mischen problemlos Zutaten hinzuf\u00fcgen. Zum Beispiel Schokoladen- oder Obstst\u00fccke, die deinem Eis mehr Geschmack verleihen. Die Eismaschine ist kompakt, sodass du ihn problemlos verstauen kannst.<\/p>\n","protected":false},"excerpt":{"rendered":"<p>Mit dem Magimix Le Glacier 1,5 COLOR kannst du innerhalb von 30 Minuten dein eigenes Eis auf den Tisch stellen. Praktisch, wenn du deinen Besuch mit einem k\u00f6stlichen Dessert \u00fcberraschen m\u00f6chtest oder wenn du spontan Lust auf Eis hast. Dank der praktischen Einf\u00fcll\u00f6ffnung kannst du beim Mischen problemlos Zutaten hinzuf\u00fcgen. Zum Beispiel Schokoladen- oder Obstst\u00fccke, die deinem Eis mehr Geschmack verleihen. Die Eismaschine ist kompakt, sodass du ihn problemlos verstauen kannst.<\/p>\n","protected":false},"featured_media":0,"comment_status":"closed","ping_status":"open","template":"","meta":{"_acf_changed":false},"brand":[208],"product_brand":[],"product_cat":[340],"product_tag":[341],"class_list":{"0":"post-72443","1":"product","2":"type-product","3":"status-publish","5":"brand-magimix","6":"product_cat-eismaschinen","7":"product_tag-ijsmachines","8":"pa_condition-new","9":"pa_coolblue-de-verzending-morgen-gratis-geliefert","10":"pa_ean-4659","11":"pa_mpn-11667nl","13":"first","14":"instock","15":"product-type-external"},"acf":[],"_links":{"self":[{"href":"https:\/\/onlinehardwareshop.de\/index.php\/wp-json\/wp\/v2\/product\/72443","targetHints":{"allow":["GET"]}}],"collection":[{"href":"https:\/\/onlinehardwareshop.de\/index.php\/wp-json\/wp\/v2\/product"}],"about":[{"href":"https:\/\/onlinehardwareshop.de\/index.php\/wp-json\/wp\/v2\/types\/product"}],"replies":[{"embeddable":true,"href":"https:\/\/onlinehardwareshop.de\/index.php\/wp-json\/wp\/v2\/comments?post=72443"}],"wp:attachment":[{"href":"https:\/\/onlinehardwareshop.de\/index.php\/wp-json\/wp\/v2\/media?parent=72443"}],"wp:term":[{"taxonomy":"brand","embeddable":true,"href":"https:\/\/onlinehardwareshop.de\/index.php\/wp-json\/wp\/v2\/brand?post=72443"},{"taxonomy":"product_brand","embeddable":true,"href":"https:\/\/onlinehardwareshop.de\/index.php\/wp-json\/wp\/v2\/product_brand?post=72443"},{"taxonomy":"product_cat","embeddable":true,"href":"https:\/\/onlinehardwareshop.de\/index.php\/wp-json\/wp\/v2\/product_cat?post=72443"},{"taxonomy":"product_tag","embeddable":true,"href":"https:\/\/onlinehardwareshop.de\/index.php\/wp-json\/wp\/v2\/product_tag?post=72443"}],"curies":[{"name":"wp","href":"https:\/\/api.w.org\/{rel}","templated":true}]}}