{"id":72410,"date":"2025-02-06T09:18:54","date_gmt":"2025-02-06T09:18:54","guid":{"rendered":"https:\/\/onlinehardwareshop.de\/index.php\/produkt\/steiner-bluhorizons-10x26-2\/"},"modified":"2025-05-14T01:32:41","modified_gmt":"2025-05-14T01:32:41","slug":"steiner-bluhorizons-10x26","status":"publish","type":"product","link":"https:\/\/onlinehardwareshop.de\/index.php\/produkt\/steiner-bluhorizons-10x26\/","title":{"rendered":"Steiner BluHorizons 10&#215;26"},"content":{"rendered":"<p>Mit dem Steiner BluHorizons 10&#215;26 Fernglas kannst du die gesamte Action verfolgen, ohne von hellem Sonnenlicht geblendet zu werden. Dank der Autobright-Linsentechnologie kann sich das Fernglas an das Umgebungslicht anpassen. Das verhindert Lichtreflexe vom Wasser oder Schnee. Dadurch ist f\u00fcr ein scharfes und klares Bild gesorgt und erm\u00fcden die Augen weniger schnell. Mit dem Vergr\u00f6\u00dferungsfaktor 10 beobachtest du V\u00f6gel und andere Tiere aus der Ferne. Damit erh\u00e4ltst du ein detailliertes Bild. Mit dem Fast-Close-Fokus-System kannst du aus einer Entfernung von 2 Metern fokussieren und die Sch\u00e4rfe sehr schnell \u00e4ndern. Die robuste Konstruktion sch\u00fctzt das BluHorizons 10&#215;26 vor Feuchtigkeit und Schmutz und eignet sich daher f\u00fcr rauere Bedingungen. Durch die Gummierung hast du auch einen festen Griff.<\/p>\n","protected":false},"excerpt":{"rendered":"<p>Mit dem Steiner BluHorizons 10&#215;26 Fernglas kannst du die gesamte Action verfolgen, ohne von hellem Sonnenlicht geblendet zu werden. Dank der Autobright-Linsentechnologie kann sich das Fernglas an das Umgebungslicht anpassen. Das verhindert Lichtreflexe vom Wasser oder Schnee. Dadurch ist f\u00fcr ein scharfes und klares Bild gesorgt und erm\u00fcden die Augen weniger schnell. Mit dem Vergr\u00f6\u00dferungsfaktor 10 beobachtest du V\u00f6gel und andere Tiere aus der Ferne. Damit erh\u00e4ltst du ein detailliertes Bild. Mit dem Fast-Close-Fokus-System kannst du aus einer Entfernung von 2 Metern fokussieren und die Sch\u00e4rfe sehr schnell \u00e4ndern. Die robuste Konstruktion sch\u00fctzt das BluHorizons 10&#215;26 vor Feuchtigkeit und Schmutz und eignet sich daher f\u00fcr rauere Bedingungen. Durch die Gummierung hast du auch einen festen Griff.<\/p>\n","protected":false},"featured_media":0,"comment_status":"closed","ping_status":"open","template":"","meta":{"_acf_changed":false},"brand":[4578],"product_brand":[],"product_cat":[448],"product_tag":[1304],"class_list":{"0":"post-72410","1":"product","2":"type-product","3":"status-publish","5":"brand-steiner","6":"product_cat-fernglser","7":"product_tag-dakkant-verrekijkers","8":"pa_condition-new","9":"pa_coolblue-de-verzending-morgen-gratis-geliefert","10":"pa_ean-4576","11":"pa_mpn-f20440900","13":"first","14":"instock","15":"product-type-external"},"acf":[],"_links":{"self":[{"href":"https:\/\/onlinehardwareshop.de\/index.php\/wp-json\/wp\/v2\/product\/72410","targetHints":{"allow":["GET"]}}],"collection":[{"href":"https:\/\/onlinehardwareshop.de\/index.php\/wp-json\/wp\/v2\/product"}],"about":[{"href":"https:\/\/onlinehardwareshop.de\/index.php\/wp-json\/wp\/v2\/types\/product"}],"replies":[{"embeddable":true,"href":"https:\/\/onlinehardwareshop.de\/index.php\/wp-json\/wp\/v2\/comments?post=72410"}],"wp:attachment":[{"href":"https:\/\/onlinehardwareshop.de\/index.php\/wp-json\/wp\/v2\/media?parent=72410"}],"wp:term":[{"taxonomy":"brand","embeddable":true,"href":"https:\/\/onlinehardwareshop.de\/index.php\/wp-json\/wp\/v2\/brand?post=72410"},{"taxonomy":"product_brand","embeddable":true,"href":"https:\/\/onlinehardwareshop.de\/index.php\/wp-json\/wp\/v2\/product_brand?post=72410"},{"taxonomy":"product_cat","embeddable":true,"href":"https:\/\/onlinehardwareshop.de\/index.php\/wp-json\/wp\/v2\/product_cat?post=72410"},{"taxonomy":"product_tag","embeddable":true,"href":"https:\/\/onlinehardwareshop.de\/index.php\/wp-json\/wp\/v2\/product_tag?post=72410"}],"curies":[{"name":"wp","href":"https:\/\/api.w.org\/{rel}","templated":true}]}}