{"id":72399,"date":"2024-03-31T02:58:45","date_gmt":"2024-03-31T02:58:45","guid":{"rendered":"https:\/\/onlinehardwareshop.de\/index.php\/produkt\/russell-hobbs-chalkboard-slowcooker-35-liter-2\/"},"modified":"2025-05-14T01:31:39","modified_gmt":"2025-05-14T01:31:39","slug":"russell-hobbs-chalkboard-slowcooker-35-liter","status":"publish","type":"product","link":"https:\/\/onlinehardwareshop.de\/index.php\/produkt\/russell-hobbs-chalkboard-slowcooker-35-liter\/","title":{"rendered":"Russell Hobbs Chalkboard Slowcooker 3,5 Liter"},"content":{"rendered":"<p>Mit dem Russell Hobbs Chalkboard Slowcooker 3,5 Liter stellst du nicht nur eine k\u00f6stliche Mahlzeit auf den Tisch, sondern versch\u00f6nerst auch den Topf selbst. Der gesamte Topf hat eine Oberfl\u00e4che, die du mit Kreide beschreiben kannst. Super! Denn so kannst du das Tagesmen\u00fc auf den Topf setzen oder eine Nachricht f\u00fcr die Person schreiben, die sp\u00e4ter isst. Mit einer Kapazit\u00e4t von 3,5 Litern kannst du Gerichte f\u00fcr ca. vier Personen zubereiten, ohne den Topf im Auge behalten zu m\u00fcssen. Bereite ein sch\u00f6nes St\u00fcck Fleisch, einen vegetarischen Auflauf oder einen k\u00f6stlichen Topf Chili zu. In der Gebrauchsanleitung kannst du genau lesen, wie du verschiedene Zutaten im Slowcooker am besten zubereiten kannst.<\/p>\n","protected":false},"excerpt":{"rendered":"<p>Mit dem Russell Hobbs Chalkboard Slowcooker 3,5 Liter stellst du nicht nur eine k\u00f6stliche Mahlzeit auf den Tisch, sondern versch\u00f6nerst auch den Topf selbst. Der gesamte Topf hat eine Oberfl\u00e4che, die du mit Kreide beschreiben kannst. Super! Denn so kannst du das Tagesmen\u00fc auf den Topf setzen oder eine Nachricht f\u00fcr die Person schreiben, die sp\u00e4ter isst. Mit einer Kapazit\u00e4t von 3,5 Litern kannst du Gerichte f\u00fcr ca. vier Personen zubereiten, ohne den Topf im Auge behalten zu m\u00fcssen. Bereite ein sch\u00f6nes St\u00fcck Fleisch, einen vegetarischen Auflauf oder einen k\u00f6stlichen Topf Chili zu. In der Gebrauchsanleitung kannst du genau lesen, wie du verschiedene Zutaten im Slowcooker am besten zubereiten kannst.<\/p>\n","protected":false},"featured_media":0,"comment_status":"closed","ping_status":"open","template":"","meta":{"_acf_changed":false},"brand":[734],"product_brand":[],"product_cat":[536],"product_tag":[537],"class_list":{"0":"post-72399","1":"product","2":"type-product","3":"status-publish","5":"brand-russell-hobbs","6":"product_cat-slowcooker","7":"product_tag-slowcookers","8":"pa_condition-new","9":"pa_coolblue-de-verzending-morgen-gratis-geliefert","10":"pa_ean-4552","11":"pa_mpn-24180-56","13":"first","14":"instock","15":"product-type-external"},"acf":[],"_links":{"self":[{"href":"https:\/\/onlinehardwareshop.de\/index.php\/wp-json\/wp\/v2\/product\/72399","targetHints":{"allow":["GET"]}}],"collection":[{"href":"https:\/\/onlinehardwareshop.de\/index.php\/wp-json\/wp\/v2\/product"}],"about":[{"href":"https:\/\/onlinehardwareshop.de\/index.php\/wp-json\/wp\/v2\/types\/product"}],"replies":[{"embeddable":true,"href":"https:\/\/onlinehardwareshop.de\/index.php\/wp-json\/wp\/v2\/comments?post=72399"}],"wp:attachment":[{"href":"https:\/\/onlinehardwareshop.de\/index.php\/wp-json\/wp\/v2\/media?parent=72399"}],"wp:term":[{"taxonomy":"brand","embeddable":true,"href":"https:\/\/onlinehardwareshop.de\/index.php\/wp-json\/wp\/v2\/brand?post=72399"},{"taxonomy":"product_brand","embeddable":true,"href":"https:\/\/onlinehardwareshop.de\/index.php\/wp-json\/wp\/v2\/product_brand?post=72399"},{"taxonomy":"product_cat","embeddable":true,"href":"https:\/\/onlinehardwareshop.de\/index.php\/wp-json\/wp\/v2\/product_cat?post=72399"},{"taxonomy":"product_tag","embeddable":true,"href":"https:\/\/onlinehardwareshop.de\/index.php\/wp-json\/wp\/v2\/product_tag?post=72399"}],"curies":[{"name":"wp","href":"https:\/\/api.w.org\/{rel}","templated":true}]}}